{"id":180,"date":"2021-06-09T09:57:59","date_gmt":"2021-06-09T07:57:59","guid":{"rendered":"https:\/\/ame-psyrituelle.com\/?page_id=180"},"modified":"2021-06-18T15:49:18","modified_gmt":"2021-06-18T13:49:18","slug":"conditions-generales-de-vente","status":"publish","type":"page","link":"https:\/\/ame-psyrituelle.com\/index.php\/conditions-generales-de-vente\/","title":{"rendered":"Conditions g\u00e9n\u00e9rales de vente"},"content":{"rendered":"<p>&nbsp;<\/p>\n<h2>Conditions g\u00e9n\u00e9rales de Vente<\/h2>\n<h3>1. Objet<\/h3>\n<p><strong><span class=\"s1\">Mar\u00eame Diongue \u2013 \u00c2me PsyRituelle <\/span><\/strong><span class=\"s1\">propose des suivis psychologiques, des soins \u00e9nerg\u00e9tiques et autres prestations de d\u00e9veloppement personnel.<\/span><\/p>\n<p class=\"p3\">Les conditions g\u00e9n\u00e9rales de vente d\u00e9crites ci-apr\u00e8s ont pour objet de fixer les r\u00e8gles qui r\u00e9gissent les relations contractuelles entre d\u2019une part et d\u2019autre part le ou la consultante qui effectue un achat produit\/rendez-vous de prestation de services propos\u00e9s sur son site <strong>www.ame-psyrituelle.com<\/strong><\/p>\n<p class=\"p4\"><span class=\"s1\">Les pr\u00e9sentes s\u2019appliquent \u00e0 toute demande de consultation et de rendez-vous qui en r\u00e9sulterait pass\u00e9e par des particuliers agissants, \u00e0 titre personnel, en qualit\u00e9 de consommateurs aupr\u00e8s de <strong>Mar\u00eame Diongue \u2013 \u00c2me PsyRituelle <\/strong>sur son site Internet accessible \u00e0 l\u2019adresse suivante <a href=\"https:\/\/ame-psyrituelle.com\/\">https:\/\/ame-psyrituelle.com\/<\/a><\/span><\/p>\n<p>Toute prestation accomplie par <strong>Mar\u00eame Diongue \u2013 \u00c2me PsyRituelle<\/strong> implique donc l\u2019adh\u00e9sion sans r\u00e9serve du consultant aux pr\u00e9sentes conditions g\u00e9n\u00e9rales de vente qui pr\u00e9vaudront sur toutes autres conditions g\u00e9n\u00e9rales ou particuli\u00e8res non express\u00e9ment agr\u00e9\u00e9es par elle-m\u00eame.<\/p>\n<p><strong>Mar\u00eame Diongue \u2013 \u00c2me PsyRituelle<\/strong> se r\u00e9serve le droit de refuser une demande de consultation et donnera l&rsquo;explication au consultant par la m\u00eame<\/p>\n<p><strong>Mar\u00eame Diongue \u2013 \u00c2me PsyRituelle<\/strong> se r\u00e9serve la possibilit\u00e9 de modifier ses conditions g\u00e9n\u00e9rales de vente \u00e0 tout moment sans pr\u00e9avis : les conditions applicables seront celles en vigueur \u00e0 la date de la commande par le consultant.<\/p>\n<h3>2. Caract\u00e9ristiques des biens et prestations propos\u00e9s<\/h3>\n<p>Les produits et prestations sont propos\u00e9s dans la limite des cr\u00e9neaux disponibles et tant qu\u2019ils sont visibles sur le site. En cas d\u2019indisponibilit\u00e9 du produit ou service apr\u00e8s passation de la commande, <strong>Mar\u00eame Diongue \u2013 \u00c2me PsyRituelle<\/strong> en informera le consultant par mail : la r\u00e9servation sera automatiquement annul\u00e9e et aucun d\u00e9bit ne sera effectu\u00e9.<\/p>\n<p>L\u2019offre de vente des prestations de services et produits pr\u00e9sent\u00e9e sur le site est valable pour tous pays.<br \/>\nLes produits et prestations propos\u00e9s \u00e0 la vente font l\u2019objet sur le site d\u2019une description d\u00e9taill\u00e9e de leurs caract\u00e9ristiques principales. Il est toutefois possible que des erreurs non substantielles puissent figurer sur le site, ce que le client reconna\u00eet et accepte.<\/p>\n<p>Les photographies utilis\u00e9es \u00e0 l\u2019appui de la description ne peuvent assurer une similitude parfaite avec le produit offert.<\/p>\n<p><strong>Mar\u00eame Diongue \u2013 \u00c2me PsyRituelle<\/strong> s\u2019engage \u00e0 mettre en \u0153uvre tous les moyens dont elle dispose, selon le cadre de son exercice, pour la r\u00e9alisation du service propos\u00e9 sans toutefois en garantir le r\u00e9sultat. Chaque s\u00e9ance doit \u00eatre consid\u00e9r\u00e9e comme la volont\u00e9 de trouver un espace d&rsquo;\u00e9laboration et d&rsquo;accompagnement au changement de la part du consultant tout en gardant son discernement et sa capacit\u00e9 \u00e0 exercer son libre arbitre.<\/p>\n<h3>3. D\u00e9nomination du consultant<\/h3>\n<p class=\"p4\"><span class=\"s1\">Lors de toute commande d\u2019une prestation <\/span>ou d&rsquo;un produit, le consultant certifie \u00eatre une personne physique et majeure, disposant de sa capacit\u00e9 juridique et ne pas \u00eatre soumis \u00e0 une mesure de protection telle que tutelle, curatelle ou sauvegarde de justice.<\/p>\n<p class=\"p4\"><span class=\"s1\">Le consultant certifie \u00e9galement disposer de son libre consentement, remplir de bonne foi les formulaires et r\u00e9pondre aux questions pr\u00e9vues par\u00a0<strong>Mar\u00eame Diongue \u2013 \u00c2me PsyRituelle<\/strong> permettant ainsi de mener \u00e0 bien les s\u00e9ances propos\u00e9es par\u00a0<strong>Mar\u00eame Diongue \u2013 \u00c2me PsyRituelle<\/strong>.\u00a0<\/span><\/p>\n<p class=\"p4\"><span class=\"s1\">Le consultant doit garantir la v\u00e9racit\u00e9 et l\u2019exactitude des informations qu\u2019il fournit et doit avoir la capacit\u00e9 juridique de contracter et d\u2019utiliser un site web.<\/span><\/p>\n<h3>4. Prix des produits et prestations<\/h3>\n<p>Les prix des produits et des prestations vendus sont ceux en vigueur au jour de la prise de rendez-vous. Ils sont libell\u00e9s en euros et entendus toutes taxes fran\u00e7aises applicables comprises, hors frais de livraison et autres services individualis\u00e9s qui sont appliqu\u00e9s et d\u00e9taill\u00e9s lors de la commande.<\/p>\n<p><strong>Mar\u00eame Diongue \u2013 \u00c2me PsyRituelle<\/strong> se r\u00e9serve la possibilit\u00e9 de modifier ses prix \u00e0 tout moment : les produits et prestations sont factur\u00e9s sur la base des tarifs en vigueur au moment de la validation de la commande, sous r\u00e9serve de disponibilit\u00e9.<\/p>\n<p class=\"p4\"><span class=\"s1\">Des forfaits pack de plusieurs s\u00e9ances sont envisageables voire conseill\u00e9s dans le cadre d\u2019un r\u00e9el <strong>engagement<\/strong>\u00a0face \u00e0 une demande pr\u00e9cise et sont payables d\u2019avance.<\/span><\/p>\n<p class=\"p4\"><span class=\"s1\">Dans le cadre de ce forfait, l\u2019annulation d\u2019un RDV de la part du consultant ou de <strong>Mar\u00eame Diongue \u2013 \u00c2me PsyRituelle<\/strong> pendant ladite p\u00e9riode, sera alors report\u00e9 \u00e0 une date ult\u00e9rieure convenant aux deux parties.<\/span><\/p>\n<p class=\"p4\"><span class=\"s1\">Le consultant comprend et accepte et dans leur totalit\u00e9, les conditions g\u00e9n\u00e9rales de ventes ainsi que les conditions tarifaires, lorsqu\u2019il fait sa demande de r\u00e9servation. La disponibilit\u00e9 des cr\u00e9neaux est fix\u00e9e par rendez-vous.<\/span><\/p>\n<h3>5. R\u00e9servation et annulation<\/h3>\n<p>La r\u00e9servation des produits et prestations offerts \u00e0 la vente sur le site s\u2019effectue en ligne \u00e0 partir du site selon le processus comprenant une phase d\u2019identification, une phase de v\u00e9rification et de validation des produits et services choisis, une phase de paiement dans les conditions pr\u00e9vues et une phase de confirmation de la r\u00e9servation et du r\u00e8glement.<br \/>\nUne fois la r\u00e9servation effectu\u00e9e, le consultant recevra dans les meilleurs d\u00e9lais un accus\u00e9 de r\u00e9ception de sa commande \u00e0 l\u2019adresse \u00e9lectronique fournie par lui.<\/p>\n<p>Pour la bonne fin de la commande, le consultant veillera \u00e0 fournir une adresse \u00e9lectronique valide, qu\u2019il consulte fr\u00e9quemment. Lors de l\u2019enregistrement des donn\u00e9es personnelles, il devra s\u2019assurer de l\u2019exactitude et de l\u2019exhaustivit\u00e9 des donn\u00e9es qu\u2019il fournit. En cas d\u2019erreur dans le libell\u00e9 des coordonn\u00e9es du destinataire, <strong>Mar\u00eame Diongue \u2013 \u00c2me PsyRituelle<\/strong> ne saurait \u00eatre tenue responsable de l\u2019impossibilit\u00e9 d&rsquo;honorer la r\u00e9servation.<\/p>\n<p class=\"font_8\"><strong>Mar\u00eame Diongue \u2013 \u00c2me PsyRituelle<\/strong> informe le consultant que celui-ci dispose d\u2019un droit de modification de sa r\u00e9servation dans les <strong>72h<\/strong> pr\u00e9c\u00e9dent celle-ci mais au-del\u00e0, la consultation sera consid\u00e9r\u00e9e comme due.<\/p>\n<h3>6. Modalit\u00e9s de paiement<\/h3>\n<p>Le paiement de la totalit\u00e9 du prix de la commande s\u2019effectuera au moment de la r\u00e9servation.<br \/>\nIl s\u2019effectuera selon le mode de paiement propos\u00e9 par <strong>Mar\u00eame Diongue \u2013 \u00c2me PsyRituelle<\/strong> et choisi par le consultant au moment de la r\u00e9servation en ligne : Carte bancaire, Stripe, Paypal ou en esp\u00e8ce (en pr\u00e9sentiel).<\/p>\n<h3>7. Livraison<\/h3>\n<p>Les produits command\u00e9s et r\u00e9gl\u00e9s seront livr\u00e9s au client \u00e0 l\u2019adresse de livraison indiqu\u00e9e par lui lors de la commande.<br \/>\nLes produits seront livr\u00e9s dans les meilleurs d\u00e9lais, <strong>Mar\u00eame Diongue \u2013 \u00c2me PsyRituelle<\/strong> ne pouvant \u00eatre tenu responsable des d\u00e9lais d\u2019acheminement du transporteur et se d\u00e9gage de toute responsabilit\u00e9 en cas d\u2019inex\u00e9cution du contrat d\u00fb \u00e0 un cas de force majeur (gr\u00e8ve, incendie, inondation\u2026).<\/p>\n<h3>8. R\u00e9tractation et remboursement<\/h3>\n<p><strong>Mar\u00eame Diongue \u2013 \u00c2me PsyRituelle<\/strong> informe le consultant que celui-ci dispose d\u2019un droit de r\u00e9tractation de <strong>48h <\/strong>\u00e0 compter de la validation de sa commande sur le site s&rsquo;agissant des r\u00e9servations de consultation. Par contre pour les prestations suivantes : <strong>s\u00e9ances hypnose, formations-coaching, ateliers,<\/strong> la r\u00e9tractation doit avoir lieu au moins <strong>10 jours<\/strong> avant l&rsquo;\u00e9v\u00e8nement pour un \u00e9change ou remboursement sans p\u00e9nalit\u00e9. Pas de r\u00e9tractation ni de remboursement possible apr\u00e8s l\u2019envoi des produits ou pass\u00e9 les dits-d\u00e9lais de r\u00e9tractation.<\/p>\n<p><strong>Mar\u00eame Diongue \u2013 \u00c2me PsyRituelle<\/strong> \u00a0remboursera le paiement du consultant dans un d\u00e9lai pouvant aller jusqu\u2019\u00e0 15 jours suivant la date de la demande de r\u00e9tractation.<\/p>\n<h3>9. Responsabilit\u00e9<\/h3>\n<p><strong>Mar\u00eame Diongue \u2013 \u00c2me PsyRituelle<\/strong> ne saurait \u00eatre responsable de l\u2019inex\u00e9cution ou de la mauvaise ex\u00e9cution du contrat imputable soit au consultant, soit au fait impr\u00e9visible et insurmontable d\u2019un tiers au contrat, soit \u00e0 un cas de force majeure, soit encore \u00e0 la r\u00e9quisition de l\u2019autorit\u00e9 judiciaire ou administrative.<\/p>\n<p class=\"font_8\"><strong>Mar\u00eame Diongue \u2013 \u00c2me PsyRituelle<\/strong> ne saurait de quelque mani\u00e8re et sur quelque fondement que ce soit voir sa responsabilit\u00e9 engag\u00e9e au cas o\u00f9 le produit ou la prestation de service ne seraient pas conformes \u00e0 une l\u00e9gislation \u00e9trang\u00e8re.<\/p>\n<h3>9. Donn\u00e9es personnelles<\/h3>\n<p><span dir=\"ltr\"><strong>Mar\u00eame Diongue \u2013 \u00c2me PsyRituelle<\/strong> s&rsquo;engage a\u0300 traiter vos informations personnelles dans la plus stricte <\/span><span dir=\"ltr\">confidentialit\u00e9, utilis\u00e9es uniquement par elle-m\u00eame. <\/span>Les informations nominatives sont n\u00e9cessaires \u00e0 la gestion des commandes et aux relations commerciales. Elles font l\u2019objet d\u2019un traitement automatis\u00e9 destin\u00e9 \u00e0 la gestion de sa commande et \u00e0 l\u2019envoi d\u2019informations li\u00e9es, ainsi qu\u2019au respect des dispositions l\u00e9gales ou r\u00e9glementaires relatives notamment \u00e0 l\u2019archivage du contrat, \u00e0 l\u2019exercice du droit de r\u00e9tractation ou des garanties l\u00e9gales.<\/p>\n<p>Les donn\u00e9es \u00e0 caract\u00e8re personnel collect\u00e9es lors de la commande pourront \u00eatre utilis\u00e9es par les services internes <strong>Mar\u00eame Diongue \u2013 \u00c2me PsyRituelle<\/strong> \u00e0 des fins d\u2019information des publications et \u00e9v\u00e8nements \u00e0 venir par le biais de newsletters. Aucun transfert hors UE n\u2019est pr\u00e9vu et seules sont recueillies les informations essentielles, gard\u00e9es jusqu&rsquo;\u00e0 3 ans \u00e0 compter de la fin de la relation commerciale. Conform\u00e9ment \u00e0 la Loi Informatique et Libert\u00e9s et R\u00e8glement g\u00e9n\u00e9ral sur la protection des donn\u00e9es (RGPD), vous disposez d\u2019un droit d\u2019acc\u00e8s, de modification, de suppression et d\u2019opposition au traitement de vos donn\u00e9es \u00e0 caract\u00e8re personnel sur simple demande \u00e0 l&rsquo;adresse <strong> contact@ame-psyrituelle.com<\/strong>.<\/p>\n<p>Le client pourra \u00e9galement se d\u00e9sabonner des newsletters de <strong>Mar\u00eame Diongue \u2013 \u00c2me PsyRituelle<\/strong>, en cliquant sur le lien de d\u00e9sabonnement pr\u00e9sent dans le bas de chaque e-mail envoy\u00e9 ou demander \u00e0 \u00eatre retir\u00e9 de la liste d\u2019envoi par e-mail \u00e0<strong> contact@ame-psyrituelle.com<\/strong><\/p>\n<h3>10. Propri\u00e9t\u00e9 intellectuelle<\/h3>\n<p>Tous les \u00e9l\u00e9ments du pr\u00e9sent site sont et restent la propri\u00e9t\u00e9 intellectuelle exclusive <strong>Mar\u00eame Diongue \u2013 \u00c2me PsyRituelle<\/strong>. Aucune extraction, reproduction ou diffusion au public de ces \u00e9l\u00e9ments ne peut en cons\u00e9quence se faire sans l\u2019autorisation expresse et pr\u00e9alable de <strong>Mar\u00eame Diongue \u2013 \u00c2me PsyRituelle<\/strong>.<\/p>\n<h3>11. Litiges<\/h3>\n<p>Tout litige relatif \u00e0 l\u2019interpr\u00e9tation et \u00e0 l\u2019ex\u00e9cution des pr\u00e9sentes conditions g\u00e9n\u00e9rales de vente est soumis au droit fran\u00e7ais.<br \/>\n\u00c0 d\u00e9faut de r\u00e9solution amiable, le litige sera port\u00e9 devant le Tribunal de commerce de Caen.<\/p>\n","protected":false},"excerpt":{"rendered":"<p>&nbsp; Conditions g\u00e9n\u00e9rales de Vente 1. Objet Mar\u00eame Diongue \u2013 \u00c2me PsyRituelle propose des suivis psychologiques, des soins \u00e9nerg\u00e9tiques et autres prestations de d\u00e9veloppement personnel. Les conditions g\u00e9n\u00e9rales de vente d\u00e9crites ci-apr\u00e8s ont pour objet de fixer les r\u00e8gles qui&#8230;<\/p>\n","protected":false},"author":2,"featured_media":0,"parent":0,"menu_order":0,"comment_status":"closed","ping_status":"closed","template":"","meta":{"footnotes":""},"class_list":["post-180","page","type-page","status-publish","hentry"],"yoast_head":"<!-- This site is optimized with the Yoast SEO plugin v27.3 - https:\/\/yoast.com\/product\/yoast-seo-wordpress\/ -->\n<title>Conditions g\u00e9n\u00e9rales de vente - Ame PsyRituElle<\/title>\n<meta name=\"robots\" content=\"index, follow, max-snippet:-1, max-image-preview:large, max-video-preview:-1\" \/>\n<link rel=\"canonical\" href=\"https:\/\/ame-psyrituelle.com\/index.php\/conditions-generales-de-vente\/\" \/>\n<meta property=\"og:locale\" content=\"fr_FR\" \/>\n<meta property=\"og:type\" content=\"article\" \/>\n<meta property=\"og:title\" content=\"Conditions g\u00e9n\u00e9rales de vente - Ame PsyRituElle\" \/>\n<meta property=\"og:description\" content=\"&nbsp; Conditions g\u00e9n\u00e9rales de Vente 1. Objet Mar\u00eame Diongue \u2013 \u00c2me PsyRituelle propose des suivis psychologiques, des soins \u00e9nerg\u00e9tiques et autres prestations de d\u00e9veloppement personnel. Les conditions g\u00e9n\u00e9rales de vente d\u00e9crites ci-apr\u00e8s ont pour objet de fixer les r\u00e8gles qui...\" \/>\n<meta property=\"og:url\" content=\"https:\/\/ame-psyrituelle.com\/index.php\/conditions-generales-de-vente\/\" \/>\n<meta property=\"og:site_name\" content=\"Ame PsyRituElle\" \/>\n<meta property=\"article:publisher\" content=\"https:\/\/www.facebook.com\/Ame-Psyrituelle-102055595373154\/\" \/>\n<meta property=\"article:modified_time\" content=\"2021-06-18T13:49:18+00:00\" \/>\n<meta name=\"twitter:card\" content=\"summary_large_image\" \/>\n<meta name=\"twitter:label1\" content=\"Dur\u00e9e de lecture estim\u00e9e\" \/>\n\t<meta name=\"twitter:data1\" content=\"7 minutes\" \/>\n<script type=\"application\/ld+json\" class=\"yoast-schema-graph\">{\"@context\":\"https:\\\/\\\/schema.org\",\"@graph\":[{\"@type\":\"WebPage\",\"@id\":\"https:\\\/\\\/ame-psyrituelle.com\\\/index.php\\\/conditions-generales-de-vente\\\/\",\"url\":\"https:\\\/\\\/ame-psyrituelle.com\\\/index.php\\\/conditions-generales-de-vente\\\/\",\"name\":\"Conditions g\u00e9n\u00e9rales de vente - Ame PsyRituElle\",\"isPartOf\":{\"@id\":\"https:\\\/\\\/ame-psyrituelle.com\\\/#website\"},\"datePublished\":\"2021-06-09T07:57:59+00:00\",\"dateModified\":\"2021-06-18T13:49:18+00:00\",\"breadcrumb\":{\"@id\":\"https:\\\/\\\/ame-psyrituelle.com\\\/index.php\\\/conditions-generales-de-vente\\\/#breadcrumb\"},\"inLanguage\":\"fr-FR\",\"potentialAction\":[{\"@type\":\"ReadAction\",\"target\":[\"https:\\\/\\\/ame-psyrituelle.com\\\/index.php\\\/conditions-generales-de-vente\\\/\"]}]},{\"@type\":\"BreadcrumbList\",\"@id\":\"https:\\\/\\\/ame-psyrituelle.com\\\/index.php\\\/conditions-generales-de-vente\\\/#breadcrumb\",\"itemListElement\":[{\"@type\":\"ListItem\",\"position\":1,\"name\":\"Accueil\",\"item\":\"https:\\\/\\\/ame-psyrituelle.com\\\/\"},{\"@type\":\"ListItem\",\"position\":2,\"name\":\"Conditions g\u00e9n\u00e9rales de vente\"}]},{\"@type\":\"WebSite\",\"@id\":\"https:\\\/\\\/ame-psyrituelle.com\\\/#website\",\"url\":\"https:\\\/\\\/ame-psyrituelle.com\\\/\",\"name\":\"ame-psyrituelle.com\",\"description\":\"Psychoth\u00e9rapies, Hypnoth\u00e9rapies, Soins \u00e9nerg\u00e9tiques \u00e0 Caen en Normandie\",\"publisher\":{\"@id\":\"https:\\\/\\\/ame-psyrituelle.com\\\/#organization\"},\"potentialAction\":[{\"@type\":\"SearchAction\",\"target\":{\"@type\":\"EntryPoint\",\"urlTemplate\":\"https:\\\/\\\/ame-psyrituelle.com\\\/?s={search_term_string}\"},\"query-input\":{\"@type\":\"PropertyValueSpecification\",\"valueRequired\":true,\"valueName\":\"search_term_string\"}}],\"inLanguage\":\"fr-FR\"},{\"@type\":\"Organization\",\"@id\":\"https:\\\/\\\/ame-psyrituelle.com\\\/#organization\",\"name\":\"Ame Psyrituelle\",\"url\":\"https:\\\/\\\/ame-psyrituelle.com\\\/\",\"logo\":{\"@type\":\"ImageObject\",\"inLanguage\":\"fr-FR\",\"@id\":\"https:\\\/\\\/ame-psyrituelle.com\\\/#\\\/schema\\\/logo\\\/image\\\/\",\"url\":\"https:\\\/\\\/ame-psyrituelle.com\\\/wp-content\\\/uploads\\\/2021\\\/04\\\/ame-psy-Logo-big.png\",\"contentUrl\":\"https:\\\/\\\/ame-psyrituelle.com\\\/wp-content\\\/uploads\\\/2021\\\/04\\\/ame-psy-Logo-big.png\",\"width\":1182,\"height\":1182,\"caption\":\"Ame Psyrituelle\"},\"image\":{\"@id\":\"https:\\\/\\\/ame-psyrituelle.com\\\/#\\\/schema\\\/logo\\\/image\\\/\"},\"sameAs\":[\"https:\\\/\\\/www.facebook.com\\\/Ame-Psyrituelle-102055595373154\\\/\",\"https:\\\/\\\/www.instagram.com\\\/mareme.dion\\\/\"]}]}<\/script>\n<!-- \/ Yoast SEO plugin. -->","yoast_head_json":{"title":"Conditions g\u00e9n\u00e9rales de vente - Ame PsyRituElle","robots":{"index":"index","follow":"follow","max-snippet":"max-snippet:-1","max-image-preview":"max-image-preview:large","max-video-preview":"max-video-preview:-1"},"canonical":"https:\/\/ame-psyrituelle.com\/index.php\/conditions-generales-de-vente\/","og_locale":"fr_FR","og_type":"article","og_title":"Conditions g\u00e9n\u00e9rales de vente - Ame PsyRituElle","og_description":"&nbsp; Conditions g\u00e9n\u00e9rales de Vente 1. Objet Mar\u00eame Diongue \u2013 \u00c2me PsyRituelle propose des suivis psychologiques, des soins \u00e9nerg\u00e9tiques et autres prestations de d\u00e9veloppement personnel. Les conditions g\u00e9n\u00e9rales de vente d\u00e9crites ci-apr\u00e8s ont pour objet de fixer les r\u00e8gles qui...","og_url":"https:\/\/ame-psyrituelle.com\/index.php\/conditions-generales-de-vente\/","og_site_name":"Ame PsyRituElle","article_publisher":"https:\/\/www.facebook.com\/Ame-Psyrituelle-102055595373154\/","article_modified_time":"2021-06-18T13:49:18+00:00","twitter_card":"summary_large_image","twitter_misc":{"Dur\u00e9e de lecture estim\u00e9e":"7 minutes"},"schema":{"@context":"https:\/\/schema.org","@graph":[{"@type":"WebPage","@id":"https:\/\/ame-psyrituelle.com\/index.php\/conditions-generales-de-vente\/","url":"https:\/\/ame-psyrituelle.com\/index.php\/conditions-generales-de-vente\/","name":"Conditions g\u00e9n\u00e9rales de vente - Ame PsyRituElle","isPartOf":{"@id":"https:\/\/ame-psyrituelle.com\/#website"},"datePublished":"2021-06-09T07:57:59+00:00","dateModified":"2021-06-18T13:49:18+00:00","breadcrumb":{"@id":"https:\/\/ame-psyrituelle.com\/index.php\/conditions-generales-de-vente\/#breadcrumb"},"inLanguage":"fr-FR","potentialAction":[{"@type":"ReadAction","target":["https:\/\/ame-psyrituelle.com\/index.php\/conditions-generales-de-vente\/"]}]},{"@type":"BreadcrumbList","@id":"https:\/\/ame-psyrituelle.com\/index.php\/conditions-generales-de-vente\/#breadcrumb","itemListElement":[{"@type":"ListItem","position":1,"name":"Accueil","item":"https:\/\/ame-psyrituelle.com\/"},{"@type":"ListItem","position":2,"name":"Conditions g\u00e9n\u00e9rales de vente"}]},{"@type":"WebSite","@id":"https:\/\/ame-psyrituelle.com\/#website","url":"https:\/\/ame-psyrituelle.com\/","name":"ame-psyrituelle.com","description":"Psychoth\u00e9rapies, Hypnoth\u00e9rapies, Soins \u00e9nerg\u00e9tiques \u00e0 Caen en Normandie","publisher":{"@id":"https:\/\/ame-psyrituelle.com\/#organization"},"potentialAction":[{"@type":"SearchAction","target":{"@type":"EntryPoint","urlTemplate":"https:\/\/ame-psyrituelle.com\/?s={search_term_string}"},"query-input":{"@type":"PropertyValueSpecification","valueRequired":true,"valueName":"search_term_string"}}],"inLanguage":"fr-FR"},{"@type":"Organization","@id":"https:\/\/ame-psyrituelle.com\/#organization","name":"Ame Psyrituelle","url":"https:\/\/ame-psyrituelle.com\/","logo":{"@type":"ImageObject","inLanguage":"fr-FR","@id":"https:\/\/ame-psyrituelle.com\/#\/schema\/logo\/image\/","url":"https:\/\/ame-psyrituelle.com\/wp-content\/uploads\/2021\/04\/ame-psy-Logo-big.png","contentUrl":"https:\/\/ame-psyrituelle.com\/wp-content\/uploads\/2021\/04\/ame-psy-Logo-big.png","width":1182,"height":1182,"caption":"Ame Psyrituelle"},"image":{"@id":"https:\/\/ame-psyrituelle.com\/#\/schema\/logo\/image\/"},"sameAs":["https:\/\/www.facebook.com\/Ame-Psyrituelle-102055595373154\/","https:\/\/www.instagram.com\/mareme.dion\/"]}]}},"_links":{"self":[{"href":"https:\/\/ame-psyrituelle.com\/index.php\/wp-json\/wp\/v2\/pages\/180","targetHints":{"allow":["GET"]}}],"collection":[{"href":"https:\/\/ame-psyrituelle.com\/index.php\/wp-json\/wp\/v2\/pages"}],"about":[{"href":"https:\/\/ame-psyrituelle.com\/index.php\/wp-json\/wp\/v2\/types\/page"}],"author":[{"embeddable":true,"href":"https:\/\/ame-psyrituelle.com\/index.php\/wp-json\/wp\/v2\/users\/2"}],"replies":[{"embeddable":true,"href":"https:\/\/ame-psyrituelle.com\/index.php\/wp-json\/wp\/v2\/comments?post=180"}],"version-history":[{"count":3,"href":"https:\/\/ame-psyrituelle.com\/index.php\/wp-json\/wp\/v2\/pages\/180\/revisions"}],"predecessor-version":[{"id":188,"href":"https:\/\/ame-psyrituelle.com\/index.php\/wp-json\/wp\/v2\/pages\/180\/revisions\/188"}],"wp:attachment":[{"href":"https:\/\/ame-psyrituelle.com\/index.php\/wp-json\/wp\/v2\/media?parent=180"}],"curies":[{"name":"wp","href":"https:\/\/api.w.org\/{rel}","templated":true}]}}