{"id":3,"date":"2021-03-16T10:18:08","date_gmt":"2021-03-16T10:18:08","guid":{"rendered":"http:\/\/ame-psyrituelle.com\/?page_id=3"},"modified":"2021-06-09T09:49:37","modified_gmt":"2021-06-09T07:49:37","slug":"politique-de-confidentialite","status":"publish","type":"page","link":"https:\/\/ame-psyrituelle.com\/index.php\/politique-de-confidentialite\/","title":{"rendered":"Politique de confidentialit\u00e9"},"content":{"rendered":"<p>La pr\u00e9sente politique de confidentialit\u00e9 d\u00e9finit et vous informe de la mani\u00e8re dont <strong>Mar\u00eame Diongue &#8211; \u00c2me PsyRituelle<\/strong>\u00a0utilise et prot\u00e8ge les informations que vous nous fournissez, lorsque vous utilisez notre site internet.<br \/>\nCette politique de confidentialit\u00e9 est susceptible d\u2019\u00eatre modifi\u00e9e ou compl\u00e9t\u00e9e \u00e0 tout moment par <strong>Mar\u00eame Diongue &#8211; \u00c2me PsyRituelle<\/strong>, notamment en vue de se conformer \u00e0 toute \u00e9volution l\u00e9gislative, r\u00e8glementaire, jurisprudentielle ou technologique. N\u2019h\u00e9sitez pas \u00e0 consulter cette page r\u00e9guli\u00e8rement.<\/p>\n<h3>I. Donn\u00e9es Personnelles<\/h3>\n<p>D\u2019une mani\u00e8re g\u00e9n\u00e9rale, il vous est possible de visiter le site sans communiquer aucune information personnelle vous concernant. Pour b\u00e9n\u00e9ficier de l\u2019int\u00e9gralit\u00e9 de nos services (newsletter, t\u00e9l\u00e9chargement de produits, commentaires, formulaires de contact), nous vous demandons certaines informations n\u00e9cessaires \u00e0 l\u2019utilisation d\u00e9sir\u00e9e. En fonction de vos besoins (newsletter, t\u00e9l\u00e9chargement de produits, commentaires, formulaires de contact), nous collectons au maximum les donn\u00e9es suivantes :<br \/>\n<strong>Nom, Pr\u00e9nom, Adresse \u00e9lectronique, Num\u00e9ro de t\u00e9l\u00e9phone<\/strong><br \/>\nCes donn\u00e9es personnelles sont collect\u00e9es au travers de formulaires et gr\u00e2ce \u00e0 l\u2019interactivit\u00e9 \u00e9tablie entre vous et le site de <strong>Mar\u00eame Diongue &#8211; \u00c2me PsyRituelle<\/strong>.<\/p>\n<p>Conform\u00e9ment au R\u00e8glement G\u00e9n\u00e9ral sur la Protection des Donn\u00e9es (General Data Protection R\u00e9gulation) adopt\u00e9 par le Parlement europ\u00e9en le 14 avril 2016, et \u00e0 la Loi Informatique et Libert\u00e9s du 6 janvier 1978 modifi\u00e9e, <strong>Mar\u00eame Diongue &#8211; \u00c2me PsyRituelle<\/strong>\u00a0vous informe des points suivants :<\/p>\n<h4>\u2022 1. Identit\u00e9 du responsable du traitement<\/h4>\n<p>La responsable du traitement est <strong>Mar\u00eame Diongue &#8211; \u00c2me PsyRituelle<\/strong>, ayant son si\u00e8ge social au 50 BD GEORGES POMPIDOU 14000 CAEN.<br \/>\nT\u00e9l. : + 33 (0)601054273 &#8211; Mail : contact@ame-psyrituelle.com<\/p>\n<h4>\u2022 2. Finalit\u00e9s du traitement<\/h4>\n<p><strong>Mar\u00eame Diongue &#8211; \u00c2me PsyRituelle<\/strong> est susceptible de traiter vos Informations Personnelles afin de vous fournir les informations ou les services que vous avez demand\u00e9 (notamment : l\u2019envoi de la Newsletter, cr\u00e9ation de votre compte sur notre site, offre commerciale, contenu offert) et afin de recueillir des informations nous permettant d\u2019analyser et d\u2019am\u00e9liorer notre site, nos produits et services (notamment par le biais de cookies) ;<\/p>\n<h4>\u2022 3. Destinataires<\/h4>\n<p>Seul <strong>Mar\u00eame Diongue &#8211; \u00c2me PsyRituelle<\/strong>\u00a0est destinataire de vos Informations Personnelles. Ni nous, ni l\u2019un nos sous-traitants, ne proc\u00e8dent \u00e0 la commercialisation des donn\u00e9es personnelles des visiteurs et utilisateurs de ce site. Aucun transfert hors UE n\u2019est pr\u00e9vu.<\/p>\n<h4>\u2022 4. Dur\u00e9e de conservation<\/h4>\n<p>Vos Informations Personnelles sont conserv\u00e9es par Capture Communication uniquement pour le temps correspondant \u00e0 la finalit\u00e9 de la collecte tel qu\u2019indiqu\u00e9 en 2 ci-dessus qui ne saurait en tout \u00e9tat de cause exc\u00e9der 24 mois.<\/p>\n<h4>\u2022 5. T\u00e9moignages<\/h4>\n<p><strong>Mar\u00eame Diongue &#8211; \u00c2me PsyRituelle <\/strong>publie sur son site une liste de r\u00e9f\u00e9rences &amp; t\u00e9moignages comportant des informations sur le nom de nos clients et leurs titres. <strong>Mar\u00eame Diongue &#8211; \u00c2me PsyRituelle<\/strong> s\u2019engage \u00e0 obtenir l\u2019autorisation de chaque client avant publication sur le site de tout t\u00e9moignage.\u00a0Si vous souhaitez \u00eatre retir\u00e9 de la liste, vous pouvez nous envoyer un e-mail \u00e0 l\u2019adresse <strong>contact@ame-psyrituelle.com<\/strong>\u00a0et nous supprimerons vos informations tr\u00e8s rapidement.<\/p>\n<h4>6. \u2022 Cookies\/Tracking<\/h4>\n<p><strong>Capture Communication<\/strong> utilise les cookies afin d\u2019am\u00e9liorer et personnaliser le site et en mesurer l\u2019audience. Les cookies sont des fichiers enregistr\u00e9s sur le disque dur de votre ordinateur lors de votre navigation sur Internet et notamment sur le site. Un cookie ne sert pas \u00e0 recueillir des donn\u00e9es personnelles \u00e0 votre insu mais \u00e0 enregistrer des informations relatives \u00e0 votre navigation sur le site qui pourront \u00eatre directement lues par <strong>Mar\u00eame Diongue &#8211; \u00c2me PsyRituelle<\/strong>\u00a0lors de vos visites et requ\u00eates ult\u00e9rieures sur le site.<br \/>\nSi vous choisissez de refuser l\u2019ensemble des cookies, votre navigation pourra \u00eatre r\u00e9duite pour acc\u00e9der \u00e0 certaines pages du site. Les cookies utilis\u00e9s par <strong>Mar\u00eame Diongue &#8211; \u00c2me PsyRituelle<\/strong>\u00a0ont pour finalit\u00e9 de permettre ou faciliter la communication &amp; la fourniture des services demand\u00e9s par les utilisateurs.<br \/>\nCapture Communication utilise des outils d\u2019analyse et de suivi afin de mesurer les donn\u00e9es sur son site pour d\u2019obtenir un aper\u00e7u de la client\u00e8le, r\u00e9aliser des analyses sur l\u2019exp\u00e9rience de navigation afin d\u2019am\u00e9liorer le contenu de celui-ci.<\/p>\n<h4>\u2022 7. Droits Informatique et Libert\u00e9s<\/h4>\n<p>Conform\u00e9ment \u00e0 la Loi Informatique et Libert\u00e9s et R\u00e8glement g\u00e9n\u00e9ral sur la protection des donn\u00e9es (RGPD), vous avez le droit d\u2019introduire une r\u00e9clamation aupr\u00e8s d\u2019une autorit\u00e9 de contr\u00f4le et vous disposez des droits suivants concernant vos Informations Personnelles, que vous pouvez exercer en nous \u00e9crivant \u00e0 contact@capture-communication.fr.<\/p>\n<p><strong>o Droit d\u2019acc\u00e8s et de communication des donn\u00e9es<\/strong><br \/>\nVous avez la facult\u00e9 d\u2019acc\u00e9der aux Informations Personnelles qui vous concernent.<br \/>\nCependant, en raison de l\u2019obligation de s\u00e9curit\u00e9 et de confidentialit\u00e9 dans le traitement des donn\u00e9es \u00e0 caract\u00e8re personnel qui incombe \u00e0 <strong>Mar\u00eame Diongue &#8211; \u00c2me PsyRituelle<\/strong>, vous \u00eates inform\u00e9 que votre demande sera trait\u00e9e sous r\u00e9serve que vous rapportiez la preuve de votre identit\u00e9.<br \/>\nPour vous aider dans votre d\u00e9marche, notamment si vous d\u00e9sirez exercer votre droit d\u2019acc\u00e8s par le biais d\u2019une demande \u00e9crite \u00e0 l\u2019adresse postale mentionn\u00e9e au point 1, vous trouverez en cliquant sur le lien suivant un mod\u00e8le de courrier \u00e9labor\u00e9 par la Commission Nationale de l\u2019Informatique et des Libert\u00e9s (la \u00ab CNIL \u00bb).<\/p>\n<p><a href=\"https:\/\/www.cnil.fr\/fr\/modele\/courrier\/exercer-son-droit-dacces\">https:\/\/www.cnil.fr\/fr\/modele\/courrier\/exercer-son-droit-dacces<\/a><\/p>\n<p><strong>o Droit de rectification des donn\u00e9es<\/strong><br \/>\nAu titre de ce droit, la l\u00e9gislation vous habilite \u00e0 demander la rectification, la mise \u00e0 jour, le verrouillage ou encore l\u2019effacement des donn\u00e9es vous concernant qui peuvent s\u2019av\u00e9rer le cas \u00e9ch\u00e9ant inexactes, erron\u00e9es, incompl\u00e8tes ou obsol\u00e8tes.<\/p>\n<p><a href=\"https:\/\/www.cnil.fr\/fr\/modele\/courrier\/rectifier-des-donnees-inexactes-obsoletes-ou-perimees\">https:\/\/www.cnil.fr\/fr\/modele\/courrier\/rectifier-des-donnees-inexactes-obsoletes-ou-perimees<\/a><\/p>\n<p><strong>o Droit d\u2019opposition<\/strong><br \/>\nL\u2019exercice de ce droit n\u2019est possible que dans l\u2019une des deux situations suivantes :<br \/>\n1. Lorsque l\u2019exercice de ce droit est fond\u00e9 sur des motifs l\u00e9gitimes ; ou<br \/>\n2. Lorsque l\u2019exercice de ce droit vise \u00e0 faire obstacle \u00e0 ce que les donn\u00e9es recueillies soient utilis\u00e9es \u00e0 des fins de prospection commerciale.<br \/>\nPour vous aider dans votre d\u00e9marche, notamment si vous d\u00e9sirez exercer votre droit d\u2019opposition par le biais d\u2019une demande \u00e9crite adress\u00e9e \u00e0 l\u2019adresse postale indiqu\u00e9e au point 1, vous trouverez en cliquant sur le lien suivant un mod\u00e8le de courrier \u00e9labor\u00e9 par la CNIL.<\/p>\n<p><a href=\"https:\/\/www.cnil.fr\/fr\/modele\/courrier\/supprimer-des-informations-vous-concernant-dun-site-internet\">https:\/\/www.cnil.fr\/fr\/modele\/courrier\/supprimer-des-informations-vous-concernant-dun-site-internet<\/a><\/p>\n<p><strong>o Droit \u00e0 l&rsquo;effacement<\/strong><br \/>\nCe droit s\u2019applique seulement dans l\u2019une de ces six situations :<\/p>\n<ul>\n<li>les donn\u00e9es ne sont plus n\u00e9cessaires au regard des finalit\u00e9s pour lesquelles elles sont collect\u00e9es ou trait\u00e9es<\/li>\n<li>la personne retire son consentement au traitement de ses donn\u00e9es<\/li>\n<li>la personne s\u2019oppose au traitement et il n\u2019existe pas de motif l\u00e9gitime imp\u00e9rieux<\/li>\n<li>le traitement est illicite (ex : le traitement s\u2019effectue en violation d\u2019une disposition du code de la sant\u00e9 publique)<\/li>\n<li>les donn\u00e9es doivent \u00eatre effac\u00e9es pour respecter une obligation l\u00e9gale<\/li>\n<li>les donn\u00e9es ont \u00e9t\u00e9 collect\u00e9es aupr\u00e8s de mineurs dans le cadre de l\u2019offre de services de la soci\u00e9t\u00e9 de l\u2019information.<\/li>\n<\/ul>\n<p><strong>o Droit \u00e0 la limitation du traitement<\/strong><\/p>\n<p>La limitation du traitement peut \u00eatre demand\u00e9e uniquement dans l&rsquo;une des 4 situations suivantes :<br \/>\n&#8211; Lorsque la personne a fait valoir son <span data-token-index=\"1\" data-reactroot=\"\">droit de rectification.<\/span><br \/>\nLe droit \u00e0 la limitation s\u2019applique le temps que le responsable de traitement v\u00e9rifie l&rsquo;exactitude des donn\u00e9es personnelles concern\u00e9es<br \/>\n&#8211; Lorsque la personne a fait valoir son <span data-token-index=\"3\" data-reactroot=\"\">droit d\u2019opposition.<\/span><br \/>\nLe droit \u00e0 la limitation s\u2019applique le temps de d\u00e9terminer si les int\u00e9r\u00eats l\u00e9gitimes du responsable de traitement pr\u00e9valent sur ceux de la personne concern\u00e9e<br \/>\n&#8211; Lorsque des donn\u00e9es sont sur le point d\u2019\u00eatre effac\u00e9es alors qu\u2019elles sont encore n\u00e9cessaires \u00e0 la personne concern\u00e9e pour la <span data-token-index=\"5\" data-reactroot=\"\">constatation, l\u2019exercice ou la d\u00e9fense de droits en justice<\/span><br \/>\n&#8211; Lorsque le <span data-token-index=\"7\" data-reactroot=\"\">traitement est illicite<\/span> mais que la personne concern\u00e9e pr\u00e9f\u00e8re la limitation plut\u00f4t que l\u2019effacement des donn\u00e9es.<\/p>\n<p><strong>Afin de faire valoir vos droits, n\u2019h\u00e9sitez pas \u00e0 nous contacter sur contact@ame-psyrituelle.com<\/strong><\/p>\n<p><strong> <!-- --> <\/strong><\/p>\n<h3>8. Lieu de stockage des donn\u00e9es &amp; transferts<\/h3>\n<p>Les serveurs d\u2019h\u00e9bergement sur lesquels <strong>Mar\u00eame Diongue &#8211; \u00c2me PsyRituelle<\/strong>\u00a0traite et stocke les bases de donn\u00e9es sont exclusivement situ\u00e9s au sein de l\u2019Union Europ\u00e9enne.<\/p>\n<h3>9. S\u00e9curit\u00e9<\/h3>\n<p>Dans le cadre de ses services, <strong>Mar\u00eame Diongue &#8211; \u00c2me PsyRituelle<\/strong>\u00a0accorde la plus haute importance \u00e0 la s\u00e9curit\u00e9 et \u00e0 l\u2019int\u00e9grit\u00e9 des donn\u00e9es personnelles de ses clients.<br \/>\nAinsi, et conform\u00e9ment au <strong>RGPD<\/strong>, <strong>Mar\u00eame Diongue &#8211; \u00c2me PsyRituelle<\/strong>\u00a0s\u2019engage \u00e0 prendre toutes pr\u00e9cautions utiles afin de pr\u00e9server la s\u00e9curit\u00e9 des donn\u00e9es et notamment de les prot\u00e9ger contre toute destruction accidentelle ou illicite, perte accidentelle, alt\u00e9ration, diffusion ou acc\u00e8s non autoris\u00e9s, ainsi que contre toute autre forme de traitement illicite ou communication \u00e0 des personnes non autoris\u00e9es.<br \/>\nPar ailleurs, afin d\u2019\u00e9viter notamment tout acc\u00e8s non autoris\u00e9, de garantir l\u2019exactitude et une bonne utilisation des donn\u00e9es, <strong>Mar\u00eame Diongue &#8211; \u00c2me PsyRituelle<\/strong>\u00a0a mis en place des proc\u00e9dures \u00e9lectroniques, physiques et d\u2019encadrement appropri\u00e9es en vue de sauvegarder et pr\u00e9server les donn\u00e9es recueillies \u00e0 travers ses services.<br \/>\nSi malgr\u00e9 ces pr\u00e9cautions une faille de s\u00e9curit\u00e9 venait \u00e0 vous impacter, <strong>Mar\u00eame Diongue &#8211; \u00c2me PsyRituelle<\/strong>\u00a0s\u2019engage \u00e0 vous en informer d\u00e8s que possible et \u00e0 faire ses meilleurs efforts pour prendre toutes les mesures possibles pour neutraliser l\u2019intrusion et en minimiser les impacts.<\/p>\n<blockquote>\n<p style=\"text-align: center;\"><strong>Pour toute question, n\u2019h\u00e9sitez pas \u00e0 nous contacter sur contact@ame-psyrituelle.com<\/strong><\/p>\n<\/blockquote>\n","protected":false},"excerpt":{"rendered":"<p>La pr\u00e9sente politique de confidentialit\u00e9 d\u00e9finit et vous informe de la mani\u00e8re dont Mar\u00eame Diongue &#8211; \u00c2me PsyRituelle\u00a0utilise et prot\u00e8ge les informations que vous nous fournissez, lorsque vous utilisez notre site internet. Cette politique de confidentialit\u00e9 est susceptible d\u2019\u00eatre modifi\u00e9e&#8230;<\/p>\n","protected":false},"author":1,"featured_media":0,"parent":0,"menu_order":0,"comment_status":"closed","ping_status":"open","template":"","meta":{"footnotes":""},"class_list":["post-3","page","type-page","status-publish","hentry"],"yoast_head":"<!-- This site is optimized with the Yoast SEO plugin v27.3 - https:\/\/yoast.com\/product\/yoast-seo-wordpress\/ -->\n<title>Politique de confidentialit\u00e9 - Ame PsyRituElle<\/title>\n<meta name=\"robots\" content=\"index, follow, max-snippet:-1, max-image-preview:large, max-video-preview:-1\" \/>\n<link rel=\"canonical\" href=\"https:\/\/ame-psyrituelle.com\/index.php\/politique-de-confidentialite\/\" \/>\n<meta property=\"og:locale\" content=\"fr_FR\" \/>\n<meta property=\"og:type\" content=\"article\" \/>\n<meta property=\"og:title\" content=\"Politique de confidentialit\u00e9 - Ame PsyRituElle\" \/>\n<meta property=\"og:description\" content=\"La pr\u00e9sente politique de confidentialit\u00e9 d\u00e9finit et vous informe de la mani\u00e8re dont Mar\u00eame Diongue &#8211; \u00c2me PsyRituelle\u00a0utilise et prot\u00e8ge les informations que vous nous fournissez, lorsque vous utilisez notre site internet. Cette politique de confidentialit\u00e9 est susceptible d\u2019\u00eatre modifi\u00e9e...\" \/>\n<meta property=\"og:url\" content=\"https:\/\/ame-psyrituelle.com\/index.php\/politique-de-confidentialite\/\" \/>\n<meta property=\"og:site_name\" content=\"Ame PsyRituElle\" \/>\n<meta property=\"article:publisher\" content=\"https:\/\/www.facebook.com\/Ame-Psyrituelle-102055595373154\/\" \/>\n<meta property=\"article:modified_time\" content=\"2021-06-09T07:49:37+00:00\" \/>\n<meta name=\"twitter:card\" content=\"summary_large_image\" \/>\n<meta name=\"twitter:label1\" content=\"Dur\u00e9e de lecture estim\u00e9e\" \/>\n\t<meta name=\"twitter:data1\" content=\"7 minutes\" \/>\n<script type=\"application\/ld+json\" class=\"yoast-schema-graph\">{\"@context\":\"https:\\\/\\\/schema.org\",\"@graph\":[{\"@type\":\"WebPage\",\"@id\":\"https:\\\/\\\/ame-psyrituelle.com\\\/index.php\\\/politique-de-confidentialite\\\/\",\"url\":\"https:\\\/\\\/ame-psyrituelle.com\\\/index.php\\\/politique-de-confidentialite\\\/\",\"name\":\"Politique de confidentialit\u00e9 - Ame PsyRituElle\",\"isPartOf\":{\"@id\":\"https:\\\/\\\/ame-psyrituelle.com\\\/#website\"},\"datePublished\":\"2021-03-16T10:18:08+00:00\",\"dateModified\":\"2021-06-09T07:49:37+00:00\",\"breadcrumb\":{\"@id\":\"https:\\\/\\\/ame-psyrituelle.com\\\/index.php\\\/politique-de-confidentialite\\\/#breadcrumb\"},\"inLanguage\":\"fr-FR\",\"potentialAction\":[{\"@type\":\"ReadAction\",\"target\":[\"https:\\\/\\\/ame-psyrituelle.com\\\/index.php\\\/politique-de-confidentialite\\\/\"]}]},{\"@type\":\"BreadcrumbList\",\"@id\":\"https:\\\/\\\/ame-psyrituelle.com\\\/index.php\\\/politique-de-confidentialite\\\/#breadcrumb\",\"itemListElement\":[{\"@type\":\"ListItem\",\"position\":1,\"name\":\"Accueil\",\"item\":\"https:\\\/\\\/ame-psyrituelle.com\\\/\"},{\"@type\":\"ListItem\",\"position\":2,\"name\":\"Politique de confidentialit\u00e9\"}]},{\"@type\":\"WebSite\",\"@id\":\"https:\\\/\\\/ame-psyrituelle.com\\\/#website\",\"url\":\"https:\\\/\\\/ame-psyrituelle.com\\\/\",\"name\":\"ame-psyrituelle.com\",\"description\":\"Psychoth\u00e9rapies, Hypnoth\u00e9rapies, Soins \u00e9nerg\u00e9tiques \u00e0 Caen en Normandie\",\"publisher\":{\"@id\":\"https:\\\/\\\/ame-psyrituelle.com\\\/#organization\"},\"potentialAction\":[{\"@type\":\"SearchAction\",\"target\":{\"@type\":\"EntryPoint\",\"urlTemplate\":\"https:\\\/\\\/ame-psyrituelle.com\\\/?s={search_term_string}\"},\"query-input\":{\"@type\":\"PropertyValueSpecification\",\"valueRequired\":true,\"valueName\":\"search_term_string\"}}],\"inLanguage\":\"fr-FR\"},{\"@type\":\"Organization\",\"@id\":\"https:\\\/\\\/ame-psyrituelle.com\\\/#organization\",\"name\":\"Ame Psyrituelle\",\"url\":\"https:\\\/\\\/ame-psyrituelle.com\\\/\",\"logo\":{\"@type\":\"ImageObject\",\"inLanguage\":\"fr-FR\",\"@id\":\"https:\\\/\\\/ame-psyrituelle.com\\\/#\\\/schema\\\/logo\\\/image\\\/\",\"url\":\"https:\\\/\\\/ame-psyrituelle.com\\\/wp-content\\\/uploads\\\/2021\\\/04\\\/ame-psy-Logo-big.png\",\"contentUrl\":\"https:\\\/\\\/ame-psyrituelle.com\\\/wp-content\\\/uploads\\\/2021\\\/04\\\/ame-psy-Logo-big.png\",\"width\":1182,\"height\":1182,\"caption\":\"Ame Psyrituelle\"},\"image\":{\"@id\":\"https:\\\/\\\/ame-psyrituelle.com\\\/#\\\/schema\\\/logo\\\/image\\\/\"},\"sameAs\":[\"https:\\\/\\\/www.facebook.com\\\/Ame-Psyrituelle-102055595373154\\\/\",\"https:\\\/\\\/www.instagram.com\\\/mareme.dion\\\/\"]}]}<\/script>\n<!-- \/ Yoast SEO plugin. -->","yoast_head_json":{"title":"Politique de confidentialit\u00e9 - Ame PsyRituElle","robots":{"index":"index","follow":"follow","max-snippet":"max-snippet:-1","max-image-preview":"max-image-preview:large","max-video-preview":"max-video-preview:-1"},"canonical":"https:\/\/ame-psyrituelle.com\/index.php\/politique-de-confidentialite\/","og_locale":"fr_FR","og_type":"article","og_title":"Politique de confidentialit\u00e9 - Ame PsyRituElle","og_description":"La pr\u00e9sente politique de confidentialit\u00e9 d\u00e9finit et vous informe de la mani\u00e8re dont Mar\u00eame Diongue &#8211; \u00c2me PsyRituelle\u00a0utilise et prot\u00e8ge les informations que vous nous fournissez, lorsque vous utilisez notre site internet. Cette politique de confidentialit\u00e9 est susceptible d\u2019\u00eatre modifi\u00e9e...","og_url":"https:\/\/ame-psyrituelle.com\/index.php\/politique-de-confidentialite\/","og_site_name":"Ame PsyRituElle","article_publisher":"https:\/\/www.facebook.com\/Ame-Psyrituelle-102055595373154\/","article_modified_time":"2021-06-09T07:49:37+00:00","twitter_card":"summary_large_image","twitter_misc":{"Dur\u00e9e de lecture estim\u00e9e":"7 minutes"},"schema":{"@context":"https:\/\/schema.org","@graph":[{"@type":"WebPage","@id":"https:\/\/ame-psyrituelle.com\/index.php\/politique-de-confidentialite\/","url":"https:\/\/ame-psyrituelle.com\/index.php\/politique-de-confidentialite\/","name":"Politique de confidentialit\u00e9 - Ame PsyRituElle","isPartOf":{"@id":"https:\/\/ame-psyrituelle.com\/#website"},"datePublished":"2021-03-16T10:18:08+00:00","dateModified":"2021-06-09T07:49:37+00:00","breadcrumb":{"@id":"https:\/\/ame-psyrituelle.com\/index.php\/politique-de-confidentialite\/#breadcrumb"},"inLanguage":"fr-FR","potentialAction":[{"@type":"ReadAction","target":["https:\/\/ame-psyrituelle.com\/index.php\/politique-de-confidentialite\/"]}]},{"@type":"BreadcrumbList","@id":"https:\/\/ame-psyrituelle.com\/index.php\/politique-de-confidentialite\/#breadcrumb","itemListElement":[{"@type":"ListItem","position":1,"name":"Accueil","item":"https:\/\/ame-psyrituelle.com\/"},{"@type":"ListItem","position":2,"name":"Politique de confidentialit\u00e9"}]},{"@type":"WebSite","@id":"https:\/\/ame-psyrituelle.com\/#website","url":"https:\/\/ame-psyrituelle.com\/","name":"ame-psyrituelle.com","description":"Psychoth\u00e9rapies, Hypnoth\u00e9rapies, Soins \u00e9nerg\u00e9tiques \u00e0 Caen en Normandie","publisher":{"@id":"https:\/\/ame-psyrituelle.com\/#organization"},"potentialAction":[{"@type":"SearchAction","target":{"@type":"EntryPoint","urlTemplate":"https:\/\/ame-psyrituelle.com\/?s={search_term_string}"},"query-input":{"@type":"PropertyValueSpecification","valueRequired":true,"valueName":"search_term_string"}}],"inLanguage":"fr-FR"},{"@type":"Organization","@id":"https:\/\/ame-psyrituelle.com\/#organization","name":"Ame Psyrituelle","url":"https:\/\/ame-psyrituelle.com\/","logo":{"@type":"ImageObject","inLanguage":"fr-FR","@id":"https:\/\/ame-psyrituelle.com\/#\/schema\/logo\/image\/","url":"https:\/\/ame-psyrituelle.com\/wp-content\/uploads\/2021\/04\/ame-psy-Logo-big.png","contentUrl":"https:\/\/ame-psyrituelle.com\/wp-content\/uploads\/2021\/04\/ame-psy-Logo-big.png","width":1182,"height":1182,"caption":"Ame Psyrituelle"},"image":{"@id":"https:\/\/ame-psyrituelle.com\/#\/schema\/logo\/image\/"},"sameAs":["https:\/\/www.facebook.com\/Ame-Psyrituelle-102055595373154\/","https:\/\/www.instagram.com\/mareme.dion\/"]}]}},"_links":{"self":[{"href":"https:\/\/ame-psyrituelle.com\/index.php\/wp-json\/wp\/v2\/pages\/3","targetHints":{"allow":["GET"]}}],"collection":[{"href":"https:\/\/ame-psyrituelle.com\/index.php\/wp-json\/wp\/v2\/pages"}],"about":[{"href":"https:\/\/ame-psyrituelle.com\/index.php\/wp-json\/wp\/v2\/types\/page"}],"author":[{"embeddable":true,"href":"https:\/\/ame-psyrituelle.com\/index.php\/wp-json\/wp\/v2\/users\/1"}],"replies":[{"embeddable":true,"href":"https:\/\/ame-psyrituelle.com\/index.php\/wp-json\/wp\/v2\/comments?post=3"}],"version-history":[{"count":1,"href":"https:\/\/ame-psyrituelle.com\/index.php\/wp-json\/wp\/v2\/pages\/3\/revisions"}],"predecessor-version":[{"id":189,"href":"https:\/\/ame-psyrituelle.com\/index.php\/wp-json\/wp\/v2\/pages\/3\/revisions\/189"}],"wp:attachment":[{"href":"https:\/\/ame-psyrituelle.com\/index.php\/wp-json\/wp\/v2\/media?parent=3"}],"curies":[{"name":"wp","href":"https:\/\/api.w.org\/{rel}","templated":true}]}}