{"id":45,"date":"2021-04-21T17:57:34","date_gmt":"2021-04-21T15:57:34","guid":{"rendered":"https:\/\/ame-psyrituelle.com\/?page_id=45"},"modified":"2021-07-08T17:29:02","modified_gmt":"2021-07-08T15:29:02","slug":"a-propos","status":"publish","type":"page","link":"https:\/\/ame-psyrituelle.com\/index.php\/a-propos\/","title":{"rendered":"\u00c0 Propos"},"content":{"rendered":"<p>[vc_row full_width=\u00a0\u00bbstretch_row_content_no_spaces\u00a0\u00bb css_animation=\u00a0\u00bbfadeIn\u00a0\u00bb remove_padding=\u00a0\u00bbno-padding-vc-row\u00a0\u00bb bg_type=\u00a0\u00bbimage\u00a0\u00bb parallax_style=\u00a0\u00bbvcpb-default\u00a0\u00bb bg_image_new=\u00a0\u00bbid^72|url^https:\/\/ame-psyrituelle.com\/wp-content\/uploads\/2021\/04\/Background_Complet_Accueil.png|caption^null|alt^null|title^Background_Complet_Accueil|description^null\u00a0\u00bb bg_image_repeat=\u00a0\u00bbno-repeat\u00a0\u00bb css=\u00a0\u00bb.vc_custom_1619074137445{background-color: rgba(255,252,245,0.4) !important;*background-color: rgb(255,252,245) !important;}\u00a0\u00bb el_class=\u00a0\u00bbbckaccueil\u00a0\u00bb][vc_column css=\u00a0\u00bb.vc_custom_1625758140437{padding-top: 8% !important;padding-right: 8% !important;padding-bottom: 8% !important;padding-left: 8% !important;}\u00a0\u00bb][vc_row_inner equal_height=\u00a0\u00bbyes\u00a0\u00bb content_placement=\u00a0\u00bbmiddle\u00a0\u00bb][vc_column_inner width=\u00a0\u00bb1\/2&Prime; css=\u00a0\u00bb.vc_custom_1619021656447{padding-top: 30px !important;padding-right: 30px !important;padding-bottom: 30px !important;padding-left: 30px !important;}\u00a0\u00bb][vc_single_image image=\u00a0\u00bb122&Prime; img_size=\u00a0\u00bbfull\u00a0\u00bb style=\u00a0\u00bbvc_box_circle_2&Prime; css_animation=\u00a0\u00bbfadeIn\u00a0\u00bb css=\u00a0\u00bb.vc_custom_1619084666337{padding-top: 25px !important;padding-right: 25px !important;padding-bottom: 25px !important;padding-left: 25px !important;}\u00a0\u00bb][\/vc_column_inner][vc_column_inner width=\u00a0\u00bb1\/2&Prime;]<div id=\"ultimate-heading-887169db9e6f5db23\" class=\"uvc-heading ult-adjust-bottom-margin ultimate-heading-887169db9e6f5db23 uvc-1539 \" data-hspacer=\"no_spacer\"  data-halign=\"center\" style=\"text-align:center\"><div class=\"uvc-heading-spacer no_spacer\" style=\"top\"><\/div><div class=\"uvc-sub-heading ult-responsive\"  data-ultimate-target='.uvc-heading.ultimate-heading-887169db9e6f5db23 .uvc-sub-heading '  data-responsive-json-new='{\"font-size\":\"desktop:30px;tablet:25px;tablet_portrait:25px;mobile_landscape:20px;mobile:20px;\",\"line-height\":\"\"}'  style=\"font-weight:normal;\"><\/p>\n<p style=\"text-align: center;\">Qui suis-je ?<\/p>\n<p><\/div><\/div>[vc_column_text]<\/p>\n<p style=\"text-align: center;\">Psychologue clinicienne depuis 2003, avec un parcours tr\u00e8s h\u00e9t\u00e9roclite, je suis form\u00e9e depuis plus de dix ans \u00e0 la psychologie clinique et pathologique (Paris V), de ce parcours est venu se compl\u00e9ter une formation en hypnose Ericksonnienne (promo 2016 et 2017) et hypnose r\u00e9gressive (spirituelle 2021).<\/p>\n<p style=\"text-align: center;\">Magn\u00e9tiseuse depuis l&rsquo;enfance, \u00ab\u00a0petit\u00a0\u00bb h\u00e9ritage familial, la curiosit\u00e9 et l&rsquo;envie d&rsquo;ouvrir plus largement ma pratique dans les soins \u00e9nerg\u00e9tiques m&rsquo;ont conduit \u00e0 m&rsquo;int\u00e9resser \u00e0 diff\u00e9rents domaines d&rsquo;activit\u00e9s tels que le reiki, la bio\u00e9nergie, la g\u00e9obiologie et l&rsquo;Access Bars Consciousness.<\/p>\n<p style=\"text-align: center;\">Du plus loin que je me souvienne, j&rsquo;ai toujours \u00e9t\u00e9 tourn\u00e9e vers l&rsquo;aide \u00e0 l&rsquo;autre. Empathe de nature, j&rsquo;ai toujours eu \u00e0 c\u0153ur d&rsquo;aider les personnes mises sur mon chemin, \u00e0 accueillir leur singularit\u00e9, \u00e0 d\u00e9couvrir leur potentialit\u00e9 et surtout \u00e0 participer \u00e0 leur propre gu\u00e9rison.<\/p>\n<p style=\"text-align: center;\">La bienveillance et le respect de votre personne dans toute sa globalit\u00e9 et sans jugement sera ma ligne de conduite.<\/p>\n<p style=\"text-align: center;\">Soyez assur\u00e9s du respect du secret professionnel dans le cadre de nos s\u00e9ances.<\/p>\n<p style=\"text-align: center;\">Les soins propos\u00e9s ne peuvent se substituer \u00e0 un diagnostic ou traitement m\u00e9dical. Et je n\u2019interf\u00e8re en aucun cas avec les pr\u00e9conisations et prescriptions m\u00e9dicales.<\/p>\n<p>[\/vc_column_text][\/vc_column_inner][\/vc_row_inner][vc_row_inner][vc_column_inner width=\u00a0\u00bb1\/6&Prime;][\/vc_column_inner][vc_column_inner width=\u00a0\u00bb2\/3&Prime;][vc_column_text]<\/p>\n<p style=\"text-align: center;\"><strong>Mar\u00eame Diongue<\/strong><\/p>\n<p style=\"text-align: center;\"><strong>Psychologue &#8211; \u00c9nerg\u00e9ticienne &#8211; Hypnoth\u00e9rapeute<br \/>\n<\/strong><\/p>\n<p style=\"text-align: center;\"><strong>Sur rendez-vous :<\/strong> en visio, \u00e0 distance, \u00e0 domicile.<\/p>\n<p style=\"text-align: center;\">Alors, si vous voulez en savoir plus, je vous propose un premier \u00e9change t\u00e9l\u00e9phonique qui nous permettra de mieux nous connaitre et voir si je peux vous apporter l\u2019aide dont vous avez r\u00e9ellement besoin.<\/p>\n<p style=\"text-align: center;\">N\u2019h\u00e9sitez pas \u00e0 me contacter par t\u00e9l\u00e9phone, par mail ou en utilisant le formulaire que vous trouverez <a href=\"https:\/\/ame-psyrituelle.com\/index.php\/contact-reservation\/\"><strong>sur la page Contact.<\/strong><\/a><\/p>\n<p style=\"text-align: center;\"><em><strong>Au plaisir d\u2019\u00e9changer avec vous !<\/strong><\/em><\/p>\n<p>[\/vc_column_text][vc_btn title=\u00a0\u00bbContactez-moi\u00a0\u00bb style=\u00a0\u00bbflat\u00a0\u00bb shape=\u00a0\u00bbround\u00a0\u00bb color=\u00a0\u00bbwarning\u00a0\u00bb size=\u00a0\u00bblg\u00a0\u00bb align=\u00a0\u00bbcenter\u00a0\u00bb css_animation=\u00a0\u00bbfadeIn\u00a0\u00bb button_block=\u00a0\u00bbtrue\u00a0\u00bb link=\u00a0\u00bburl:https%3A%2F%2Fame-psyrituelle.com%2Findex.php%2Fcontact-reservation%2F|title:Contact%20%26%20R%C3%A9servation\u00a0\u00bb][\/vc_column_inner][vc_column_inner width=\u00a0\u00bb1\/6&Prime;][\/vc_column_inner][\/vc_row_inner][\/vc_column][\/vc_row]<\/p>\n","protected":false},"excerpt":{"rendered":"<p>[vc_row full_width=\u00a0\u00bbstretch_row_content_no_spaces\u00a0\u00bb css_animation=\u00a0\u00bbfadeIn\u00a0\u00bb remove_padding=\u00a0\u00bbno-padding-vc-row\u00a0\u00bb bg_type=\u00a0\u00bbimage\u00a0\u00bb parallax_style=\u00a0\u00bbvcpb-default\u00a0\u00bb bg_image_new=\u00a0\u00bbid^72|url^https:\/\/ame-psyrituelle.com\/wp-content\/uploads\/2021\/04\/Background_Complet_Accueil.png|caption^null|alt^null|title^Background_Complet_Accueil|description^null\u00a0\u00bb bg_image_repeat=\u00a0\u00bbno-repeat\u00a0\u00bb css=\u00a0\u00bb.vc_custom_1619074137445{background-color: rgba(255,252,245,0.4) !important;*background-color: rgb(255,252,245) !important;}\u00a0\u00bb el_class=\u00a0\u00bbbckaccueil\u00a0\u00bb][vc_column css=\u00a0\u00bb.vc_custom_1625758140437{padding-top: 8% !important;padding-right: 8% !important;padding-bottom: 8% !important;padding-left: 8% !important;}\u00a0\u00bb][vc_row_inner equal_height=\u00a0\u00bbyes\u00a0\u00bb content_placement=\u00a0\u00bbmiddle\u00a0\u00bb][vc_column_inner width=\u00a0\u00bb1\/2&Prime; css=\u00a0\u00bb.vc_custom_1619021656447{padding-top: 30px !important;padding-right: 30px !important;padding-bottom: 30px !important;padding-left: 30px !important;}\u00a0\u00bb][vc_single_image image=\u00a0\u00bb122&Prime; img_size=\u00a0\u00bbfull\u00a0\u00bb style=\u00a0\u00bbvc_box_circle_2&Prime; css_animation=\u00a0\u00bbfadeIn\u00a0\u00bb css=\u00a0\u00bb.vc_custom_1619084666337{padding-top:&#8230;<\/p>\n","protected":false},"author":1,"featured_media":0,"parent":0,"menu_order":0,"comment_status":"closed","ping_status":"closed","template":"","meta":{"footnotes":""},"class_list":["post-45","page","type-page","status-publish","hentry"],"yoast_head":"<!-- This site is optimized with the Yoast SEO plugin v27.3 - https:\/\/yoast.com\/product\/yoast-seo-wordpress\/ -->\n<title>\u00c0 Propos - Ame PsyRituElle<\/title>\n<meta name=\"robots\" content=\"index, follow, max-snippet:-1, max-image-preview:large, max-video-preview:-1\" \/>\n<link rel=\"canonical\" href=\"https:\/\/ame-psyrituelle.com\/index.php\/a-propos\/\" \/>\n<meta property=\"og:locale\" content=\"fr_FR\" \/>\n<meta property=\"og:type\" content=\"article\" \/>\n<meta property=\"og:title\" content=\"\u00c0 Propos - Ame PsyRituElle\" \/>\n<meta property=\"og:description\" content=\"[vc_row full_width=\u00a0\u00bbstretch_row_content_no_spaces\u00a0\u00bb css_animation=\u00a0\u00bbfadeIn\u00a0\u00bb remove_padding=\u00a0\u00bbno-padding-vc-row\u00a0\u00bb bg_type=\u00a0\u00bbimage\u00a0\u00bb parallax_style=\u00a0\u00bbvcpb-default\u00a0\u00bb bg_image_new=\u00a0\u00bbid^72|url^https:\/\/ame-psyrituelle.com\/wp-content\/uploads\/2021\/04\/Background_Complet_Accueil.png|caption^null|alt^null|title^Background_Complet_Accueil|description^null\u00a0\u00bb bg_image_repeat=\u00a0\u00bbno-repeat\u00a0\u00bb css=\u00a0\u00bb.vc_custom_1619074137445{background-color: rgba(255,252,245,0.4) !important;*background-color: rgb(255,252,245) !important;}\u00a0\u00bb el_class=\u00a0\u00bbbckaccueil\u00a0\u00bb][vc_column css=\u00a0\u00bb.vc_custom_1625758140437{padding-top: 8% !important;padding-right: 8% !important;padding-bottom: 8% !important;padding-left: 8% !important;}\u00a0\u00bb][vc_row_inner equal_height=\u00a0\u00bbyes\u00a0\u00bb content_placement=\u00a0\u00bbmiddle\u00a0\u00bb][vc_column_inner width=\u00a0\u00bb1\/2&Prime; css=\u00a0\u00bb.vc_custom_1619021656447{padding-top: 30px !important;padding-right: 30px !important;padding-bottom: 30px !important;padding-left: 30px !important;}\u00a0\u00bb][vc_single_image image=\u00a0\u00bb122&Prime; img_size=\u00a0\u00bbfull\u00a0\u00bb style=\u00a0\u00bbvc_box_circle_2&Prime; css_animation=\u00a0\u00bbfadeIn\u00a0\u00bb css=\u00a0\u00bb.vc_custom_1619084666337{padding-top:...\" \/>\n<meta property=\"og:url\" content=\"https:\/\/ame-psyrituelle.com\/index.php\/a-propos\/\" \/>\n<meta property=\"og:site_name\" content=\"Ame PsyRituElle\" \/>\n<meta property=\"article:publisher\" content=\"https:\/\/www.facebook.com\/Ame-Psyrituelle-102055595373154\/\" \/>\n<meta property=\"article:modified_time\" content=\"2021-07-08T15:29:02+00:00\" \/>\n<meta name=\"twitter:card\" content=\"summary_large_image\" \/>\n<meta name=\"twitter:label1\" content=\"Dur\u00e9e de lecture estim\u00e9e\" \/>\n\t<meta name=\"twitter:data1\" content=\"2 minutes\" \/>\n<script type=\"application\/ld+json\" class=\"yoast-schema-graph\">{\"@context\":\"https:\\\/\\\/schema.org\",\"@graph\":[{\"@type\":\"WebPage\",\"@id\":\"https:\\\/\\\/ame-psyrituelle.com\\\/index.php\\\/a-propos\\\/\",\"url\":\"https:\\\/\\\/ame-psyrituelle.com\\\/index.php\\\/a-propos\\\/\",\"name\":\"\u00c0 Propos - Ame PsyRituElle\",\"isPartOf\":{\"@id\":\"https:\\\/\\\/ame-psyrituelle.com\\\/#website\"},\"datePublished\":\"2021-04-21T15:57:34+00:00\",\"dateModified\":\"2021-07-08T15:29:02+00:00\",\"breadcrumb\":{\"@id\":\"https:\\\/\\\/ame-psyrituelle.com\\\/index.php\\\/a-propos\\\/#breadcrumb\"},\"inLanguage\":\"fr-FR\",\"potentialAction\":[{\"@type\":\"ReadAction\",\"target\":[\"https:\\\/\\\/ame-psyrituelle.com\\\/index.php\\\/a-propos\\\/\"]}]},{\"@type\":\"BreadcrumbList\",\"@id\":\"https:\\\/\\\/ame-psyrituelle.com\\\/index.php\\\/a-propos\\\/#breadcrumb\",\"itemListElement\":[{\"@type\":\"ListItem\",\"position\":1,\"name\":\"Accueil\",\"item\":\"https:\\\/\\\/ame-psyrituelle.com\\\/\"},{\"@type\":\"ListItem\",\"position\":2,\"name\":\"\u00c0 Propos\"}]},{\"@type\":\"WebSite\",\"@id\":\"https:\\\/\\\/ame-psyrituelle.com\\\/#website\",\"url\":\"https:\\\/\\\/ame-psyrituelle.com\\\/\",\"name\":\"ame-psyrituelle.com\",\"description\":\"Psychoth\u00e9rapies, Hypnoth\u00e9rapies, Soins \u00e9nerg\u00e9tiques \u00e0 Caen en Normandie\",\"publisher\":{\"@id\":\"https:\\\/\\\/ame-psyrituelle.com\\\/#organization\"},\"potentialAction\":[{\"@type\":\"SearchAction\",\"target\":{\"@type\":\"EntryPoint\",\"urlTemplate\":\"https:\\\/\\\/ame-psyrituelle.com\\\/?s={search_term_string}\"},\"query-input\":{\"@type\":\"PropertyValueSpecification\",\"valueRequired\":true,\"valueName\":\"search_term_string\"}}],\"inLanguage\":\"fr-FR\"},{\"@type\":\"Organization\",\"@id\":\"https:\\\/\\\/ame-psyrituelle.com\\\/#organization\",\"name\":\"Ame Psyrituelle\",\"url\":\"https:\\\/\\\/ame-psyrituelle.com\\\/\",\"logo\":{\"@type\":\"ImageObject\",\"inLanguage\":\"fr-FR\",\"@id\":\"https:\\\/\\\/ame-psyrituelle.com\\\/#\\\/schema\\\/logo\\\/image\\\/\",\"url\":\"https:\\\/\\\/ame-psyrituelle.com\\\/wp-content\\\/uploads\\\/2021\\\/04\\\/ame-psy-Logo-big.png\",\"contentUrl\":\"https:\\\/\\\/ame-psyrituelle.com\\\/wp-content\\\/uploads\\\/2021\\\/04\\\/ame-psy-Logo-big.png\",\"width\":1182,\"height\":1182,\"caption\":\"Ame Psyrituelle\"},\"image\":{\"@id\":\"https:\\\/\\\/ame-psyrituelle.com\\\/#\\\/schema\\\/logo\\\/image\\\/\"},\"sameAs\":[\"https:\\\/\\\/www.facebook.com\\\/Ame-Psyrituelle-102055595373154\\\/\",\"https:\\\/\\\/www.instagram.com\\\/mareme.dion\\\/\"]}]}<\/script>\n<!-- \/ Yoast SEO plugin. -->","yoast_head_json":{"title":"\u00c0 Propos - Ame PsyRituElle","robots":{"index":"index","follow":"follow","max-snippet":"max-snippet:-1","max-image-preview":"max-image-preview:large","max-video-preview":"max-video-preview:-1"},"canonical":"https:\/\/ame-psyrituelle.com\/index.php\/a-propos\/","og_locale":"fr_FR","og_type":"article","og_title":"\u00c0 Propos - Ame PsyRituElle","og_description":"[vc_row full_width=\u00a0\u00bbstretch_row_content_no_spaces\u00a0\u00bb css_animation=\u00a0\u00bbfadeIn\u00a0\u00bb remove_padding=\u00a0\u00bbno-padding-vc-row\u00a0\u00bb bg_type=\u00a0\u00bbimage\u00a0\u00bb parallax_style=\u00a0\u00bbvcpb-default\u00a0\u00bb bg_image_new=\u00a0\u00bbid^72|url^https:\/\/ame-psyrituelle.com\/wp-content\/uploads\/2021\/04\/Background_Complet_Accueil.png|caption^null|alt^null|title^Background_Complet_Accueil|description^null\u00a0\u00bb bg_image_repeat=\u00a0\u00bbno-repeat\u00a0\u00bb css=\u00a0\u00bb.vc_custom_1619074137445{background-color: rgba(255,252,245,0.4) !important;*background-color: rgb(255,252,245) !important;}\u00a0\u00bb el_class=\u00a0\u00bbbckaccueil\u00a0\u00bb][vc_column css=\u00a0\u00bb.vc_custom_1625758140437{padding-top: 8% !important;padding-right: 8% !important;padding-bottom: 8% !important;padding-left: 8% !important;}\u00a0\u00bb][vc_row_inner equal_height=\u00a0\u00bbyes\u00a0\u00bb content_placement=\u00a0\u00bbmiddle\u00a0\u00bb][vc_column_inner width=\u00a0\u00bb1\/2&Prime; css=\u00a0\u00bb.vc_custom_1619021656447{padding-top: 30px !important;padding-right: 30px !important;padding-bottom: 30px !important;padding-left: 30px !important;}\u00a0\u00bb][vc_single_image image=\u00a0\u00bb122&Prime; img_size=\u00a0\u00bbfull\u00a0\u00bb style=\u00a0\u00bbvc_box_circle_2&Prime; css_animation=\u00a0\u00bbfadeIn\u00a0\u00bb css=\u00a0\u00bb.vc_custom_1619084666337{padding-top:...","og_url":"https:\/\/ame-psyrituelle.com\/index.php\/a-propos\/","og_site_name":"Ame PsyRituElle","article_publisher":"https:\/\/www.facebook.com\/Ame-Psyrituelle-102055595373154\/","article_modified_time":"2021-07-08T15:29:02+00:00","twitter_card":"summary_large_image","twitter_misc":{"Dur\u00e9e de lecture estim\u00e9e":"2 minutes"},"schema":{"@context":"https:\/\/schema.org","@graph":[{"@type":"WebPage","@id":"https:\/\/ame-psyrituelle.com\/index.php\/a-propos\/","url":"https:\/\/ame-psyrituelle.com\/index.php\/a-propos\/","name":"\u00c0 Propos - Ame PsyRituElle","isPartOf":{"@id":"https:\/\/ame-psyrituelle.com\/#website"},"datePublished":"2021-04-21T15:57:34+00:00","dateModified":"2021-07-08T15:29:02+00:00","breadcrumb":{"@id":"https:\/\/ame-psyrituelle.com\/index.php\/a-propos\/#breadcrumb"},"inLanguage":"fr-FR","potentialAction":[{"@type":"ReadAction","target":["https:\/\/ame-psyrituelle.com\/index.php\/a-propos\/"]}]},{"@type":"BreadcrumbList","@id":"https:\/\/ame-psyrituelle.com\/index.php\/a-propos\/#breadcrumb","itemListElement":[{"@type":"ListItem","position":1,"name":"Accueil","item":"https:\/\/ame-psyrituelle.com\/"},{"@type":"ListItem","position":2,"name":"\u00c0 Propos"}]},{"@type":"WebSite","@id":"https:\/\/ame-psyrituelle.com\/#website","url":"https:\/\/ame-psyrituelle.com\/","name":"ame-psyrituelle.com","description":"Psychoth\u00e9rapies, Hypnoth\u00e9rapies, Soins \u00e9nerg\u00e9tiques \u00e0 Caen en Normandie","publisher":{"@id":"https:\/\/ame-psyrituelle.com\/#organization"},"potentialAction":[{"@type":"SearchAction","target":{"@type":"EntryPoint","urlTemplate":"https:\/\/ame-psyrituelle.com\/?s={search_term_string}"},"query-input":{"@type":"PropertyValueSpecification","valueRequired":true,"valueName":"search_term_string"}}],"inLanguage":"fr-FR"},{"@type":"Organization","@id":"https:\/\/ame-psyrituelle.com\/#organization","name":"Ame Psyrituelle","url":"https:\/\/ame-psyrituelle.com\/","logo":{"@type":"ImageObject","inLanguage":"fr-FR","@id":"https:\/\/ame-psyrituelle.com\/#\/schema\/logo\/image\/","url":"https:\/\/ame-psyrituelle.com\/wp-content\/uploads\/2021\/04\/ame-psy-Logo-big.png","contentUrl":"https:\/\/ame-psyrituelle.com\/wp-content\/uploads\/2021\/04\/ame-psy-Logo-big.png","width":1182,"height":1182,"caption":"Ame Psyrituelle"},"image":{"@id":"https:\/\/ame-psyrituelle.com\/#\/schema\/logo\/image\/"},"sameAs":["https:\/\/www.facebook.com\/Ame-Psyrituelle-102055595373154\/","https:\/\/www.instagram.com\/mareme.dion\/"]}]}},"_links":{"self":[{"href":"https:\/\/ame-psyrituelle.com\/index.php\/wp-json\/wp\/v2\/pages\/45","targetHints":{"allow":["GET"]}}],"collection":[{"href":"https:\/\/ame-psyrituelle.com\/index.php\/wp-json\/wp\/v2\/pages"}],"about":[{"href":"https:\/\/ame-psyrituelle.com\/index.php\/wp-json\/wp\/v2\/types\/page"}],"author":[{"embeddable":true,"href":"https:\/\/ame-psyrituelle.com\/index.php\/wp-json\/wp\/v2\/users\/1"}],"replies":[{"embeddable":true,"href":"https:\/\/ame-psyrituelle.com\/index.php\/wp-json\/wp\/v2\/comments?post=45"}],"version-history":[{"count":1,"href":"https:\/\/ame-psyrituelle.com\/index.php\/wp-json\/wp\/v2\/pages\/45\/revisions"}],"predecessor-version":[{"id":226,"href":"https:\/\/ame-psyrituelle.com\/index.php\/wp-json\/wp\/v2\/pages\/45\/revisions\/226"}],"wp:attachment":[{"href":"https:\/\/ame-psyrituelle.com\/index.php\/wp-json\/wp\/v2\/media?parent=45"}],"curies":[{"name":"wp","href":"https:\/\/api.w.org\/{rel}","templated":true}]}}