{"id":46,"date":"2021-04-21T17:57:41","date_gmt":"2021-04-21T15:57:41","guid":{"rendered":"https:\/\/ame-psyrituelle.com\/?page_id=46"},"modified":"2021-07-08T17:25:57","modified_gmt":"2021-07-08T15:25:57","slug":"mes-services","status":"publish","type":"page","link":"https:\/\/ame-psyrituelle.com\/index.php\/mes-services\/","title":{"rendered":"Mes services"},"content":{"rendered":"<p>[vc_row full_width=\u00a0\u00bbstretch_row_content_no_spaces\u00a0\u00bb css_animation=\u00a0\u00bbfadeIn\u00a0\u00bb remove_padding=\u00a0\u00bbno-padding-vc-row\u00a0\u00bb bg_type=\u00a0\u00bbimage\u00a0\u00bb parallax_style=\u00a0\u00bbvcpb-default\u00a0\u00bb bg_image_new=\u00a0\u00bbid^72|url^https:\/\/ame-psyrituelle.com\/wp-content\/uploads\/2021\/04\/Background_Complet_Accueil.png|caption^null|alt^null|title^Background_Complet_Accueil|description^null\u00a0\u00bb bg_image_repeat=\u00a0\u00bbno-repeat\u00a0\u00bb css=\u00a0\u00bb.vc_custom_1619074137445{background-color: rgba(255,252,245,0.4) !important;*background-color: rgb(255,252,245) !important;}\u00a0\u00bb el_class=\u00a0\u00bbbckaccueil\u00a0\u00bb][vc_column css=\u00a0\u00bb.vc_custom_1625640149242{padding-top: 80px !important;padding-right: 7% !important;padding-bottom: 80px !important;padding-left: 7% !important;}\u00a0\u00bb][vc_row_inner equal_height=\u00a0\u00bbyes\u00a0\u00bb content_placement=\u00a0\u00bbmiddle\u00a0\u00bb][vc_column_inner width=\u00a0\u00bb1\/6&Prime; css=\u00a0\u00bb.vc_custom_1619021656447{padding-top: 30px !important;padding-right: 30px !important;padding-bottom: 30px !important;padding-left: 30px !important;}\u00a0\u00bb][\/vc_column_inner][vc_column_inner width=\u00a0\u00bb2\/3&Prime;][vc_column_text css_animation=\u00a0\u00bbfadeIn\u00a0\u00bb]<\/p>\n<h3 style=\"text-align: center;\"><strong>Th\u00e9rapeute holistique <\/strong><\/h3>\n<p style=\"text-align: center;\"><strong>k\u00e9sako me direz-vous ?<\/strong><\/p>\n<p style=\"text-align: justify; font-weight: 300;\">Eh bien, eh bien, je vais tenter de vous l&rsquo;expliquer en quelques mots, tout d&rsquo;abord venons en aux termes en eux-m\u00eames : holistique vient du grec \u00ab h\u00f3los \u00bb qui signifie \u00ab entier \u00bb et \u00ab therape\u00eda \u00bb se traduit par \u00ab soin \u00bb. Ce qui r\u00e9sume ainsi les choses, la Th\u00e9rapie Holistique est donc l\u2019art de prendre soin de l\u2019\u00eatre humain dans sa globalit\u00e9.<\/p>\n<p style=\"text-align: justify; font-weight: 300;\">Je dirais m\u00eame plus, l&rsquo;approche holistique est \u00ab\u00a0une hygi\u00e8ne de vie qui consid\u00e8re l\u2019homme dans toutes ses dimensions : physique, \u00e9nerg\u00e9tique, \u00e9motionnelle, mentale, psychique, spirituelle, sociale et culturelle\u00a0\u00bb.<br \/>\nD&rsquo;ailleurs, la science et l&rsquo;individu prennent de plus en plus conscience que l&rsquo;\u00catre humain est un ensemble vibratoire organis\u00e9 en deux grands syst\u00e8mes :<br \/>\nLe corps, compos\u00e9 des enveloppes physique (biologie) et \u00e9nerg\u00e9tique (r\u00e9seaux des m\u00e9ridiens, chakras&#8230;) Et l\u2019esprit compos\u00e9 de la sph\u00e8re \u00e9motionnelle en interaction avec celle du mental.<\/p>\n<p style=\"text-align: justify; font-weight: 300;\">Je vous propose gr\u00e2ce ces diff\u00e9rentes techniques en th\u00e9rapie holistique d&rsquo;harmoniser votre corps et votre esprit, et de repartir \u00e0 la conqu\u00eate de votre Soi!<br \/>\nPour la petite histoire, au fil de mon (R)\u00e9veil spirituel, j&rsquo;ai remarqu\u00e9 que tout me conduisait naturellement \u00e0 la guidance. Les multiples chemins que j&#8217;empruntais, pensant \u00e0 chaque fois m&rsquo;\u00e9garer un peu plus de ce que j&rsquo;\u00e9tais amen\u00e9e \u00e0 faire, m&rsquo;ont en fait juste guid\u00e9 \u00e0 retrouver la personne que je suis vraiment&#8230; en tout cas tout ce qui me tient \u00e0 c\u0153ur est r\u00e9uni ici.<\/p>\n<p style=\"text-align: justify; font-weight: 300;\">Aujourd&rsquo;hui je me rends compte que ma mission est de vous apporter une guidance qui se veut la plus compl\u00e8te possible.<\/p>\n<p style=\"font-weight: 300; text-align: center;\">Praticienne en relation d&rsquo;aide (psychologue clinicienne, \u00e9coute et bienveillance)<br \/>\nPraticienne certifi\u00e9e en Hypnose ericksonnienne \/ r\u00e9gressive et en Access Bars (gestion des \u00e9motions, pens\u00e9es limitantes, phobies, sevrage tabagique, blocages karmiques, &#8230;)<br \/>\nMa\u00eetre Enseignante Reiki Usui<br \/>\nBio\u00e9nerg\u00e9ticienne (magn\u00e9tisme, radiesth\u00e9sie)<\/p>\n<p style=\"text-align: justify; font-weight: 300;\">Chaque technique me permet d\u2019exercer \u00e0 part enti\u00e8re une activit\u00e9 passionnante tourn\u00e9e vers l\u2019humain. Dans l\u2019approche holistique, ces diff\u00e9rentes activit\u00e9s se veulent toutes compl\u00e9mentaires. Donc en fonction de vos besoins, j&rsquo;alternerai en permanence ces diff\u00e9rentes pratiques pour vous proposer un accompagnement le plus personnalis\u00e9 possible afin de vous aider dans votre \u00e9volution.<\/p>\n<p>[\/vc_column_text][vc_column_text]<\/p>\n<h3 style=\"text-align: center;\">Un espace d\u00e9di\u00e9 \u00e0 l&rsquo;\u00e9coute de votre \u00catre<\/h3>\n<p>[\/vc_column_text][vc_btn title=\u00a0\u00bbContactez-moi\u00a0\u00bb style=\u00a0\u00bbflat\u00a0\u00bb shape=\u00a0\u00bbround\u00a0\u00bb color=\u00a0\u00bbwarning\u00a0\u00bb align=\u00a0\u00bbcenter\u00a0\u00bb css_animation=\u00a0\u00bbfadeIn\u00a0\u00bb link=\u00a0\u00bburl:https%3A%2F%2Fame-psyrituelle.com%2Findex.php%2Fcontact-reservation%2F|title:Contact%20%26%20R%C3%A9servation\u00a0\u00bb][\/vc_column_inner][vc_column_inner width=\u00a0\u00bb1\/6&Prime;][\/vc_column_inner][\/vc_row_inner][vc_row_inner equal_height=\u00a0\u00bbyes\u00a0\u00bb content_placement=\u00a0\u00bbmiddle\u00a0\u00bb css=\u00a0\u00bb.vc_custom_1619073628350{padding-top: 30px !important;padding-right: 30px !important;padding-bottom: 30px !important;padding-left: 30px !important;}\u00a0\u00bb][vc_column_inner width=\u00a0\u00bb1\/4&Prime; css=\u00a0\u00bb.vc_custom_1619021656447{padding-top: 30px !important;padding-right: 30px !important;padding-bottom: 30px !important;padding-left: 30px !important;}\u00a0\u00bb]<div class=\"ult-just-icon-wrapper  \"><div class=\"align-icon\" style=\"text-align:center;\">\n<a class=\"aio-tooltip 69db9e370491e\" href=\"https:\/\/ame-psyrituelle.com\/index.php\/mes-services\/mes-services-en-detail#psychologue\" title=\"Psychoth\u00e9rapies\"  data-toggle=\"tooltip\" data-placement=\"\"><div class=\"aio-icon-img \" style=\"font-size:100px;display:inline-block;\" data-animation=\"rollIn\" data-animation-delay=\"03\">\n\t<img decoding=\"async\" class=\"img-icon\" alt=\"null\" src=\"https:\/\/ame-psyrituelle.com\/wp-content\/uploads\/2021\/04\/Psychologue_Caen.png\"\/>\n<\/div><\/a><\/div><\/div><span id=\"creative-link-wrap-9885\" class=\"ult_main_cl ult-adjust-bottom-margin btnserv \" >\r\n\t \t\t\t<span class=\"  ult_crlink\" >\r\n\t\t\t\t\t<a  data-ultimate-target='#creative-link-wrap-9885 .ult_colorlink'  data-responsive-json-new='{\"font-size\":\"desktop:45px;tablet:35px;tablet_portrait:35px;mobile_landscape:35px;mobile:35px;\",\"line-height\":\"\"}'  href=\"https:\/\/ame-psyrituelle.com\/index.php\/mes-services\/mes-services-en-detail#psychologue\" title=\"Psychoth\u00e9rapies\"  class=\"ult_colorlink ult-responsive \" style=\"font-weight:normal; \"  data-textcolor=\"#b58500\" data-texthover=\"#2d2e82\"data-style=\"\">\r\n\t\t\t\t\t\t\r\n\t\t\t\t\t\t<span data-hover=\"Psychoth\u00e9rapies\" style=\"color:#b58500;;;\" class=\"ult_btn10_span   \">Psychoth\u00e9rapies<\/span>\r\n\t\t\t\t\t\t\r\n\t\t\t\t\t<\/a>\r\n\t\t\t\t<\/span>\r\n\t\t\t<\/span>[\/vc_column_inner][vc_column_inner width=\u00a0\u00bb1\/4&Prime;]<div class=\"ult-just-icon-wrapper  \"><div class=\"align-icon\" style=\"text-align:center;\">\n<a class=\"aio-tooltip 69db9e3704d90\" href=\"https:\/\/ame-psyrituelle.com\/index.php\/mes-services\/mes-services-en-detail#hypnotherapies\" title=\"Hypnoth\u00e9rapies\"  data-toggle=\"tooltip\" data-placement=\"\"><div class=\"aio-icon-img \" style=\"font-size:100px;display:inline-block;\" data-animation=\"rollIn\" data-animation-delay=\"03\">\n\t<img decoding=\"async\" class=\"img-icon\" alt=\"null\" src=\"https:\/\/ame-psyrituelle.com\/wp-content\/uploads\/2021\/04\/Hypnose_Caen.png\"\/>\n<\/div><\/a><\/div><\/div><span id=\"creative-link-wrap-7282\" class=\"ult_main_cl ult-adjust-bottom-margin btnserv \" >\r\n\t \t\t\t<span class=\"  ult_crlink\" >\r\n\t\t\t\t\t<a  data-ultimate-target='#creative-link-wrap-7282 .ult_colorlink'  data-responsive-json-new='{\"font-size\":\"desktop:45px;tablet:35px;tablet_portrait:35px;mobile_landscape:35px;mobile:35px;\",\"line-height\":\"\"}'  href=\"https:\/\/ame-psyrituelle.com\/index.php\/mes-services\/mes-services-en-detail#hypnotherapies\" title=\"Hypnoth\u00e9rapies\"  class=\"ult_colorlink ult-responsive \" style=\"font-weight:normal; \"  data-textcolor=\"#b58500\" data-texthover=\"#2d2e82\"data-style=\"\">\r\n\t\t\t\t\t\t\r\n\t\t\t\t\t\t<span data-hover=\"Hypnoth\u00e9rapies\" style=\"color:#b58500;;;\" class=\"ult_btn10_span   \">Hypnoth\u00e9rapies<\/span>\r\n\t\t\t\t\t\t\r\n\t\t\t\t\t<\/a>\r\n\t\t\t\t<\/span>\r\n\t\t\t<\/span>[\/vc_column_inner][vc_column_inner width=\u00a0\u00bb1\/4&Prime;]<div class=\"ult-just-icon-wrapper  \"><div class=\"align-icon\" style=\"text-align:center;\">\n<a class=\"aio-tooltip 69db9e3705153\" href=\"https:\/\/ame-psyrituelle.com\/index.php\/mes-services\/mes-services-en-detail#energetiques\" title=\"Soins \u00e9nerg\u00e9tiques\"  data-toggle=\"tooltip\" data-placement=\"\"><div class=\"aio-icon-img \" style=\"font-size:100px;display:inline-block;\" data-animation=\"rollIn\" data-animation-delay=\"03\">\n\t<img decoding=\"async\" class=\"img-icon\" alt=\"null\" src=\"https:\/\/ame-psyrituelle.com\/wp-content\/uploads\/2021\/04\/Therapie_Energetique_Caen.png\"\/>\n<\/div><\/a><\/div><\/div><span id=\"creative-link-wrap-3062\" class=\"ult_main_cl ult-adjust-bottom-margin btnserv \" >\r\n\t \t\t\t<span class=\"  ult_crlink\" >\r\n\t\t\t\t\t<a  data-ultimate-target='#creative-link-wrap-3062 .ult_colorlink'  data-responsive-json-new='{\"font-size\":\"desktop:45px;tablet:35px;tablet_portrait:35px;mobile_landscape:35px;mobile:35px;\",\"line-height\":\"\"}'  href=\"https:\/\/ame-psyrituelle.com\/index.php\/mes-services\/mes-services-en-detail#energetiques\" title=\"Soins \u00e9nerg\u00e9tiques\"  class=\"ult_colorlink ult-responsive \" style=\"font-weight:normal; \"  data-textcolor=\"#b58500\" data-texthover=\"#2d2e82\"data-style=\"\">\r\n\t\t\t\t\t\t\r\n\t\t\t\t\t\t<span data-hover=\"Soins \u00e9nerg\u00e9tiques\" style=\"color:#b58500;;;\" class=\"ult_btn10_span   \">Soins \u00e9nerg\u00e9tiques<\/span>\r\n\t\t\t\t\t\t\r\n\t\t\t\t\t<\/a>\r\n\t\t\t\t<\/span>\r\n\t\t\t<\/span>[\/vc_column_inner][vc_column_inner width=\u00a0\u00bb1\/4&Prime;]<div class=\"ult-just-icon-wrapper  \"><div class=\"align-icon\" style=\"text-align:center;\">\n<a class=\"aio-tooltip 69db9e3705472\" href=\"https:\/\/ame-psyrituelle.com\/index.php\/mes-services\/mes-services-en-detail#evenements\" title=\"\u00c9v\u00e9nements aVenir\"  data-toggle=\"tooltip\" data-placement=\"\"><div class=\"aio-icon-img \" style=\"font-size:100px;display:inline-block;\" data-animation=\"rollIn\" data-animation-delay=\"03\">\n\t<img decoding=\"async\" class=\"img-icon\" alt=\"null\" src=\"https:\/\/ame-psyrituelle.com\/wp-content\/uploads\/2021\/05\/Evenement_Avenir_Guidance_Voyance_Caen.png\"\/>\n<\/div><\/a><\/div><\/div><span id=\"creative-link-wrap-7563\" class=\"ult_main_cl ult-adjust-bottom-margin btnserv \" >\r\n\t \t\t\t<span class=\"  ult_crlink\" >\r\n\t\t\t\t\t<a  data-ultimate-target='#creative-link-wrap-7563 .ult_colorlink'  data-responsive-json-new='{\"font-size\":\"desktop:45px;tablet:35px;tablet_portrait:35px;mobile_landscape:35px;mobile:35px;\",\"line-height\":\"\"}'  href=\"https:\/\/ame-psyrituelle.com\/index.php\/mes-services\/mes-services-en-detail#evenements\" title=\"\u00c9v\u00e9nements aVenir\"  class=\"ult_colorlink ult-responsive \" style=\"font-weight:normal; \"  data-textcolor=\"#b58500\" data-texthover=\"#2d2e82\"data-style=\"\">\r\n\t\t\t\t\t\t\r\n\t\t\t\t\t\t<span data-hover=\"\u00c9v\u00e9nements aVenir\" style=\"color:#b58500;;;\" class=\"ult_btn10_span   \">\u00c9v\u00e9nements aVenir<\/span>\r\n\t\t\t\t\t\t\r\n\t\t\t\t\t<\/a>\r\n\t\t\t\t<\/span>\r\n\t\t\t<\/span>[\/vc_column_inner][\/vc_row_inner][vc_empty_space][vc_btn title=\u00a0\u00bbR\u00e9servez votre s\u00e9ance\u00a0\u00bb style=\u00a0\u00bbflat\u00a0\u00bb shape=\u00a0\u00bbround\u00a0\u00bb color=\u00a0\u00bbwarning\u00a0\u00bb size=\u00a0\u00bblg\u00a0\u00bb align=\u00a0\u00bbcenter\u00a0\u00bb css_animation=\u00a0\u00bbfadeIn\u00a0\u00bb button_block=\u00a0\u00bbtrue\u00a0\u00bb link=\u00a0\u00bburl:https%3A%2F%2Fame-psyrituelle.com%2Findex.php%2Fcontact-reservation%2F|title:Contact%20%26%20R%C3%A9servation\u00a0\u00bb][vc_empty_space][\/vc_column][\/vc_row]<\/p>\n","protected":false},"excerpt":{"rendered":"<p>[vc_row full_width=\u00a0\u00bbstretch_row_content_no_spaces\u00a0\u00bb css_animation=\u00a0\u00bbfadeIn\u00a0\u00bb remove_padding=\u00a0\u00bbno-padding-vc-row\u00a0\u00bb bg_type=\u00a0\u00bbimage\u00a0\u00bb parallax_style=\u00a0\u00bbvcpb-default\u00a0\u00bb bg_image_new=\u00a0\u00bbid^72|url^https:\/\/ame-psyrituelle.com\/wp-content\/uploads\/2021\/04\/Background_Complet_Accueil.png|caption^null|alt^null|title^Background_Complet_Accueil|description^null\u00a0\u00bb bg_image_repeat=\u00a0\u00bbno-repeat\u00a0\u00bb css=\u00a0\u00bb.vc_custom_1619074137445{background-color: rgba(255,252,245,0.4) !important;*background-color: rgb(255,252,245) !important;}\u00a0\u00bb el_class=\u00a0\u00bbbckaccueil\u00a0\u00bb][vc_column css=\u00a0\u00bb.vc_custom_1625640149242{padding-top: 80px !important;padding-right: 7% !important;padding-bottom: 80px !important;padding-left: 7% !important;}\u00a0\u00bb][vc_row_inner equal_height=\u00a0\u00bbyes\u00a0\u00bb content_placement=\u00a0\u00bbmiddle\u00a0\u00bb][vc_column_inner width=\u00a0\u00bb1\/6&Prime; css=\u00a0\u00bb.vc_custom_1619021656447{padding-top: 30px !important;padding-right: 30px !important;padding-bottom: 30px !important;padding-left: 30px !important;}\u00a0\u00bb][\/vc_column_inner][vc_column_inner width=\u00a0\u00bb2\/3&Prime;][vc_column_text css_animation=\u00a0\u00bbfadeIn\u00a0\u00bb] Th\u00e9rapeute holistique k\u00e9sako&#8230;<\/p>\n","protected":false},"author":1,"featured_media":0,"parent":0,"menu_order":0,"comment_status":"closed","ping_status":"closed","template":"","meta":{"footnotes":""},"class_list":["post-46","page","type-page","status-publish","hentry"],"yoast_head":"<!-- This site is optimized with the Yoast SEO plugin v27.3 - https:\/\/yoast.com\/product\/yoast-seo-wordpress\/ -->\n<title>Mes services - Ame PsyRituElle<\/title>\n<meta name=\"robots\" content=\"index, follow, max-snippet:-1, max-image-preview:large, max-video-preview:-1\" \/>\n<link rel=\"canonical\" href=\"https:\/\/ame-psyrituelle.com\/index.php\/mes-services\/\" \/>\n<meta property=\"og:locale\" content=\"fr_FR\" \/>\n<meta property=\"og:type\" content=\"article\" \/>\n<meta property=\"og:title\" content=\"Mes services - Ame PsyRituElle\" \/>\n<meta property=\"og:description\" content=\"[vc_row full_width=\u00a0\u00bbstretch_row_content_no_spaces\u00a0\u00bb css_animation=\u00a0\u00bbfadeIn\u00a0\u00bb remove_padding=\u00a0\u00bbno-padding-vc-row\u00a0\u00bb bg_type=\u00a0\u00bbimage\u00a0\u00bb parallax_style=\u00a0\u00bbvcpb-default\u00a0\u00bb bg_image_new=\u00a0\u00bbid^72|url^https:\/\/ame-psyrituelle.com\/wp-content\/uploads\/2021\/04\/Background_Complet_Accueil.png|caption^null|alt^null|title^Background_Complet_Accueil|description^null\u00a0\u00bb bg_image_repeat=\u00a0\u00bbno-repeat\u00a0\u00bb css=\u00a0\u00bb.vc_custom_1619074137445{background-color: rgba(255,252,245,0.4) !important;*background-color: rgb(255,252,245) !important;}\u00a0\u00bb el_class=\u00a0\u00bbbckaccueil\u00a0\u00bb][vc_column css=\u00a0\u00bb.vc_custom_1625640149242{padding-top: 80px !important;padding-right: 7% !important;padding-bottom: 80px !important;padding-left: 7% !important;}\u00a0\u00bb][vc_row_inner equal_height=\u00a0\u00bbyes\u00a0\u00bb content_placement=\u00a0\u00bbmiddle\u00a0\u00bb][vc_column_inner width=\u00a0\u00bb1\/6&Prime; css=\u00a0\u00bb.vc_custom_1619021656447{padding-top: 30px !important;padding-right: 30px !important;padding-bottom: 30px !important;padding-left: 30px !important;}\u00a0\u00bb][\/vc_column_inner][vc_column_inner width=\u00a0\u00bb2\/3&Prime;][vc_column_text css_animation=\u00a0\u00bbfadeIn\u00a0\u00bb] Th\u00e9rapeute holistique k\u00e9sako...\" \/>\n<meta property=\"og:url\" content=\"https:\/\/ame-psyrituelle.com\/index.php\/mes-services\/\" \/>\n<meta property=\"og:site_name\" content=\"Ame PsyRituElle\" \/>\n<meta property=\"article:publisher\" content=\"https:\/\/www.facebook.com\/Ame-Psyrituelle-102055595373154\/\" \/>\n<meta property=\"article:modified_time\" content=\"2021-07-08T15:25:57+00:00\" \/>\n<meta name=\"twitter:card\" content=\"summary_large_image\" \/>\n<meta name=\"twitter:label1\" content=\"Dur\u00e9e de lecture estim\u00e9e\" \/>\n\t<meta name=\"twitter:data1\" content=\"3 minutes\" \/>\n<script type=\"application\/ld+json\" class=\"yoast-schema-graph\">{\"@context\":\"https:\\\/\\\/schema.org\",\"@graph\":[{\"@type\":\"WebPage\",\"@id\":\"https:\\\/\\\/ame-psyrituelle.com\\\/index.php\\\/mes-services\\\/\",\"url\":\"https:\\\/\\\/ame-psyrituelle.com\\\/index.php\\\/mes-services\\\/\",\"name\":\"Mes services - Ame PsyRituElle\",\"isPartOf\":{\"@id\":\"https:\\\/\\\/ame-psyrituelle.com\\\/#website\"},\"datePublished\":\"2021-04-21T15:57:41+00:00\",\"dateModified\":\"2021-07-08T15:25:57+00:00\",\"breadcrumb\":{\"@id\":\"https:\\\/\\\/ame-psyrituelle.com\\\/index.php\\\/mes-services\\\/#breadcrumb\"},\"inLanguage\":\"fr-FR\",\"potentialAction\":[{\"@type\":\"ReadAction\",\"target\":[\"https:\\\/\\\/ame-psyrituelle.com\\\/index.php\\\/mes-services\\\/\"]}]},{\"@type\":\"BreadcrumbList\",\"@id\":\"https:\\\/\\\/ame-psyrituelle.com\\\/index.php\\\/mes-services\\\/#breadcrumb\",\"itemListElement\":[{\"@type\":\"ListItem\",\"position\":1,\"name\":\"Accueil\",\"item\":\"https:\\\/\\\/ame-psyrituelle.com\\\/\"},{\"@type\":\"ListItem\",\"position\":2,\"name\":\"Mes services\"}]},{\"@type\":\"WebSite\",\"@id\":\"https:\\\/\\\/ame-psyrituelle.com\\\/#website\",\"url\":\"https:\\\/\\\/ame-psyrituelle.com\\\/\",\"name\":\"ame-psyrituelle.com\",\"description\":\"Psychoth\u00e9rapies, Hypnoth\u00e9rapies, Soins \u00e9nerg\u00e9tiques \u00e0 Caen en Normandie\",\"publisher\":{\"@id\":\"https:\\\/\\\/ame-psyrituelle.com\\\/#organization\"},\"potentialAction\":[{\"@type\":\"SearchAction\",\"target\":{\"@type\":\"EntryPoint\",\"urlTemplate\":\"https:\\\/\\\/ame-psyrituelle.com\\\/?s={search_term_string}\"},\"query-input\":{\"@type\":\"PropertyValueSpecification\",\"valueRequired\":true,\"valueName\":\"search_term_string\"}}],\"inLanguage\":\"fr-FR\"},{\"@type\":\"Organization\",\"@id\":\"https:\\\/\\\/ame-psyrituelle.com\\\/#organization\",\"name\":\"Ame Psyrituelle\",\"url\":\"https:\\\/\\\/ame-psyrituelle.com\\\/\",\"logo\":{\"@type\":\"ImageObject\",\"inLanguage\":\"fr-FR\",\"@id\":\"https:\\\/\\\/ame-psyrituelle.com\\\/#\\\/schema\\\/logo\\\/image\\\/\",\"url\":\"https:\\\/\\\/ame-psyrituelle.com\\\/wp-content\\\/uploads\\\/2021\\\/04\\\/ame-psy-Logo-big.png\",\"contentUrl\":\"https:\\\/\\\/ame-psyrituelle.com\\\/wp-content\\\/uploads\\\/2021\\\/04\\\/ame-psy-Logo-big.png\",\"width\":1182,\"height\":1182,\"caption\":\"Ame Psyrituelle\"},\"image\":{\"@id\":\"https:\\\/\\\/ame-psyrituelle.com\\\/#\\\/schema\\\/logo\\\/image\\\/\"},\"sameAs\":[\"https:\\\/\\\/www.facebook.com\\\/Ame-Psyrituelle-102055595373154\\\/\",\"https:\\\/\\\/www.instagram.com\\\/mareme.dion\\\/\"]}]}<\/script>\n<!-- \/ Yoast SEO plugin. -->","yoast_head_json":{"title":"Mes services - Ame PsyRituElle","robots":{"index":"index","follow":"follow","max-snippet":"max-snippet:-1","max-image-preview":"max-image-preview:large","max-video-preview":"max-video-preview:-1"},"canonical":"https:\/\/ame-psyrituelle.com\/index.php\/mes-services\/","og_locale":"fr_FR","og_type":"article","og_title":"Mes services - Ame PsyRituElle","og_description":"[vc_row full_width=\u00a0\u00bbstretch_row_content_no_spaces\u00a0\u00bb css_animation=\u00a0\u00bbfadeIn\u00a0\u00bb remove_padding=\u00a0\u00bbno-padding-vc-row\u00a0\u00bb bg_type=\u00a0\u00bbimage\u00a0\u00bb parallax_style=\u00a0\u00bbvcpb-default\u00a0\u00bb bg_image_new=\u00a0\u00bbid^72|url^https:\/\/ame-psyrituelle.com\/wp-content\/uploads\/2021\/04\/Background_Complet_Accueil.png|caption^null|alt^null|title^Background_Complet_Accueil|description^null\u00a0\u00bb bg_image_repeat=\u00a0\u00bbno-repeat\u00a0\u00bb css=\u00a0\u00bb.vc_custom_1619074137445{background-color: rgba(255,252,245,0.4) !important;*background-color: rgb(255,252,245) !important;}\u00a0\u00bb el_class=\u00a0\u00bbbckaccueil\u00a0\u00bb][vc_column css=\u00a0\u00bb.vc_custom_1625640149242{padding-top: 80px !important;padding-right: 7% !important;padding-bottom: 80px !important;padding-left: 7% !important;}\u00a0\u00bb][vc_row_inner equal_height=\u00a0\u00bbyes\u00a0\u00bb content_placement=\u00a0\u00bbmiddle\u00a0\u00bb][vc_column_inner width=\u00a0\u00bb1\/6&Prime; css=\u00a0\u00bb.vc_custom_1619021656447{padding-top: 30px !important;padding-right: 30px !important;padding-bottom: 30px !important;padding-left: 30px !important;}\u00a0\u00bb][\/vc_column_inner][vc_column_inner width=\u00a0\u00bb2\/3&Prime;][vc_column_text css_animation=\u00a0\u00bbfadeIn\u00a0\u00bb] Th\u00e9rapeute holistique k\u00e9sako...","og_url":"https:\/\/ame-psyrituelle.com\/index.php\/mes-services\/","og_site_name":"Ame PsyRituElle","article_publisher":"https:\/\/www.facebook.com\/Ame-Psyrituelle-102055595373154\/","article_modified_time":"2021-07-08T15:25:57+00:00","twitter_card":"summary_large_image","twitter_misc":{"Dur\u00e9e de lecture estim\u00e9e":"3 minutes"},"schema":{"@context":"https:\/\/schema.org","@graph":[{"@type":"WebPage","@id":"https:\/\/ame-psyrituelle.com\/index.php\/mes-services\/","url":"https:\/\/ame-psyrituelle.com\/index.php\/mes-services\/","name":"Mes services - Ame PsyRituElle","isPartOf":{"@id":"https:\/\/ame-psyrituelle.com\/#website"},"datePublished":"2021-04-21T15:57:41+00:00","dateModified":"2021-07-08T15:25:57+00:00","breadcrumb":{"@id":"https:\/\/ame-psyrituelle.com\/index.php\/mes-services\/#breadcrumb"},"inLanguage":"fr-FR","potentialAction":[{"@type":"ReadAction","target":["https:\/\/ame-psyrituelle.com\/index.php\/mes-services\/"]}]},{"@type":"BreadcrumbList","@id":"https:\/\/ame-psyrituelle.com\/index.php\/mes-services\/#breadcrumb","itemListElement":[{"@type":"ListItem","position":1,"name":"Accueil","item":"https:\/\/ame-psyrituelle.com\/"},{"@type":"ListItem","position":2,"name":"Mes services"}]},{"@type":"WebSite","@id":"https:\/\/ame-psyrituelle.com\/#website","url":"https:\/\/ame-psyrituelle.com\/","name":"ame-psyrituelle.com","description":"Psychoth\u00e9rapies, Hypnoth\u00e9rapies, Soins \u00e9nerg\u00e9tiques \u00e0 Caen en Normandie","publisher":{"@id":"https:\/\/ame-psyrituelle.com\/#organization"},"potentialAction":[{"@type":"SearchAction","target":{"@type":"EntryPoint","urlTemplate":"https:\/\/ame-psyrituelle.com\/?s={search_term_string}"},"query-input":{"@type":"PropertyValueSpecification","valueRequired":true,"valueName":"search_term_string"}}],"inLanguage":"fr-FR"},{"@type":"Organization","@id":"https:\/\/ame-psyrituelle.com\/#organization","name":"Ame Psyrituelle","url":"https:\/\/ame-psyrituelle.com\/","logo":{"@type":"ImageObject","inLanguage":"fr-FR","@id":"https:\/\/ame-psyrituelle.com\/#\/schema\/logo\/image\/","url":"https:\/\/ame-psyrituelle.com\/wp-content\/uploads\/2021\/04\/ame-psy-Logo-big.png","contentUrl":"https:\/\/ame-psyrituelle.com\/wp-content\/uploads\/2021\/04\/ame-psy-Logo-big.png","width":1182,"height":1182,"caption":"Ame Psyrituelle"},"image":{"@id":"https:\/\/ame-psyrituelle.com\/#\/schema\/logo\/image\/"},"sameAs":["https:\/\/www.facebook.com\/Ame-Psyrituelle-102055595373154\/","https:\/\/www.instagram.com\/mareme.dion\/"]}]}},"_links":{"self":[{"href":"https:\/\/ame-psyrituelle.com\/index.php\/wp-json\/wp\/v2\/pages\/46","targetHints":{"allow":["GET"]}}],"collection":[{"href":"https:\/\/ame-psyrituelle.com\/index.php\/wp-json\/wp\/v2\/pages"}],"about":[{"href":"https:\/\/ame-psyrituelle.com\/index.php\/wp-json\/wp\/v2\/types\/page"}],"author":[{"embeddable":true,"href":"https:\/\/ame-psyrituelle.com\/index.php\/wp-json\/wp\/v2\/users\/1"}],"replies":[{"embeddable":true,"href":"https:\/\/ame-psyrituelle.com\/index.php\/wp-json\/wp\/v2\/comments?post=46"}],"version-history":[{"count":2,"href":"https:\/\/ame-psyrituelle.com\/index.php\/wp-json\/wp\/v2\/pages\/46\/revisions"}],"predecessor-version":[{"id":223,"href":"https:\/\/ame-psyrituelle.com\/index.php\/wp-json\/wp\/v2\/pages\/46\/revisions\/223"}],"wp:attachment":[{"href":"https:\/\/ame-psyrituelle.com\/index.php\/wp-json\/wp\/v2\/media?parent=46"}],"curies":[{"name":"wp","href":"https:\/\/api.w.org\/{rel}","templated":true}]}}