{"id":47,"date":"2021-04-21T17:58:05","date_gmt":"2021-04-21T15:58:05","guid":{"rendered":"https:\/\/ame-psyrituelle.com\/?page_id=47"},"modified":"2021-07-08T17:27:41","modified_gmt":"2021-07-08T15:27:41","slug":"temoignages","status":"publish","type":"page","link":"https:\/\/ame-psyrituelle.com\/index.php\/temoignages\/","title":{"rendered":"T\u00e9moignages"},"content":{"rendered":"<p>[vc_row full_width=\u00a0\u00bbstretch_row_content_no_spaces\u00a0\u00bb css_animation=\u00a0\u00bbfadeIn\u00a0\u00bb remove_padding=\u00a0\u00bbno-padding-vc-row\u00a0\u00bb bg_type=\u00a0\u00bbimage\u00a0\u00bb parallax_style=\u00a0\u00bbvcpb-default\u00a0\u00bb bg_image_new=\u00a0\u00bbid^72|url^https:\/\/ame-psyrituelle.com\/wp-content\/uploads\/2021\/04\/Background_Complet_Accueil.png|caption^null|alt^null|title^Background_Complet_Accueil|description^null\u00a0\u00bb bg_image_repeat=\u00a0\u00bbno-repeat\u00a0\u00bb css=\u00a0\u00bb.vc_custom_1619074137445{background-color: rgba(255,252,245,0.4) !important;*background-color: rgb(255,252,245) !important;}\u00a0\u00bb el_class=\u00a0\u00bbbckaccueil\u00a0\u00bb][vc_column css=\u00a0\u00bb.vc_custom_1625758059492{padding-top: 8% !important;padding-right: 8% !important;padding-bottom: 8% !important;padding-left: 8% !important;}\u00a0\u00bb]<div id=\"ultimate-heading-710969f57ec1b5e1a\" class=\"uvc-heading ult-adjust-bottom-margin ultimate-heading-710969f57ec1b5e1a uvc-6151 \" data-hspacer=\"no_spacer\"  data-halign=\"center\" style=\"text-align:center\"><div class=\"uvc-heading-spacer no_spacer\" style=\"top\"><\/div><div class=\"uvc-main-heading ult-responsive\"  data-ultimate-target='.uvc-heading.ultimate-heading-710969f57ec1b5e1a h2'  data-responsive-json-new='{\"font-size\":\"desktop:50px;tablet:40px;tablet_portrait:30px;mobile_landscape:30px;mobile:25px;\",\"line-height\":\"\"}' ><h2 style=\"font-weight:normal;color:#2d2e82;\">T\u00e9moignages<\/h2><\/div><\/div>[vc_row_inner equal_height=\u00a0\u00bbyes\u00a0\u00bb content_placement=\u00a0\u00bbmiddle\u00a0\u00bb gap=\u00a0\u00bb35&Prime; css=\u00a0\u00bb.vc_custom_1623171372352{padding-top: 20px !important;padding-right: 3% !important;padding-bottom: 20px !important;padding-left: 3% !important;}\u00a0\u00bb][vc_column_inner width=\u00a0\u00bb1\/2&Prime;][vc_column_text]<\/p>\n<blockquote>\n<p style=\"text-align: center;\">\u00ab\u00a0Atteinte de douleur \u00e0 l&rsquo;\u00e9paule depuis 17ans apr\u00e8s une luxation, j&rsquo;avais depuis cela une sensation d&rsquo;inconfort, une grosse g\u00eane et de vive douleurs qui m&#8217;emp\u00eachaient parfois de dormir ou me r\u00e9veill\u00e9es en pleine nuit avec le bras compl\u00e8tement dur et tendu.<br \/>\nLors de cette s\u00e9ance d&rsquo;hypnose il s&rsquo;est pass\u00e9 quelque chose,<span class=\"Apple-converted-space\">\u00a0 <\/span>une sensation d&rsquo;apaisement de bien-\u00eatre,<span class=\"Apple-converted-space\">\u00a0 <\/span>\u00e0 l&rsquo;heure d&rsquo;aujourd&rsquo;hui 4 ans apr\u00e8s j&rsquo;\u00e9prouve une g\u00eane de temps en temps mais aucune douleur d&rsquo;antan.<br \/>\nMar\u00eame a un vrai don pour soigner les mots\/maux des autres <span class=\"s1\">\u2764\u00a0\u00bb<\/span><\/p>\n<\/blockquote>\n<p style=\"text-align: right;\"><span class=\"s1\">Alexandrine<\/span><\/p>\n<p>[\/vc_column_text][\/vc_column_inner][vc_column_inner width=\u00a0\u00bb1\/2&Prime;][vc_column_text]<\/p>\n<blockquote>\n<p style=\"text-align: center;\">\u00ab\u00a0Ton humanit\u00e9 et ta bienveillance sont hors normes. Si chacun pouvait avoir ne serait ce qu 1\/10eme de ta lumi\u00e8re irradiante le monde serait un paradis, tu es exceptionnelle.<br \/>\nTr\u00e8s juste dans tes pr\u00e9dictions, merveilleuse dans tes soins.<br \/>\nBref je ne peux que te recommander<span class=\"s1\">\u00a0\u00bb\u00a0<\/span><\/p>\n<\/blockquote>\n<p style=\"text-align: right;\">Fanny<\/p>\n<p>[\/vc_column_text][\/vc_column_inner][\/vc_row_inner][vc_row_inner equal_height=\u00a0\u00bbyes\u00a0\u00bb content_placement=\u00a0\u00bbmiddle\u00a0\u00bb gap=\u00a0\u00bb35&Prime; css=\u00a0\u00bb.vc_custom_1623171372352{padding-top: 20px !important;padding-right: 3% !important;padding-bottom: 20px !important;padding-left: 3% !important;}\u00a0\u00bb][vc_column_inner width=\u00a0\u00bb1\/2&Prime;][vc_column_text]<\/p>\n<blockquote>\n<p style=\"text-align: center;\">\u00ab\u00a0Mar\u00eame a une grande humanit\u00e9, le c\u0153ur ouvert, elle arrive \u00e0 capter des informations qui rendent ses soins et son approche de l\u2019autre, unique.\u00a0\u00bb<\/p>\n<\/blockquote>\n<p style=\"text-align: right;\">Genevi\u00e8ve<\/p>\n<p>[\/vc_column_text][\/vc_column_inner][vc_column_inner width=\u00a0\u00bb1\/2&Prime;][vc_column_text]<\/p>\n<blockquote>\n<p style=\"text-align: center;\">\u00ab\u00a0Tu es belle, et tu as une \u00e9nergie \u00e9tonnante, tu cernes et sait nous mener au mieux vers la voix de l&rsquo;amour&#8230;<br \/>\nUne \u00e9nergie vivifiante, un amour avec un sourire qui ne m\u00e8ne aucun doute, tu es un ange <span class=\"s1\">\u2764<br \/>\n<\/span>Merci infiniment d&rsquo;avoir crois\u00e9 ma route <span class=\"s1\">\u2764\u00a0\u00bb<\/span><\/p>\n<\/blockquote>\n<p style=\"text-align: right;\">Maryse<\/p>\n<p>[\/vc_column_text][\/vc_column_inner][\/vc_row_inner][vc_row_inner equal_height=\u00a0\u00bbyes\u00a0\u00bb content_placement=\u00a0\u00bbmiddle\u00a0\u00bb gap=\u00a0\u00bb35&Prime; css=\u00a0\u00bb.vc_custom_1625641342367{padding-top: 20px !important;padding-right: 3% !important;padding-bottom: 20px !important;padding-left: 3% !important;}\u00a0\u00bb][vc_column_inner width=\u00a0\u00bb1\/2&Prime;][vc_column_text]<\/p>\n<blockquote>\n<p style=\"text-align: center;\">\u00ab\u00a0Il va \u00eatre difficile de rendre gr\u00e2ce au travail de cette \u00e2me magnifique. Outre les soins et guidances exceptionnels qu\u2019elle nous fait, j\u2019ai eu l\u2019immense chance de b\u00e9n\u00e9ficier d\u2019une hypnose r\u00e9gressive sur les m\u00e9moires bloquantes. Je n\u2019aurai jamais imagin\u00e9 vivre une exp\u00e9rience aussi intense. Et comme de l\u00e9g\u00e8res bulles de savons, \u00c2me psyrituelle m\u2019a lib\u00e9r\u00e9 de toutes mes angoisses et mes craintes pour \u00eatre enfin EN PAIX<\/p>\n<div dir=\"auto\" style=\"text-align: center;\">Alors merci, merci \u00e0 cet ange d\u2019avoir crois\u00e9 ma vie et de m\u2019avoir lib\u00e9r\u00e9 de mes tourments <span class=\"pq6dq46d tbxw36s4 knj5qynh kvgmc6g5 ditlmg2l oygrvhab nvdbi5me sf5mxxl7 gl3lb2sf hhz5lgdu\"><img loading=\"lazy\" decoding=\"async\" src=\"https:\/\/static.xx.fbcdn.net\/images\/emoji.php\/v9\/t2d\/2\/16\/2665.png\" alt=\"\u2665\ufe0f\" width=\"16\" height=\"16\" \/>\u00a0\u00bb\u00a0<\/span><\/div>\n<\/blockquote>\n<p style=\"text-align: right;\">Fanny<\/p>\n<p>[\/vc_column_text][\/vc_column_inner][vc_column_inner width=\u00a0\u00bb1\/2&Prime;][\/vc_column_inner][\/vc_row_inner][vc_empty_space][vc_row_inner equal_height=\u00a0\u00bbyes\u00a0\u00bb content_placement=\u00a0\u00bbmiddle\u00a0\u00bb][vc_column_inner width=\u00a0\u00bb1\/6&Prime; css=\u00a0\u00bb.vc_custom_1619021656447{padding-top: 30px !important;padding-right: 30px !important;padding-bottom: 30px !important;padding-left: 30px !important;}\u00a0\u00bb][\/vc_column_inner][vc_column_inner width=\u00a0\u00bb2\/3&Prime;][vc_column_text]<\/p>\n<h3 style=\"text-align: center;\">Un espace d\u00e9di\u00e9 \u00e0 l&rsquo;\u00e9coute de votre \u00catre<\/h3>\n<p>[\/vc_column_text][vc_btn title=\u00a0\u00bbContactez-moi\u00a0\u00bb style=\u00a0\u00bbflat\u00a0\u00bb shape=\u00a0\u00bbround\u00a0\u00bb color=\u00a0\u00bbwarning\u00a0\u00bb align=\u00a0\u00bbcenter\u00a0\u00bb css_animation=\u00a0\u00bbfadeIn\u00a0\u00bb link=\u00a0\u00bburl:https%3A%2F%2Fame-psyrituelle.com%2Findex.php%2Fcontact-reservation%2F|title:Contact%20%26%20R%C3%A9servation\u00a0\u00bb][\/vc_column_inner][vc_column_inner width=\u00a0\u00bb1\/6&Prime;][\/vc_column_inner][\/vc_row_inner][vc_empty_space][\/vc_column][\/vc_row]<\/p>\n","protected":false},"excerpt":{"rendered":"<p>[vc_row full_width=\u00a0\u00bbstretch_row_content_no_spaces\u00a0\u00bb css_animation=\u00a0\u00bbfadeIn\u00a0\u00bb remove_padding=\u00a0\u00bbno-padding-vc-row\u00a0\u00bb bg_type=\u00a0\u00bbimage\u00a0\u00bb parallax_style=\u00a0\u00bbvcpb-default\u00a0\u00bb bg_image_new=\u00a0\u00bbid^72|url^https:\/\/ame-psyrituelle.com\/wp-content\/uploads\/2021\/04\/Background_Complet_Accueil.png|caption^null|alt^null|title^Background_Complet_Accueil|description^null\u00a0\u00bb bg_image_repeat=\u00a0\u00bbno-repeat\u00a0\u00bb css=\u00a0\u00bb.vc_custom_1619074137445{background-color: rgba(255,252,245,0.4) !important;*background-color: rgb(255,252,245) !important;}\u00a0\u00bb el_class=\u00a0\u00bbbckaccueil\u00a0\u00bb][vc_column css=\u00a0\u00bb.vc_custom_1625758059492{padding-top: 8% !important;padding-right: 8% !important;padding-bottom: 8% !important;padding-left: 8% !important;}\u00a0\u00bb][vc_row_inner equal_height=\u00a0\u00bbyes\u00a0\u00bb content_placement=\u00a0\u00bbmiddle\u00a0\u00bb gap=\u00a0\u00bb35&Prime; css=\u00a0\u00bb.vc_custom_1623171372352{padding-top: 20px !important;padding-right: 3% !important;padding-bottom: 20px !important;padding-left: 3% !important;}\u00a0\u00bb][vc_column_inner width=\u00a0\u00bb1\/2&Prime;][vc_column_text] \u00ab\u00a0Atteinte de douleur \u00e0&#8230;<\/p>\n","protected":false},"author":1,"featured_media":0,"parent":0,"menu_order":0,"comment_status":"closed","ping_status":"closed","template":"","meta":{"footnotes":""},"class_list":["post-47","page","type-page","status-publish","hentry"],"yoast_head":"<!-- This site is optimized with the Yoast SEO plugin v27.5 - https:\/\/yoast.com\/product\/yoast-seo-wordpress\/ -->\n<title>T\u00e9moignages - Ame PsyRituElle<\/title>\n<meta name=\"robots\" content=\"index, follow, max-snippet:-1, max-image-preview:large, max-video-preview:-1\" \/>\n<link rel=\"canonical\" href=\"https:\/\/ame-psyrituelle.com\/index.php\/temoignages\/\" \/>\n<meta property=\"og:locale\" content=\"fr_FR\" \/>\n<meta property=\"og:type\" content=\"article\" \/>\n<meta property=\"og:title\" content=\"T\u00e9moignages - Ame PsyRituElle\" \/>\n<meta property=\"og:description\" content=\"[vc_row full_width=\u00a0\u00bbstretch_row_content_no_spaces\u00a0\u00bb css_animation=\u00a0\u00bbfadeIn\u00a0\u00bb remove_padding=\u00a0\u00bbno-padding-vc-row\u00a0\u00bb bg_type=\u00a0\u00bbimage\u00a0\u00bb parallax_style=\u00a0\u00bbvcpb-default\u00a0\u00bb bg_image_new=\u00a0\u00bbid^72|url^https:\/\/ame-psyrituelle.com\/wp-content\/uploads\/2021\/04\/Background_Complet_Accueil.png|caption^null|alt^null|title^Background_Complet_Accueil|description^null\u00a0\u00bb bg_image_repeat=\u00a0\u00bbno-repeat\u00a0\u00bb css=\u00a0\u00bb.vc_custom_1619074137445{background-color: rgba(255,252,245,0.4) !important;*background-color: rgb(255,252,245) !important;}\u00a0\u00bb el_class=\u00a0\u00bbbckaccueil\u00a0\u00bb][vc_column css=\u00a0\u00bb.vc_custom_1625758059492{padding-top: 8% !important;padding-right: 8% !important;padding-bottom: 8% !important;padding-left: 8% !important;}\u00a0\u00bb][vc_row_inner equal_height=\u00a0\u00bbyes\u00a0\u00bb content_placement=\u00a0\u00bbmiddle\u00a0\u00bb gap=\u00a0\u00bb35&Prime; css=\u00a0\u00bb.vc_custom_1623171372352{padding-top: 20px !important;padding-right: 3% !important;padding-bottom: 20px !important;padding-left: 3% !important;}\u00a0\u00bb][vc_column_inner width=\u00a0\u00bb1\/2&Prime;][vc_column_text] \u00ab\u00a0Atteinte de douleur \u00e0...\" \/>\n<meta property=\"og:url\" content=\"https:\/\/ame-psyrituelle.com\/index.php\/temoignages\/\" \/>\n<meta property=\"og:site_name\" content=\"Ame PsyRituElle\" \/>\n<meta property=\"article:publisher\" content=\"https:\/\/www.facebook.com\/Ame-Psyrituelle-102055595373154\/\" \/>\n<meta property=\"article:modified_time\" content=\"2021-07-08T15:27:41+00:00\" \/>\n<meta property=\"og:image\" content=\"https:\/\/static.xx.fbcdn.net\/images\/emoji.php\/v9\/t2d\/2\/16\/2665.png\" \/>\n<meta name=\"twitter:card\" content=\"summary_large_image\" \/>\n<meta name=\"twitter:label1\" content=\"Dur\u00e9e de lecture estim\u00e9e\" \/>\n\t<meta name=\"twitter:data1\" content=\"2 minutes\" \/>\n<script type=\"application\/ld+json\" class=\"yoast-schema-graph\">{\"@context\":\"https:\\\/\\\/schema.org\",\"@graph\":[{\"@type\":\"WebPage\",\"@id\":\"https:\\\/\\\/ame-psyrituelle.com\\\/index.php\\\/temoignages\\\/\",\"url\":\"https:\\\/\\\/ame-psyrituelle.com\\\/index.php\\\/temoignages\\\/\",\"name\":\"T\u00e9moignages - Ame PsyRituElle\",\"isPartOf\":{\"@id\":\"https:\\\/\\\/ame-psyrituelle.com\\\/#website\"},\"primaryImageOfPage\":{\"@id\":\"https:\\\/\\\/ame-psyrituelle.com\\\/index.php\\\/temoignages\\\/#primaryimage\"},\"image\":{\"@id\":\"https:\\\/\\\/ame-psyrituelle.com\\\/index.php\\\/temoignages\\\/#primaryimage\"},\"thumbnailUrl\":\"https:\\\/\\\/static.xx.fbcdn.net\\\/images\\\/emoji.php\\\/v9\\\/t2d\\\/2\\\/16\\\/2665.png\",\"datePublished\":\"2021-04-21T15:58:05+00:00\",\"dateModified\":\"2021-07-08T15:27:41+00:00\",\"breadcrumb\":{\"@id\":\"https:\\\/\\\/ame-psyrituelle.com\\\/index.php\\\/temoignages\\\/#breadcrumb\"},\"inLanguage\":\"fr-FR\",\"potentialAction\":[{\"@type\":\"ReadAction\",\"target\":[\"https:\\\/\\\/ame-psyrituelle.com\\\/index.php\\\/temoignages\\\/\"]}]},{\"@type\":\"ImageObject\",\"inLanguage\":\"fr-FR\",\"@id\":\"https:\\\/\\\/ame-psyrituelle.com\\\/index.php\\\/temoignages\\\/#primaryimage\",\"url\":\"https:\\\/\\\/static.xx.fbcdn.net\\\/images\\\/emoji.php\\\/v9\\\/t2d\\\/2\\\/16\\\/2665.png\",\"contentUrl\":\"https:\\\/\\\/static.xx.fbcdn.net\\\/images\\\/emoji.php\\\/v9\\\/t2d\\\/2\\\/16\\\/2665.png\"},{\"@type\":\"BreadcrumbList\",\"@id\":\"https:\\\/\\\/ame-psyrituelle.com\\\/index.php\\\/temoignages\\\/#breadcrumb\",\"itemListElement\":[{\"@type\":\"ListItem\",\"position\":1,\"name\":\"Accueil\",\"item\":\"https:\\\/\\\/ame-psyrituelle.com\\\/\"},{\"@type\":\"ListItem\",\"position\":2,\"name\":\"T\u00e9moignages\"}]},{\"@type\":\"WebSite\",\"@id\":\"https:\\\/\\\/ame-psyrituelle.com\\\/#website\",\"url\":\"https:\\\/\\\/ame-psyrituelle.com\\\/\",\"name\":\"ame-psyrituelle.com\",\"description\":\"Psychoth\u00e9rapies, Hypnoth\u00e9rapies, Soins \u00e9nerg\u00e9tiques \u00e0 Caen en Normandie\",\"publisher\":{\"@id\":\"https:\\\/\\\/ame-psyrituelle.com\\\/#organization\"},\"potentialAction\":[{\"@type\":\"SearchAction\",\"target\":{\"@type\":\"EntryPoint\",\"urlTemplate\":\"https:\\\/\\\/ame-psyrituelle.com\\\/?s={search_term_string}\"},\"query-input\":{\"@type\":\"PropertyValueSpecification\",\"valueRequired\":true,\"valueName\":\"search_term_string\"}}],\"inLanguage\":\"fr-FR\"},{\"@type\":\"Organization\",\"@id\":\"https:\\\/\\\/ame-psyrituelle.com\\\/#organization\",\"name\":\"Ame Psyrituelle\",\"url\":\"https:\\\/\\\/ame-psyrituelle.com\\\/\",\"logo\":{\"@type\":\"ImageObject\",\"inLanguage\":\"fr-FR\",\"@id\":\"https:\\\/\\\/ame-psyrituelle.com\\\/#\\\/schema\\\/logo\\\/image\\\/\",\"url\":\"https:\\\/\\\/ame-psyrituelle.com\\\/wp-content\\\/uploads\\\/2021\\\/04\\\/ame-psy-Logo-big.png\",\"contentUrl\":\"https:\\\/\\\/ame-psyrituelle.com\\\/wp-content\\\/uploads\\\/2021\\\/04\\\/ame-psy-Logo-big.png\",\"width\":1182,\"height\":1182,\"caption\":\"Ame Psyrituelle\"},\"image\":{\"@id\":\"https:\\\/\\\/ame-psyrituelle.com\\\/#\\\/schema\\\/logo\\\/image\\\/\"},\"sameAs\":[\"https:\\\/\\\/www.facebook.com\\\/Ame-Psyrituelle-102055595373154\\\/\",\"https:\\\/\\\/www.instagram.com\\\/mareme.dion\\\/\"]}]}<\/script>\n<!-- \/ Yoast SEO plugin. -->","yoast_head_json":{"title":"T\u00e9moignages - Ame PsyRituElle","robots":{"index":"index","follow":"follow","max-snippet":"max-snippet:-1","max-image-preview":"max-image-preview:large","max-video-preview":"max-video-preview:-1"},"canonical":"https:\/\/ame-psyrituelle.com\/index.php\/temoignages\/","og_locale":"fr_FR","og_type":"article","og_title":"T\u00e9moignages - Ame PsyRituElle","og_description":"[vc_row full_width=\u00a0\u00bbstretch_row_content_no_spaces\u00a0\u00bb css_animation=\u00a0\u00bbfadeIn\u00a0\u00bb remove_padding=\u00a0\u00bbno-padding-vc-row\u00a0\u00bb bg_type=\u00a0\u00bbimage\u00a0\u00bb parallax_style=\u00a0\u00bbvcpb-default\u00a0\u00bb bg_image_new=\u00a0\u00bbid^72|url^https:\/\/ame-psyrituelle.com\/wp-content\/uploads\/2021\/04\/Background_Complet_Accueil.png|caption^null|alt^null|title^Background_Complet_Accueil|description^null\u00a0\u00bb bg_image_repeat=\u00a0\u00bbno-repeat\u00a0\u00bb css=\u00a0\u00bb.vc_custom_1619074137445{background-color: rgba(255,252,245,0.4) !important;*background-color: rgb(255,252,245) !important;}\u00a0\u00bb el_class=\u00a0\u00bbbckaccueil\u00a0\u00bb][vc_column css=\u00a0\u00bb.vc_custom_1625758059492{padding-top: 8% !important;padding-right: 8% !important;padding-bottom: 8% !important;padding-left: 8% !important;}\u00a0\u00bb][vc_row_inner equal_height=\u00a0\u00bbyes\u00a0\u00bb content_placement=\u00a0\u00bbmiddle\u00a0\u00bb gap=\u00a0\u00bb35&Prime; css=\u00a0\u00bb.vc_custom_1623171372352{padding-top: 20px !important;padding-right: 3% !important;padding-bottom: 20px !important;padding-left: 3% !important;}\u00a0\u00bb][vc_column_inner width=\u00a0\u00bb1\/2&Prime;][vc_column_text] \u00ab\u00a0Atteinte de douleur \u00e0...","og_url":"https:\/\/ame-psyrituelle.com\/index.php\/temoignages\/","og_site_name":"Ame PsyRituElle","article_publisher":"https:\/\/www.facebook.com\/Ame-Psyrituelle-102055595373154\/","article_modified_time":"2021-07-08T15:27:41+00:00","og_image":[{"url":"https:\/\/static.xx.fbcdn.net\/images\/emoji.php\/v9\/t2d\/2\/16\/2665.png","type":"","width":"","height":""}],"twitter_card":"summary_large_image","twitter_misc":{"Dur\u00e9e de lecture estim\u00e9e":"2 minutes"},"schema":{"@context":"https:\/\/schema.org","@graph":[{"@type":"WebPage","@id":"https:\/\/ame-psyrituelle.com\/index.php\/temoignages\/","url":"https:\/\/ame-psyrituelle.com\/index.php\/temoignages\/","name":"T\u00e9moignages - Ame PsyRituElle","isPartOf":{"@id":"https:\/\/ame-psyrituelle.com\/#website"},"primaryImageOfPage":{"@id":"https:\/\/ame-psyrituelle.com\/index.php\/temoignages\/#primaryimage"},"image":{"@id":"https:\/\/ame-psyrituelle.com\/index.php\/temoignages\/#primaryimage"},"thumbnailUrl":"https:\/\/static.xx.fbcdn.net\/images\/emoji.php\/v9\/t2d\/2\/16\/2665.png","datePublished":"2021-04-21T15:58:05+00:00","dateModified":"2021-07-08T15:27:41+00:00","breadcrumb":{"@id":"https:\/\/ame-psyrituelle.com\/index.php\/temoignages\/#breadcrumb"},"inLanguage":"fr-FR","potentialAction":[{"@type":"ReadAction","target":["https:\/\/ame-psyrituelle.com\/index.php\/temoignages\/"]}]},{"@type":"ImageObject","inLanguage":"fr-FR","@id":"https:\/\/ame-psyrituelle.com\/index.php\/temoignages\/#primaryimage","url":"https:\/\/static.xx.fbcdn.net\/images\/emoji.php\/v9\/t2d\/2\/16\/2665.png","contentUrl":"https:\/\/static.xx.fbcdn.net\/images\/emoji.php\/v9\/t2d\/2\/16\/2665.png"},{"@type":"BreadcrumbList","@id":"https:\/\/ame-psyrituelle.com\/index.php\/temoignages\/#breadcrumb","itemListElement":[{"@type":"ListItem","position":1,"name":"Accueil","item":"https:\/\/ame-psyrituelle.com\/"},{"@type":"ListItem","position":2,"name":"T\u00e9moignages"}]},{"@type":"WebSite","@id":"https:\/\/ame-psyrituelle.com\/#website","url":"https:\/\/ame-psyrituelle.com\/","name":"ame-psyrituelle.com","description":"Psychoth\u00e9rapies, Hypnoth\u00e9rapies, Soins \u00e9nerg\u00e9tiques \u00e0 Caen en Normandie","publisher":{"@id":"https:\/\/ame-psyrituelle.com\/#organization"},"potentialAction":[{"@type":"SearchAction","target":{"@type":"EntryPoint","urlTemplate":"https:\/\/ame-psyrituelle.com\/?s={search_term_string}"},"query-input":{"@type":"PropertyValueSpecification","valueRequired":true,"valueName":"search_term_string"}}],"inLanguage":"fr-FR"},{"@type":"Organization","@id":"https:\/\/ame-psyrituelle.com\/#organization","name":"Ame Psyrituelle","url":"https:\/\/ame-psyrituelle.com\/","logo":{"@type":"ImageObject","inLanguage":"fr-FR","@id":"https:\/\/ame-psyrituelle.com\/#\/schema\/logo\/image\/","url":"https:\/\/ame-psyrituelle.com\/wp-content\/uploads\/2021\/04\/ame-psy-Logo-big.png","contentUrl":"https:\/\/ame-psyrituelle.com\/wp-content\/uploads\/2021\/04\/ame-psy-Logo-big.png","width":1182,"height":1182,"caption":"Ame Psyrituelle"},"image":{"@id":"https:\/\/ame-psyrituelle.com\/#\/schema\/logo\/image\/"},"sameAs":["https:\/\/www.facebook.com\/Ame-Psyrituelle-102055595373154\/","https:\/\/www.instagram.com\/mareme.dion\/"]}]}},"_links":{"self":[{"href":"https:\/\/ame-psyrituelle.com\/index.php\/wp-json\/wp\/v2\/pages\/47","targetHints":{"allow":["GET"]}}],"collection":[{"href":"https:\/\/ame-psyrituelle.com\/index.php\/wp-json\/wp\/v2\/pages"}],"about":[{"href":"https:\/\/ame-psyrituelle.com\/index.php\/wp-json\/wp\/v2\/types\/page"}],"author":[{"embeddable":true,"href":"https:\/\/ame-psyrituelle.com\/index.php\/wp-json\/wp\/v2\/users\/1"}],"replies":[{"embeddable":true,"href":"https:\/\/ame-psyrituelle.com\/index.php\/wp-json\/wp\/v2\/comments?post=47"}],"version-history":[{"count":3,"href":"https:\/\/ame-psyrituelle.com\/index.php\/wp-json\/wp\/v2\/pages\/47\/revisions"}],"predecessor-version":[{"id":225,"href":"https:\/\/ame-psyrituelle.com\/index.php\/wp-json\/wp\/v2\/pages\/47\/revisions\/225"}],"wp:attachment":[{"href":"https:\/\/ame-psyrituelle.com\/index.php\/wp-json\/wp\/v2\/media?parent=47"}],"curies":[{"name":"wp","href":"https:\/\/api.w.org\/{rel}","templated":true}]}}