{"id":48,"date":"2021-04-21T17:58:19","date_gmt":"2021-04-21T15:58:19","guid":{"rendered":"https:\/\/ame-psyrituelle.com\/?page_id=48"},"modified":"2026-03-04T15:00:49","modified_gmt":"2026-03-04T13:00:49","slug":"contact-reservation","status":"publish","type":"page","link":"https:\/\/ame-psyrituelle.com\/index.php\/contact-reservation\/","title":{"rendered":"Contact &#038; R\u00e9servation"},"content":{"rendered":"<p>[vc_row full_width=\u00a0\u00bbstretch_row_content_no_spaces\u00a0\u00bb full_height=\u00a0\u00bbyes\u00a0\u00bb columns_placement=\u00a0\u00bbtop\u00a0\u00bb content_placement=\u00a0\u00bbtop\u00a0\u00bb css_animation=\u00a0\u00bbfadeIn\u00a0\u00bb remove_padding=\u00a0\u00bbno-padding-vc-row\u00a0\u00bb bg_type=\u00a0\u00bbimage\u00a0\u00bb parallax_style=\u00a0\u00bbvcpb-default\u00a0\u00bb bg_image_new=\u00a0\u00bbid^72|url^https:\/\/ame-psyrituelle.com\/wp-content\/uploads\/2021\/04\/Background_Complet_Accueil.png|caption^null|alt^null|title^Background_Complet_Accueil|description^null\u00a0\u00bb bg_image_repeat=\u00a0\u00bbno-repeat\u00a0\u00bb css=\u00a0\u00bb.vc_custom_1623223060467{background-color: rgba(255,252,245,0.4) !important;*background-color: rgb(255,252,245) !important;}\u00a0\u00bb el_class=\u00a0\u00bbbckaccueil\u00a0\u00bb][vc_column width=\u00a0\u00bb1\/2&Prime; css=\u00a0\u00bb.vc_custom_1619021590971{padding-top: 80px !important;padding-right: 80px !important;padding-bottom: 80px !important;padding-left: 80px !important;}\u00a0\u00bb]<div id=\"ultimate-heading-142369e3f35b0e4d5\" class=\"uvc-heading ult-adjust-bottom-margin ultimate-heading-142369e3f35b0e4d5 uvc-4446 \" data-hspacer=\"no_spacer\"  data-halign=\"center\" style=\"text-align:center\"><div class=\"uvc-heading-spacer no_spacer\" style=\"top\"><\/div><div class=\"uvc-main-heading ult-responsive\"  data-ultimate-target='.uvc-heading.ultimate-heading-142369e3f35b0e4d5 h2'  data-responsive-json-new='{\"font-size\":\"desktop:50px;tablet:40px;tablet_portrait:30px;mobile_landscape:30px;mobile:25px;\",\"line-height\":\"\"}' ><h2 style=\"font-weight:normal;color:#2d2e82;\">Contact<\/h2><\/div><\/div>[vc_empty_space][vc_column_text]<div class=\"forminator-ui forminator-custom-form forminator-custom-form-162 forminator-design--flat  forminator_ajax\" data-forminator-render=\"0\" data-form=\"forminator-module-162\" data-uid=\"69e3f35b0e513\"><br\/><\/div><form\n\t\t\t\tid=\"forminator-module-162\"\n\t\t\t\tclass=\"forminator-ui forminator-custom-form forminator-custom-form-162 forminator-design--flat  forminator_ajax\"\n\t\t\t\tmethod=\"post\"\n\t\t\t\tdata-forminator-render=\"0\"\n\t\t\t\tdata-form-id=\"162\"\n\t\t\t\t data-color-option=\"default\" data-design=\"flat\" data-grid=\"open\" style=\"display: none;\"\n\t\t\t\tdata-uid=\"69e3f35b0e513\"\n\t\t\t><div role=\"alert\" aria-live=\"polite\" class=\"forminator-response-message forminator-error\" aria-hidden=\"true\"><\/div><div class=\"forminator-row\"><div id=\"name-1\" class=\"forminator-field-name forminator-col forminator-col-12 \"><div class=\"forminator-field\"><label for=\"forminator-field-name-1_69e3f35b0e513\" id=\"forminator-field-name-1_69e3f35b0e513-label\" class=\"forminator-label\">Pr\u00e9nom <span class=\"forminator-required\">*<\/span><\/label><input type=\"text\" name=\"name-1\" value=\"\" placeholder=\"Votre Pr\u00e9nom\" id=\"forminator-field-name-1_69e3f35b0e513\" class=\"forminator-input forminator-name--field\" aria-required=\"true\" autocomplete=\"name\" \/><\/div><\/div><\/div><div class=\"forminator-row\"><div id=\"email-1\" class=\"forminator-field-email forminator-col forminator-col-12 \"><div class=\"forminator-field\"><label for=\"forminator-field-email-1_69e3f35b0e513\" id=\"forminator-field-email-1_69e3f35b0e513-label\" class=\"forminator-label\">Adresse de messagerie <span class=\"forminator-required\">*<\/span><\/label><input type=\"email\" name=\"email-1\" value=\"\" placeholder=\"e-mail\" id=\"forminator-field-email-1_69e3f35b0e513\" class=\"forminator-input forminator-email--field\" data-required=\"true\" aria-required=\"true\" autocomplete=\"email\" \/><\/div><\/div><\/div><div class=\"forminator-row\"><div id=\"phone-1\" class=\"forminator-field-phone forminator-col forminator-col-12 \"><div class=\"forminator-field\"><label for=\"forminator-field-phone-1_69e3f35b0e513\" id=\"forminator-field-phone-1_69e3f35b0e513-label\" class=\"forminator-label\">Num\u00e9ro de t\u00e9l\u00e9phone<\/label><input type=\"text\" name=\"phone-1\" value=\"\" placeholder=\"0600000000\" id=\"forminator-field-phone-1_69e3f35b0e513\" class=\"forminator-input forminator-field--phone\" data-required=\"\" aria-required=\"false\" autocomplete=\"off\" \/><\/div><\/div><\/div><div class=\"forminator-row\"><div id=\"textarea-1\" class=\"forminator-field-textarea forminator-col forminator-col-12 \"><div class=\"forminator-field\"><label for=\"forminator-field-textarea-1_69e3f35b0e513\" id=\"forminator-field-textarea-1_69e3f35b0e513-label\" class=\"forminator-label\">Message<\/label><textarea name=\"textarea-1\" placeholder=\"Saisissez votre message\u2026\" id=\"forminator-field-textarea-1_69e3f35b0e513\" class=\"forminator-textarea\" rows=\"6\" style=\"min-height:140px;\" maxlength=\"180\" ><\/textarea><span id=\"forminator-field-textarea-1_69e3f35b0e513-description\" class=\"forminator-description\"><span data-limit=\"180\" data-type=\"characters\" data-editor=\"\">0 \/ 180<\/span><\/span><\/div><\/div><\/div><input type=\"hidden\" name=\"referer_url\" value=\"\" \/><div class=\"forminator-row forminator-row-last\"><div class=\"forminator-col\"><div class=\"forminator-field\"><button class=\"forminator-button forminator-button-submit\">Envoyer le message<\/button><\/div><\/div><\/div><input type=\"hidden\" id=\"forminator_nonce\" name=\"forminator_nonce\" value=\"1dfa91a8e8\" \/><input type=\"hidden\" name=\"_wp_http_referer\" value=\"\/index.php\/wp-json\/wp\/v2\/pages\/48\" \/><input type=\"hidden\" name=\"form_id\" value=\"162\"><input type=\"hidden\" name=\"page_id\" value=\"48\"><input type=\"hidden\" name=\"form_type\" value=\"default\"><input type=\"hidden\" name=\"current_url\" value=\"https:\/\/ame-psyrituelle.com\/index.php\/contact-reservation\/\"><input type=\"hidden\" name=\"render_id\" value=\"0\"><input type=\"hidden\" name=\"action\" value=\"forminator_submit_form_custom-forms\"><\/form>[\/vc_column_text][vc_column_text css_animation=\u00a0\u00bbfadeIn\u00a0\u00bb]<\/p>\n<h3 class=\"p1\" style=\"text-align: center;\">Pour me joindre ou prendre rendez-vous,<br \/>\nveuillez me contacter par :<\/h3>\n<p class=\"p1\" style=\"text-align: center;\"><strong>T\u00e9l\u00e9phone :<\/strong> 06 10 59 65 38<\/p>\n<p class=\"p1\" style=\"text-align: center;\"><strong>Email :<\/strong> contact@ame-psyrituelle.com<br \/>\n<span class=\"Apple-converted-space\">\u00a0<\/span>maremediongue.therapeute@gmail.com<\/p>\n<p style=\"text-align: center;\"><strong>Cabinet bien-\u00eatre<\/strong>\u00a0: <span class=\"JsGRdQ\">38 rue Saint-Michel_ 1er \u00e9tage (droite)<\/span><span class=\"JsGRdQ\"> 14000 Caen<\/span><\/p>\n<p class=\"p1\" style=\"text-align: center;\">ou utiliser le\u00a0formulaire de contact<\/p>\n<p>[\/vc_column_text][\/vc_column][vc_column width=\u00a0\u00bb1\/2&Prime;][vc_empty_space]<div id=\"ultimate-heading-512969e3f35b12be8\" class=\"uvc-heading ult-adjust-bottom-margin ultimate-heading-512969e3f35b12be8 uvc-4179 \" data-hspacer=\"no_spacer\"  data-halign=\"center\" style=\"text-align:center\"><div class=\"uvc-heading-spacer no_spacer\" style=\"top\"><\/div><div class=\"uvc-main-heading ult-responsive\"  data-ultimate-target='.uvc-heading.ultimate-heading-512969e3f35b12be8 h2'  data-responsive-json-new='{\"font-size\":\"desktop:50px;tablet:40px;tablet_portrait:30px;mobile_landscape:30px;mobile:25px;\",\"line-height\":\"\"}' ><h2 style=\"font-weight:normal;color:#2d2e82;\">R\u00e9servation<\/h2><\/div><\/div>[vc_column_text css_animation=\u00a0\u00bbfadeIn\u00a0\u00bb]<\/p>\n<h3 class=\"p1\" style=\"text-align: center;\">Les consultations peuvent se faire aussi\u00a0en visioconf\u00e9rence ou par t\u00e9l\u00e9phone.<\/h3>\n<p>[\/vc_column_text][vc_empty_space][vc_tta_accordion style=\u00a0\u00bbflat\u00a0\u00bb color=\u00a0\u00bbwhite\u00a0\u00bb active_section=\u00a0\u00bb\u00a0\u00bb][vc_tta_section title=\u00a0\u00bbPsychoth\u00e9rapies\u00a0\u00bb tab_id=\u00a0\u00bb1623221730009-a3b98ec9-f04d\u00a0\u00bb]<div class=\"ult-just-icon-wrapper  \"><div class=\"align-icon\" style=\"text-align:center;\">\n<a class=\"aio-tooltip 69e3f35b12d6e\" href=\"https:\/\/ame-psyrituelle.com\/index.php\/mes-services\/psychotherapies\/\" title=\"Psychoth\u00e9rapies\"  data-toggle=\"tooltip\" data-placement=\"\"><div class=\"aio-icon-img \" style=\"font-size:100px;display:inline-block;\" data-animation=\"rollIn\" data-animation-delay=\"03\">\n\t<img decoding=\"async\" class=\"img-icon\" alt=\"null\" src=\"https:\/\/ame-psyrituelle.com\/wp-content\/uploads\/2021\/04\/Psychologue_Caen.png\"\/>\n<\/div><\/a><\/div><\/div>[vc_column_text]S\u00e9ances individuelles adultes &#8211; 45mn &#8211; 65\u20ac<br \/>\nS\u00e9ances individuelles ado\/enfant &#8211; 45mn &#8211; 60\u20ac<br \/>\nS\u00e9ance couples &#8211; 1h15 &#8211; 90\u20ac<\/p>\n<p>[ameliabooking category=1 employee=1][\/vc_column_text][\/vc_tta_section][vc_tta_section title=\u00a0\u00bbHypnoth\u00e9rapies\u00a0\u00bb tab_id=\u00a0\u00bb1623221730050-26017be4-e900&Prime;]<div class=\"ult-just-icon-wrapper  \"><div class=\"align-icon\" style=\"text-align:center;\">\n<a class=\"aio-tooltip 69e3f35b13026\" href=\"https:\/\/ame-psyrituelle.com\/index.php\/mes-services\/hypnotherapies\/\" title=\"Hypnoth\u00e9rapies\"  data-toggle=\"tooltip\" data-placement=\"\"><div class=\"aio-icon-img \" style=\"font-size:100px;display:inline-block;\" data-animation=\"rollIn\" data-animation-delay=\"03\">\n\t<img decoding=\"async\" class=\"img-icon\" alt=\"null\" src=\"https:\/\/ame-psyrituelle.com\/wp-content\/uploads\/2021\/04\/Hypnose_Caen.png\"\/>\n<\/div><\/a><\/div><\/div>[vc_column_text]S\u00e9ances individuelles adultes &#8211; 1h &#8211; 90\u20ac<br \/>\nS\u00e9ances individuelles ado\/enfant &#8211; 45min &#8211; 70\u20ac<br \/>\nS\u00e9ances sevrage tabagique &#8211; 2h &#8211; 220\u20ac*<br \/>\nHypnose spirituelle (r\u00e9gression des vies ant\u00e9rieures) &#8211; 3h &#8211; 270\u20ac**<br \/>\n<span style=\"font-size: 11px; line-height: 10px;\"><em>*S\u00e9ances payables d&rsquo;avance pr\u00e9-entretien (70\u20ac) et s\u00e9ance d&rsquo;hypnose 1h (150\u20ac).<br \/>\n**S\u00e9ances payables d&rsquo;avance pr\u00e9-entretien (90\u20ac\/1h) et s\u00e9ance d&rsquo;hypnose r\u00e9gressive (180\u20ac\/3h) entre 3 \u00e0 4 semaines apr\u00e8s.<\/em><\/span><\/p>\n<p>[ameliabooking category=2 employee=1][\/vc_column_text][\/vc_tta_section][vc_tta_section title=\u00a0\u00bbSoins \u00e9nerg\u00e9tiques\u00a0\u00bb tab_id=\u00a0\u00bb1623222034241-b79c9347-a100&Prime;]<div class=\"ult-just-icon-wrapper  \"><div class=\"align-icon\" style=\"text-align:center;\">\n<a class=\"aio-tooltip 69e3f35b1321f\" href=\"https:\/\/ame-psyrituelle.com\/index.php\/mes-services\/soins-energetiques\/\" title=\"Soins \u00e9nerg\u00e9tiques\"  data-toggle=\"tooltip\" data-placement=\"\"><div class=\"aio-icon-img \" style=\"font-size:100px;display:inline-block;\" data-animation=\"rollIn\" data-animation-delay=\"03\">\n\t<img decoding=\"async\" class=\"img-icon\" alt=\"null\" src=\"https:\/\/ame-psyrituelle.com\/wp-content\/uploads\/2021\/04\/Therapie_Energetique_Caen.png\"\/>\n<\/div><\/a><\/div><\/div>[vc_column_text]Magn\u00e9tisme curatif (\u00e0 distance ou en pr\u00e9sentiel) &#8211; entre 35\u20ac et 80\u20ac<\/p>\n<p>Praticienne Access Bars Consciousness &#8211; 1h &#8211; 70\u20ac<\/p>\n<p>Nettoyage de personnes\/lieux \u2013 demande de devis (forfait et tarif\/m2)<\/p>\n<p>Guidance Oracles &#8211; 1h- 50\u20ac (1 th\u00e9matique) -1h15- 70\u20ac (g\u00e9n\u00e9ral)<\/p>\n<p>[ameliabooking category=4 employee=1][\/vc_column_text][\/vc_tta_section][vc_tta_section title=\u00a0\u00bb\u00c9v\u00e9nements aVenir\u00a0\u00bb tab_id=\u00a0\u00bb1623222172080-552af963-c13b\u00a0\u00bb]<div class=\"ult-just-icon-wrapper  \"><div class=\"align-icon\" style=\"text-align:center;\">\n<a class=\"aio-tooltip 69e3f35b133e5\" href=\"https:\/\/ame-psyrituelle.com\/index.php\/mes-services\/evenements-avenir\/\" title=\"\u00c9v\u00e9nements aVenir\"  data-toggle=\"tooltip\" data-placement=\"\"><div class=\"aio-icon-img \" style=\"font-size:100px;display:inline-block;\" data-animation=\"rollIn\" data-animation-delay=\"03\">\n\t<img decoding=\"async\" class=\"img-icon\" alt=\"null\" src=\"https:\/\/ame-psyrituelle.com\/wp-content\/uploads\/2021\/05\/Evenement_Avenir_Guidance_Voyance_Caen.png\"\/>\n<\/div><\/a><\/div><\/div>[vc_single_image image=\u00a0\u00bb206&Prime; img_size=\u00a0\u00bbmedium\u00a0\u00bb alignment=\u00a0\u00bbcenter\u00a0\u00bb onclick=\u00a0\u00bblink_image\u00a0\u00bb][\/vc_tta_section][\/vc_tta_accordion][\/vc_column][\/vc_row]<\/p>\n","protected":false},"excerpt":{"rendered":"<p>[vc_row full_width=\u00a0\u00bbstretch_row_content_no_spaces\u00a0\u00bb full_height=\u00a0\u00bbyes\u00a0\u00bb columns_placement=\u00a0\u00bbtop\u00a0\u00bb content_placement=\u00a0\u00bbtop\u00a0\u00bb css_animation=\u00a0\u00bbfadeIn\u00a0\u00bb remove_padding=\u00a0\u00bbno-padding-vc-row\u00a0\u00bb bg_type=\u00a0\u00bbimage\u00a0\u00bb parallax_style=\u00a0\u00bbvcpb-default\u00a0\u00bb bg_image_new=\u00a0\u00bbid^72|url^https:\/\/ame-psyrituelle.com\/wp-content\/uploads\/2021\/04\/Background_Complet_Accueil.png|caption^null|alt^null|title^Background_Complet_Accueil|description^null\u00a0\u00bb bg_image_repeat=\u00a0\u00bbno-repeat\u00a0\u00bb css=\u00a0\u00bb.vc_custom_1623223060467{background-color: rgba(255,252,245,0.4) !important;*background-color: rgb(255,252,245) !important;}\u00a0\u00bb el_class=\u00a0\u00bbbckaccueil\u00a0\u00bb][vc_column width=\u00a0\u00bb1\/2&Prime; css=\u00a0\u00bb.vc_custom_1619021590971{padding-top: 80px !important;padding-right: 80px !important;padding-bottom: 80px !important;padding-left: 80px !important;}\u00a0\u00bb][vc_empty_space][vc_column_text][\/vc_column_text][vc_column_text css_animation=\u00a0\u00bbfadeIn\u00a0\u00bb] Pour me joindre ou prendre rendez-vous, veuillez me contacter par : T\u00e9l\u00e9phone&#8230;<\/p>\n","protected":false},"author":1,"featured_media":0,"parent":0,"menu_order":0,"comment_status":"closed","ping_status":"closed","template":"","meta":{"footnotes":""},"class_list":["post-48","page","type-page","status-publish","hentry"],"yoast_head":"<!-- This site is optimized with the Yoast SEO plugin v27.4 - https:\/\/yoast.com\/product\/yoast-seo-wordpress\/ -->\n<title>Contact &amp; R\u00e9servation - Ame PsyRituElle<\/title>\n<meta name=\"robots\" content=\"index, follow, max-snippet:-1, max-image-preview:large, max-video-preview:-1\" \/>\n<link rel=\"canonical\" href=\"https:\/\/ame-psyrituelle.com\/index.php\/contact-reservation\/\" \/>\n<meta property=\"og:locale\" content=\"fr_FR\" \/>\n<meta property=\"og:type\" content=\"article\" \/>\n<meta property=\"og:title\" content=\"Contact &amp; R\u00e9servation - Ame PsyRituElle\" \/>\n<meta property=\"og:description\" content=\"[vc_row full_width=\u00a0\u00bbstretch_row_content_no_spaces\u00a0\u00bb full_height=\u00a0\u00bbyes\u00a0\u00bb columns_placement=\u00a0\u00bbtop\u00a0\u00bb content_placement=\u00a0\u00bbtop\u00a0\u00bb css_animation=\u00a0\u00bbfadeIn\u00a0\u00bb remove_padding=\u00a0\u00bbno-padding-vc-row\u00a0\u00bb bg_type=\u00a0\u00bbimage\u00a0\u00bb parallax_style=\u00a0\u00bbvcpb-default\u00a0\u00bb bg_image_new=\u00a0\u00bbid^72|url^https:\/\/ame-psyrituelle.com\/wp-content\/uploads\/2021\/04\/Background_Complet_Accueil.png|caption^null|alt^null|title^Background_Complet_Accueil|description^null\u00a0\u00bb bg_image_repeat=\u00a0\u00bbno-repeat\u00a0\u00bb css=\u00a0\u00bb.vc_custom_1623223060467{background-color: rgba(255,252,245,0.4) !important;*background-color: rgb(255,252,245) !important;}\u00a0\u00bb el_class=\u00a0\u00bbbckaccueil\u00a0\u00bb][vc_column width=\u00a0\u00bb1\/2&Prime; css=\u00a0\u00bb.vc_custom_1619021590971{padding-top: 80px !important;padding-right: 80px !important;padding-bottom: 80px !important;padding-left: 80px !important;}\u00a0\u00bb][vc_empty_space][vc_column_text][\/vc_column_text][vc_column_text css_animation=\u00a0\u00bbfadeIn\u00a0\u00bb] Pour me joindre ou prendre rendez-vous, veuillez me contacter par : T\u00e9l\u00e9phone...\" \/>\n<meta property=\"og:url\" content=\"https:\/\/ame-psyrituelle.com\/index.php\/contact-reservation\/\" \/>\n<meta property=\"og:site_name\" content=\"Ame PsyRituElle\" \/>\n<meta property=\"article:publisher\" content=\"https:\/\/www.facebook.com\/Ame-Psyrituelle-102055595373154\/\" \/>\n<meta property=\"article:modified_time\" content=\"2026-03-04T13:00:49+00:00\" \/>\n<meta name=\"twitter:card\" content=\"summary_large_image\" \/>\n<meta name=\"twitter:label1\" content=\"Dur\u00e9e de lecture estim\u00e9e\" \/>\n\t<meta name=\"twitter:data1\" content=\"2 minutes\" \/>\n<script type=\"application\/ld+json\" class=\"yoast-schema-graph\">{\"@context\":\"https:\\\/\\\/schema.org\",\"@graph\":[{\"@type\":\"WebPage\",\"@id\":\"https:\\\/\\\/ame-psyrituelle.com\\\/index.php\\\/contact-reservation\\\/\",\"url\":\"https:\\\/\\\/ame-psyrituelle.com\\\/index.php\\\/contact-reservation\\\/\",\"name\":\"Contact & R\u00e9servation - Ame PsyRituElle\",\"isPartOf\":{\"@id\":\"https:\\\/\\\/ame-psyrituelle.com\\\/#website\"},\"datePublished\":\"2021-04-21T15:58:19+00:00\",\"dateModified\":\"2026-03-04T13:00:49+00:00\",\"breadcrumb\":{\"@id\":\"https:\\\/\\\/ame-psyrituelle.com\\\/index.php\\\/contact-reservation\\\/#breadcrumb\"},\"inLanguage\":\"fr-FR\",\"potentialAction\":[{\"@type\":\"ReadAction\",\"target\":[\"https:\\\/\\\/ame-psyrituelle.com\\\/index.php\\\/contact-reservation\\\/\"]}]},{\"@type\":\"BreadcrumbList\",\"@id\":\"https:\\\/\\\/ame-psyrituelle.com\\\/index.php\\\/contact-reservation\\\/#breadcrumb\",\"itemListElement\":[{\"@type\":\"ListItem\",\"position\":1,\"name\":\"Accueil\",\"item\":\"https:\\\/\\\/ame-psyrituelle.com\\\/\"},{\"@type\":\"ListItem\",\"position\":2,\"name\":\"Contact &#038; R\u00e9servation\"}]},{\"@type\":\"WebSite\",\"@id\":\"https:\\\/\\\/ame-psyrituelle.com\\\/#website\",\"url\":\"https:\\\/\\\/ame-psyrituelle.com\\\/\",\"name\":\"ame-psyrituelle.com\",\"description\":\"Psychoth\u00e9rapies, Hypnoth\u00e9rapies, Soins \u00e9nerg\u00e9tiques \u00e0 Caen en Normandie\",\"publisher\":{\"@id\":\"https:\\\/\\\/ame-psyrituelle.com\\\/#organization\"},\"potentialAction\":[{\"@type\":\"SearchAction\",\"target\":{\"@type\":\"EntryPoint\",\"urlTemplate\":\"https:\\\/\\\/ame-psyrituelle.com\\\/?s={search_term_string}\"},\"query-input\":{\"@type\":\"PropertyValueSpecification\",\"valueRequired\":true,\"valueName\":\"search_term_string\"}}],\"inLanguage\":\"fr-FR\"},{\"@type\":\"Organization\",\"@id\":\"https:\\\/\\\/ame-psyrituelle.com\\\/#organization\",\"name\":\"Ame Psyrituelle\",\"url\":\"https:\\\/\\\/ame-psyrituelle.com\\\/\",\"logo\":{\"@type\":\"ImageObject\",\"inLanguage\":\"fr-FR\",\"@id\":\"https:\\\/\\\/ame-psyrituelle.com\\\/#\\\/schema\\\/logo\\\/image\\\/\",\"url\":\"https:\\\/\\\/ame-psyrituelle.com\\\/wp-content\\\/uploads\\\/2021\\\/04\\\/ame-psy-Logo-big.png\",\"contentUrl\":\"https:\\\/\\\/ame-psyrituelle.com\\\/wp-content\\\/uploads\\\/2021\\\/04\\\/ame-psy-Logo-big.png\",\"width\":1182,\"height\":1182,\"caption\":\"Ame Psyrituelle\"},\"image\":{\"@id\":\"https:\\\/\\\/ame-psyrituelle.com\\\/#\\\/schema\\\/logo\\\/image\\\/\"},\"sameAs\":[\"https:\\\/\\\/www.facebook.com\\\/Ame-Psyrituelle-102055595373154\\\/\",\"https:\\\/\\\/www.instagram.com\\\/mareme.dion\\\/\"]}]}<\/script>\n<!-- \/ Yoast SEO plugin. -->","yoast_head_json":{"title":"Contact & R\u00e9servation - Ame PsyRituElle","robots":{"index":"index","follow":"follow","max-snippet":"max-snippet:-1","max-image-preview":"max-image-preview:large","max-video-preview":"max-video-preview:-1"},"canonical":"https:\/\/ame-psyrituelle.com\/index.php\/contact-reservation\/","og_locale":"fr_FR","og_type":"article","og_title":"Contact & R\u00e9servation - Ame PsyRituElle","og_description":"[vc_row full_width=\u00a0\u00bbstretch_row_content_no_spaces\u00a0\u00bb full_height=\u00a0\u00bbyes\u00a0\u00bb columns_placement=\u00a0\u00bbtop\u00a0\u00bb content_placement=\u00a0\u00bbtop\u00a0\u00bb css_animation=\u00a0\u00bbfadeIn\u00a0\u00bb remove_padding=\u00a0\u00bbno-padding-vc-row\u00a0\u00bb bg_type=\u00a0\u00bbimage\u00a0\u00bb parallax_style=\u00a0\u00bbvcpb-default\u00a0\u00bb bg_image_new=\u00a0\u00bbid^72|url^https:\/\/ame-psyrituelle.com\/wp-content\/uploads\/2021\/04\/Background_Complet_Accueil.png|caption^null|alt^null|title^Background_Complet_Accueil|description^null\u00a0\u00bb bg_image_repeat=\u00a0\u00bbno-repeat\u00a0\u00bb css=\u00a0\u00bb.vc_custom_1623223060467{background-color: rgba(255,252,245,0.4) !important;*background-color: rgb(255,252,245) !important;}\u00a0\u00bb el_class=\u00a0\u00bbbckaccueil\u00a0\u00bb][vc_column width=\u00a0\u00bb1\/2&Prime; css=\u00a0\u00bb.vc_custom_1619021590971{padding-top: 80px !important;padding-right: 80px !important;padding-bottom: 80px !important;padding-left: 80px !important;}\u00a0\u00bb][vc_empty_space][vc_column_text][\/vc_column_text][vc_column_text css_animation=\u00a0\u00bbfadeIn\u00a0\u00bb] Pour me joindre ou prendre rendez-vous, veuillez me contacter par : T\u00e9l\u00e9phone...","og_url":"https:\/\/ame-psyrituelle.com\/index.php\/contact-reservation\/","og_site_name":"Ame PsyRituElle","article_publisher":"https:\/\/www.facebook.com\/Ame-Psyrituelle-102055595373154\/","article_modified_time":"2026-03-04T13:00:49+00:00","twitter_card":"summary_large_image","twitter_misc":{"Dur\u00e9e de lecture estim\u00e9e":"2 minutes"},"schema":{"@context":"https:\/\/schema.org","@graph":[{"@type":"WebPage","@id":"https:\/\/ame-psyrituelle.com\/index.php\/contact-reservation\/","url":"https:\/\/ame-psyrituelle.com\/index.php\/contact-reservation\/","name":"Contact & R\u00e9servation - Ame PsyRituElle","isPartOf":{"@id":"https:\/\/ame-psyrituelle.com\/#website"},"datePublished":"2021-04-21T15:58:19+00:00","dateModified":"2026-03-04T13:00:49+00:00","breadcrumb":{"@id":"https:\/\/ame-psyrituelle.com\/index.php\/contact-reservation\/#breadcrumb"},"inLanguage":"fr-FR","potentialAction":[{"@type":"ReadAction","target":["https:\/\/ame-psyrituelle.com\/index.php\/contact-reservation\/"]}]},{"@type":"BreadcrumbList","@id":"https:\/\/ame-psyrituelle.com\/index.php\/contact-reservation\/#breadcrumb","itemListElement":[{"@type":"ListItem","position":1,"name":"Accueil","item":"https:\/\/ame-psyrituelle.com\/"},{"@type":"ListItem","position":2,"name":"Contact &#038; R\u00e9servation"}]},{"@type":"WebSite","@id":"https:\/\/ame-psyrituelle.com\/#website","url":"https:\/\/ame-psyrituelle.com\/","name":"ame-psyrituelle.com","description":"Psychoth\u00e9rapies, Hypnoth\u00e9rapies, Soins \u00e9nerg\u00e9tiques \u00e0 Caen en Normandie","publisher":{"@id":"https:\/\/ame-psyrituelle.com\/#organization"},"potentialAction":[{"@type":"SearchAction","target":{"@type":"EntryPoint","urlTemplate":"https:\/\/ame-psyrituelle.com\/?s={search_term_string}"},"query-input":{"@type":"PropertyValueSpecification","valueRequired":true,"valueName":"search_term_string"}}],"inLanguage":"fr-FR"},{"@type":"Organization","@id":"https:\/\/ame-psyrituelle.com\/#organization","name":"Ame Psyrituelle","url":"https:\/\/ame-psyrituelle.com\/","logo":{"@type":"ImageObject","inLanguage":"fr-FR","@id":"https:\/\/ame-psyrituelle.com\/#\/schema\/logo\/image\/","url":"https:\/\/ame-psyrituelle.com\/wp-content\/uploads\/2021\/04\/ame-psy-Logo-big.png","contentUrl":"https:\/\/ame-psyrituelle.com\/wp-content\/uploads\/2021\/04\/ame-psy-Logo-big.png","width":1182,"height":1182,"caption":"Ame Psyrituelle"},"image":{"@id":"https:\/\/ame-psyrituelle.com\/#\/schema\/logo\/image\/"},"sameAs":["https:\/\/www.facebook.com\/Ame-Psyrituelle-102055595373154\/","https:\/\/www.instagram.com\/mareme.dion\/"]}]}},"_links":{"self":[{"href":"https:\/\/ame-psyrituelle.com\/index.php\/wp-json\/wp\/v2\/pages\/48","targetHints":{"allow":["GET"]}}],"collection":[{"href":"https:\/\/ame-psyrituelle.com\/index.php\/wp-json\/wp\/v2\/pages"}],"about":[{"href":"https:\/\/ame-psyrituelle.com\/index.php\/wp-json\/wp\/v2\/types\/page"}],"author":[{"embeddable":true,"href":"https:\/\/ame-psyrituelle.com\/index.php\/wp-json\/wp\/v2\/users\/1"}],"replies":[{"embeddable":true,"href":"https:\/\/ame-psyrituelle.com\/index.php\/wp-json\/wp\/v2\/comments?post=48"}],"version-history":[{"count":6,"href":"https:\/\/ame-psyrituelle.com\/index.php\/wp-json\/wp\/v2\/pages\/48\/revisions"}],"predecessor-version":[{"id":234,"href":"https:\/\/ame-psyrituelle.com\/index.php\/wp-json\/wp\/v2\/pages\/48\/revisions\/234"}],"wp:attachment":[{"href":"https:\/\/ame-psyrituelle.com\/index.php\/wp-json\/wp\/v2\/media?parent=48"}],"curies":[{"name":"wp","href":"https:\/\/api.w.org\/{rel}","templated":true}]}}