{"id":89,"date":"2021-04-22T09:43:27","date_gmt":"2021-04-22T07:43:27","guid":{"rendered":"https:\/\/ame-psyrituelle.com\/?page_id=89"},"modified":"2021-06-09T09:54:38","modified_gmt":"2021-06-09T07:54:38","slug":"conditions-generales-dutilisation","status":"publish","type":"page","link":"https:\/\/ame-psyrituelle.com\/index.php\/conditions-generales-dutilisation\/","title":{"rendered":"Conditions g\u00e9n\u00e9rales d&rsquo;utilisation"},"content":{"rendered":"<h3>Conditions g\u00e9n\u00e9rales d&rsquo;utilisation du site www.ame-psyrituelle.com<\/h3>\n<h4 class=\"h4\">ARTICLE 1\u00a0: Objet<\/h4>\n<p>Les pr\u00e9sentes \u00ab conditions g\u00e9n\u00e9rales d&rsquo;utilisation \u00bb ont pour objet l&rsquo;encadrement juridique des modalit\u00e9s de mise \u00e0 disposition des services du site <strong>Mar\u00eame Diongue &#8211; \u00c2me PsyRituelle<\/strong>\u00a0et leur utilisation par \u00ab\u00a0l&rsquo;Utilisateur\u00a0\u00bb.<\/p>\n<p>Les conditions g\u00e9n\u00e9rales d&rsquo;utilisation doivent \u00eatre accept\u00e9es par tout Utilisateur souhaitant acc\u00e9der au site. Elles constituent le contrat entre le site et l&rsquo;Utilisateur. L\u2019acc\u00e8s au site par l\u2019Utilisateur signifie son acceptation des pr\u00e9sentes conditions g\u00e9n\u00e9rales d\u2019utilisation.<\/p>\n<p>\u00c9ventuellement\u00a0:<\/p>\n<ul>\n<li>En cas de non-acceptation des conditions g\u00e9n\u00e9rales d&rsquo;utilisation stipul\u00e9es dans le pr\u00e9sent contrat, l&rsquo;Utilisateur se doit de renoncer \u00e0 l&rsquo;acc\u00e8s des services propos\u00e9s par le site.<\/li>\n<li><strong>Mar\u00eame Diongue &#8211; \u00c2me PsyRituelle<\/strong> se r\u00e9serve le droit de modifier unilat\u00e9ralement et \u00e0 tout moment le contenu des pr\u00e9sentes conditions g\u00e9n\u00e9rales d&rsquo;utilisation.<\/li>\n<\/ul>\n<h4 class=\"h4\">ARTICLE 2\u00a0: Mentions l\u00e9gales<\/h4>\n<div class=\"adsense_med_h60\">Propri\u00e9t\u00e9s du site :<br \/>\n<strong>Raison sociale :<\/strong> MAREME DIONGUE<br \/>\n<strong>Adresse : <\/strong> 50 BD GEORGES POMPIDOU 14000 CAEN <strong><br \/>\nT\u00e9l. : <\/strong>0601054273<br \/>\n<strong>Mail : <\/strong>contact@ame-psyrituelle.com<strong><br \/>\n<\/strong><strong>N\u00b0 Siret : <\/strong>51067926900041<\/p>\n<p><strong>H\u00e9bergement du site :<\/strong><\/p>\n<p>OVH<br \/>\n2 rue Kellermann &#8211; 59100 ROUBAIX<br \/>\nRCS Lille M\u00e9tropole 424 761 419 00045<\/p>\n<p><strong>Conception du Site :<\/strong><\/p>\n<p>Le site a \u00e9t\u00e9 con\u00e7u et d\u00e9velopp\u00e9 par Capture Communication, tous droits r\u00e9serv\u00e9s.<br \/>\nSIRET 82328560600039<br \/>\nRoute des loges 14240 Cahagnes<br \/>\n0672410230<br \/>\n<a href=\"https:\/\/capture-communication.fr\" target=\"_blank\" rel=\"noopener\">www.capture-communication.fr<\/a><br \/>\n<a href=\"mailto:contact@capture-communication.fr\">contact@capture-communication.fr<\/a><\/p>\n<\/div>\n<div id=\"post-5983\" class=\"post-5983 page type-page status-publish hentry\">\n<div class=\"entry-page-wrapper entry-content clearfix\">\n<div class=\"pagecontents_margin\">\n<div class=\"container_12\">\n<div class=\"fullwidth paddingleft\">\n<h4>Avertissement l\u00e9gal<\/h4>\n<p>Vous disposez d\u2019un droit d\u2019acc\u00e8s, de modification, de rectification et de suppression des donn\u00e9es vous concernant.<br \/>\n(art. 34 de la loi \u00ab informatique et libert\u00e9s \u00bb du 6 janvier 1978).<\/p>\n<h4>Autres sites Web<\/h4>\n<p>Le pr\u00e9sent site web peut contenir des liens vers d\u2019autres sites. Nous nous effor\u00e7ons \u00e0 cet \u00e9gard d\u2019\u00e9tablir des liens uniquement vers des sites qui partagent notre niveau d\u2019exigence en mati\u00e8re de respect de la confidentialit\u00e9. Toutefois, nous ne sommes pas responsables du contenu des autres sites ni de leurs pratiques en mati\u00e8re d\u2019informations personnelles.<\/p>\n<h4>Copyright<\/h4>\n<p>Tous les \u00e9l\u00e9ments contenu sur ce site ne peuvent pas \u00eatre copi\u00e9s \u00e0 des fins commerciales ou de diffusion, ni \u00eatre modifi\u00e9s ou utilis\u00e9s sur d\u2019autres sites.<\/p>\n<\/div>\n<\/div>\n<\/div>\n<\/div>\n<\/div>\n<p>&nbsp;<\/p>\n<h4 class=\"h4\">ARTICLE\u00a03\u00a0: D\u00e9finitions<\/h4>\n<p>La pr\u00e9sente clause a pour objet de d\u00e9finir les diff\u00e9rents termes essentiels du contrat\u00a0:<\/p>\n<ul>\n<li>Utilisateur\u00a0: ce terme d\u00e9signe toute personne qui utilise le site ou l&rsquo;un des services propos\u00e9s par le site.<\/li>\n<li>Contenu utilisateur\u00a0: ce sont les donn\u00e9es transmises par l&rsquo;Utilisateur au sein du site.<\/li>\n<li>Membre\u00a0: l&rsquo;Utilisateur devient membre lorsqu&rsquo;il est identifi\u00e9 sur le site.<\/li>\n<li>Identifiant et mot de passe\u00a0: c&rsquo;est l&rsquo;ensemble des informations n\u00e9cessaires \u00e0 l&rsquo;identification d&rsquo;un Utilisateur sur le site. L&rsquo;identifiant et le mot de passe permettent \u00e0 l&rsquo;Utilisateur d&rsquo;acc\u00e9der \u00e0 des services r\u00e9serv\u00e9s aux membres du site. Le mot de passe est confidentiel.<\/li>\n<\/ul>\n<h4 class=\"h4\">ARTICLE\u00a04\u00a0: acc\u00e8s aux services<\/h4>\n<p>Le site permet \u00e0 l&rsquo;Utilisateur un acc\u00e8s gratuit aux services suivants\u00a0:<\/p>\n<ul>\n<li><span class=\"txt_modifiable\">Articles d\u2019information<\/span> ;<\/li>\n<li><span class=\"txt_modifiable\">Publication de commentaires <\/span>;<\/li>\n<\/ul>\n<p>Le site est accessible gratuitement en tout lieu \u00e0 tout Utilisateur ayant un acc\u00e8s \u00e0 Internet. Tous les frais support\u00e9s par l&rsquo;Utilisateur pour acc\u00e9der au service (mat\u00e9riel informatique, logiciels, connexion Internet, etc.) sont \u00e0 sa charge.<\/p>\n<p>Selon le cas\u00a0:<\/p>\n<p>L\u2019Utilisateur non membre n&rsquo;a pas acc\u00e8s aux services r\u00e9serv\u00e9s aux membres. Pour cela, il doit s&rsquo;identifier \u00e0 l&rsquo;aide de son identifiant et de son mot de passe.<\/p>\n<p>Le site met en \u0153uvre tous les moyens mis \u00e0 sa disposition pour assurer un acc\u00e8s de qualit\u00e9 \u00e0 ses services. L&rsquo;obligation \u00e9tant de moyens, le site ne s&rsquo;engage pas \u00e0 atteindre ce r\u00e9sultat.<\/p>\n<p>Tout \u00e9v\u00e9nement d\u00fb \u00e0 un cas de force majeure ayant pour cons\u00e9quence un dysfonctionnement du r\u00e9seau ou du serveur n&rsquo;engage pas la responsabilit\u00e9 de <strong>Mar\u00eame Diongue &#8211; \u00c2me PsyRituelle<\/strong>.<\/p>\n<p>L&rsquo;acc\u00e8s aux services du site peut \u00e0 tout moment faire l&rsquo;objet d&rsquo;une interruption, d&rsquo;une suspension, d&rsquo;une modification sans pr\u00e9avis pour une maintenance ou pour tout autre cas. L&rsquo;Utilisateur s&rsquo;oblige \u00e0 ne r\u00e9clamer aucune indemnisation suite \u00e0 l&rsquo;interruption, \u00e0 la suspension ou \u00e0 la modification du pr\u00e9sent contrat.<\/p>\n<p>L&rsquo;Utilisateur a la possibilit\u00e9 de contacter le site par messagerie \u00e9lectronique \u00e0 l\u2019adresse contact@ame-psyrituelle.com.<\/p>\n<h4 class=\"h4\">ARTICLE\u00a05\u00a0: Propri\u00e9t\u00e9 intellectuelle<\/h4>\n<p>Les marques, logos, signes et tout autre contenu du site font l&rsquo;objet d&rsquo;une protection par le Code de la propri\u00e9t\u00e9 intellectuelle et plus particuli\u00e8rement par le droit d&rsquo;auteur.<\/p>\n<p>L&rsquo;Utilisateur sollicite l&rsquo;autorisation pr\u00e9alable du site pour toute reproduction, publication, copie des diff\u00e9rents contenus.<\/p>\n<p>L&rsquo;Utilisateur s&rsquo;engage \u00e0 une utilisation des contenus du site dans un cadre strictement priv\u00e9. Une utilisation des contenus \u00e0 des fins commerciales est strictement interdite.<\/p>\n<p>Tout contenu mis en ligne par l&rsquo;Utilisateur est de sa seule responsabilit\u00e9. L&rsquo;Utilisateur s&rsquo;engage \u00e0 ne pas mettre en ligne de contenus pouvant porter atteinte aux int\u00e9r\u00eats de tierces personnes. Tout recours en justice engag\u00e9 par un tiers l\u00e9s\u00e9 contre le site sera pris en charge par l&rsquo;Utilisateur.<\/p>\n<p>Le contenu de l&rsquo;Utilisateur peut \u00eatre \u00e0 tout moment et pour n&rsquo;importe quelle raison supprim\u00e9 ou modifi\u00e9 par le site. L&rsquo;Utilisateur ne re\u00e7oit aucune justification et notification pr\u00e9alablement \u00e0 la suppression ou \u00e0 la modification du contenu Utilisateur.<\/p>\n<h4 class=\"h4\">ARTICLE\u00a06\u00a0: Donn\u00e9es personnelles<\/h4>\n<p>Les informations demand\u00e9es \u00e0 l\u2019inscription au site sont n\u00e9cessaires et obligatoires pour la cr\u00e9ation du compte de l&rsquo;Utilisateur. En particulier, l&rsquo;adresse \u00e9lectronique pourra \u00eatre utilis\u00e9e par le site pour l&rsquo;administration, la gestion et l&rsquo;animation du service.<\/p>\n<p>Le site assure \u00e0 l&rsquo;Utilisateur une collecte et un traitement d&rsquo;informations personnelles dans le respect de la vie priv\u00e9e conform\u00e9ment \u00e0 la loi n\u00b078-17 du 6 janvier 1978 relative \u00e0 l&rsquo;informatique, aux fichiers et aux libert\u00e9s.<\/p>\n<p>En vertu des articles 39 et 40 de la loi en date du 6 janvier 1978, l&rsquo;Utilisateur dispose d&rsquo;un droit d&rsquo;acc\u00e8s, de rectification, de suppression et d&rsquo;opposition de ses donn\u00e9es personnelles. L&rsquo;Utilisateur exerce ce droit via\u00a0:<\/p>\n<ul>\n<li>son espace personnel\u00a0;<\/li>\n<li>un formulaire de contact\u00a0;<\/li>\n<li>par mail \u00e0 contact@ame-psyrituelle.com;<\/li>\n<li>par voie postale au 50 BD GEORGES POMPIDOU 14000 CAEN.<\/li>\n<\/ul>\n<p>Pour en savoir plus, rendez-vous sur notre page de <a href=\"https:\/\/ame-psyrituelle.com\/index.php\/politique-de-confidentialite\/\">Politique de confidentialit\u00e9<\/a>.<\/p>\n<h4 class=\"h4\">ARTICLE\u00a07\u00a0: Responsabilit\u00e9 et force majeure<\/h4>\n<p>Les sources des informations diffus\u00e9es sur le site sont r\u00e9put\u00e9es fiables. Toutefois, le site se r\u00e9serve la facult\u00e9 d&rsquo;une non-garantie de la fiabilit\u00e9 des sources. Les informations donn\u00e9es sur le site le sont \u00e0 titre purement informatif. Ainsi, l&rsquo;Utilisateur assume seul l&rsquo;enti\u00e8re responsabilit\u00e9 de l&rsquo;utilisation des informations et contenus du pr\u00e9sent site.<\/p>\n<p>L&rsquo;Utilisateur s&rsquo;assure de garder son mot de passe secret. Toute divulgation du mot de passe, quelle que soit sa forme, est interdite.<\/p>\n<p>L&rsquo;Utilisateur assume les risques li\u00e9s \u00e0 l&rsquo;utilisation de son identifiant et mot de passe. Le site d\u00e9cline toute responsabilit\u00e9.<\/p>\n<p>Tout usage du service par l&rsquo;Utilisateur ayant directement ou indirectement pour cons\u00e9quence des dommages doit faire l&rsquo;objet d&rsquo;une indemnisation au profit du site.<\/p>\n<p>Une garantie optimale de la s\u00e9curit\u00e9 et de la confidentialit\u00e9 des donn\u00e9es transmises n&rsquo;est pas assur\u00e9e par le site. Toutefois, le site s&rsquo;engage \u00e0 mettre en \u0153uvre tous les moyens n\u00e9cessaires afin de garantir au mieux la s\u00e9curit\u00e9 et la confidentialit\u00e9 des donn\u00e9es.<\/p>\n<p>La responsabilit\u00e9 du site ne peut \u00eatre engag\u00e9e en cas de force majeure ou du fait impr\u00e9visible et insurmontable d&rsquo;un tiers.<\/p>\n<h4 class=\"h4\">ARTICLE\u00a08\u00a0: Liens hypertextes<\/h4>\n<p>De nombreux liens hypertextes sortants sont pr\u00e9sents sur le site, cependant les pages web o\u00f9 m\u00e8nent ces liens n&rsquo;engagent en rien la responsabilit\u00e9 de <strong>Mar\u00eame Diongue &#8211; \u00c2me PsyRituelle<\/strong>\u00a0qui n&rsquo;a pas le contr\u00f4le de ces liens.<\/p>\n<p>L&rsquo;Utilisateur s&rsquo;interdit donc \u00e0 engager la responsabilit\u00e9 du site concernant le contenu et les ressources relatives \u00e0 ces liens hypertextes sortants.<\/p>\n<h4 class=\"h4\">ARTICLE\u00a09\u00a0: \u00c9volution du contrat<\/h4>\n<p>Le site se r\u00e9serve \u00e0 tout moment le droit de modifier les clauses stipul\u00e9es dans le pr\u00e9sent contrat.<\/p>\n<h4 class=\"h4\">ARTICLE\u00a010\u00a0: Dur\u00e9e<\/h4>\n<p>La dur\u00e9e du pr\u00e9sent contrat est ind\u00e9termin\u00e9e. Le contrat produit ses effets \u00e0 l&rsquo;\u00e9gard de l&rsquo;Utilisateur \u00e0 compter de l&rsquo;utilisation du service.<\/p>\n<h4 class=\"h4\">ARTICLE\u00a011\u00a0: Droit applicable et juridiction comp\u00e9tente<\/h4>\n<p>La l\u00e9gislation fran\u00e7aise s&rsquo;applique au pr\u00e9sent contrat. En cas d&rsquo;absence de r\u00e9solution amiable d&rsquo;un litige n\u00e9 entre les parties, seuls les tribunaux <span class=\"txt_modifiable\">du ressort de la Cour d&rsquo;appel\u00a0 de la ville de Caen <\/span>sont comp\u00e9tents.<\/p>\n<h4 class=\"h4\">ARTICLE\u00a012\u00a0: Publication par l\u2019Utilisateur<\/h4>\n<p>Le site permet aux membres de publier <span class=\"txt_modifiable\">des commentaires <\/span>.<\/p>\n<p>Dans ses publications, le membre s\u2019engage \u00e0 respecter les r\u00e8gles de la Netiquette et les r\u00e8gles de droit en vigueur.<\/p>\n<p>Le site exerce une mod\u00e9ration<span class=\"txt_modifiable\"> a posteriori<\/span> sur les publications et se r\u00e9serve le droit de refuser leur mise en ligne, sans avoir \u00e0 s\u2019en justifier aupr\u00e8s du membre.<\/p>\n<p>Le membre reste titulaire de l\u2019int\u00e9gralit\u00e9 de ses droits de propri\u00e9t\u00e9 intellectuelle. Mais en publiant une publication sur le site, il c\u00e8de \u00e0 la soci\u00e9t\u00e9 \u00e9ditrice le droit non exclusif et gratuit de repr\u00e9senter, reproduire, adapter, modifier, diffuser et distribuer sa publication, directement ou par un tiers autoris\u00e9, dans le monde entier, sur tout support (num\u00e9rique ou physique), pour la dur\u00e9e de la propri\u00e9t\u00e9 intellectuelle. Le Membre c\u00e8de notamment le droit d&rsquo;utiliser sa publication sur internet et sur les r\u00e9seaux de t\u00e9l\u00e9phonie mobile.<\/p>\n<p>La soci\u00e9t\u00e9 \u00e9ditrice s&rsquo;engage \u00e0 faire figurer le nom du membre \u00e0 proximit\u00e9 de chaque utilisation de sa publication.<\/p>\n","protected":false},"excerpt":{"rendered":"<p>Conditions g\u00e9n\u00e9rales d&rsquo;utilisation du site www.ame-psyrituelle.com ARTICLE 1\u00a0: Objet Les pr\u00e9sentes \u00ab conditions g\u00e9n\u00e9rales d&rsquo;utilisation \u00bb ont pour objet l&rsquo;encadrement juridique des modalit\u00e9s de mise \u00e0 disposition des services du site Mar\u00eame Diongue &#8211; \u00c2me PsyRituelle\u00a0et leur utilisation par \u00ab\u00a0l&rsquo;Utilisateur\u00a0\u00bb&#8230;.<\/p>\n","protected":false},"author":1,"featured_media":0,"parent":0,"menu_order":0,"comment_status":"closed","ping_status":"closed","template":"","meta":{"footnotes":""},"class_list":["post-89","page","type-page","status-publish","hentry"],"yoast_head":"<!-- This site is optimized with the Yoast SEO plugin v27.3 - https:\/\/yoast.com\/product\/yoast-seo-wordpress\/ -->\n<title>Conditions g\u00e9n\u00e9rales d&#039;utilisation - Ame PsyRituElle<\/title>\n<meta name=\"robots\" content=\"index, follow, max-snippet:-1, max-image-preview:large, max-video-preview:-1\" \/>\n<link rel=\"canonical\" href=\"https:\/\/ame-psyrituelle.com\/index.php\/conditions-generales-dutilisation\/\" \/>\n<meta property=\"og:locale\" content=\"fr_FR\" \/>\n<meta property=\"og:type\" content=\"article\" \/>\n<meta property=\"og:title\" content=\"Conditions g\u00e9n\u00e9rales d&#039;utilisation - Ame PsyRituElle\" \/>\n<meta property=\"og:description\" content=\"Conditions g\u00e9n\u00e9rales d&rsquo;utilisation du site www.ame-psyrituelle.com ARTICLE 1\u00a0: Objet Les pr\u00e9sentes \u00ab conditions g\u00e9n\u00e9rales d&rsquo;utilisation \u00bb ont pour objet l&rsquo;encadrement juridique des modalit\u00e9s de mise \u00e0 disposition des services du site Mar\u00eame Diongue &#8211; \u00c2me PsyRituelle\u00a0et leur utilisation par \u00ab\u00a0l&rsquo;Utilisateur\u00a0\u00bb....\" \/>\n<meta property=\"og:url\" content=\"https:\/\/ame-psyrituelle.com\/index.php\/conditions-generales-dutilisation\/\" \/>\n<meta property=\"og:site_name\" content=\"Ame PsyRituElle\" \/>\n<meta property=\"article:publisher\" content=\"https:\/\/www.facebook.com\/Ame-Psyrituelle-102055595373154\/\" \/>\n<meta property=\"article:modified_time\" content=\"2021-06-09T07:54:38+00:00\" \/>\n<meta name=\"twitter:card\" content=\"summary_large_image\" \/>\n<meta name=\"twitter:label1\" content=\"Dur\u00e9e de lecture estim\u00e9e\" \/>\n\t<meta name=\"twitter:data1\" content=\"7 minutes\" \/>\n<script type=\"application\/ld+json\" class=\"yoast-schema-graph\">{\"@context\":\"https:\\\/\\\/schema.org\",\"@graph\":[{\"@type\":\"WebPage\",\"@id\":\"https:\\\/\\\/ame-psyrituelle.com\\\/index.php\\\/conditions-generales-dutilisation\\\/\",\"url\":\"https:\\\/\\\/ame-psyrituelle.com\\\/index.php\\\/conditions-generales-dutilisation\\\/\",\"name\":\"Conditions g\u00e9n\u00e9rales d'utilisation - Ame PsyRituElle\",\"isPartOf\":{\"@id\":\"https:\\\/\\\/ame-psyrituelle.com\\\/#website\"},\"datePublished\":\"2021-04-22T07:43:27+00:00\",\"dateModified\":\"2021-06-09T07:54:38+00:00\",\"breadcrumb\":{\"@id\":\"https:\\\/\\\/ame-psyrituelle.com\\\/index.php\\\/conditions-generales-dutilisation\\\/#breadcrumb\"},\"inLanguage\":\"fr-FR\",\"potentialAction\":[{\"@type\":\"ReadAction\",\"target\":[\"https:\\\/\\\/ame-psyrituelle.com\\\/index.php\\\/conditions-generales-dutilisation\\\/\"]}]},{\"@type\":\"BreadcrumbList\",\"@id\":\"https:\\\/\\\/ame-psyrituelle.com\\\/index.php\\\/conditions-generales-dutilisation\\\/#breadcrumb\",\"itemListElement\":[{\"@type\":\"ListItem\",\"position\":1,\"name\":\"Accueil\",\"item\":\"https:\\\/\\\/ame-psyrituelle.com\\\/\"},{\"@type\":\"ListItem\",\"position\":2,\"name\":\"Conditions g\u00e9n\u00e9rales d&rsquo;utilisation\"}]},{\"@type\":\"WebSite\",\"@id\":\"https:\\\/\\\/ame-psyrituelle.com\\\/#website\",\"url\":\"https:\\\/\\\/ame-psyrituelle.com\\\/\",\"name\":\"ame-psyrituelle.com\",\"description\":\"Psychoth\u00e9rapies, Hypnoth\u00e9rapies, Soins \u00e9nerg\u00e9tiques \u00e0 Caen en Normandie\",\"publisher\":{\"@id\":\"https:\\\/\\\/ame-psyrituelle.com\\\/#organization\"},\"potentialAction\":[{\"@type\":\"SearchAction\",\"target\":{\"@type\":\"EntryPoint\",\"urlTemplate\":\"https:\\\/\\\/ame-psyrituelle.com\\\/?s={search_term_string}\"},\"query-input\":{\"@type\":\"PropertyValueSpecification\",\"valueRequired\":true,\"valueName\":\"search_term_string\"}}],\"inLanguage\":\"fr-FR\"},{\"@type\":\"Organization\",\"@id\":\"https:\\\/\\\/ame-psyrituelle.com\\\/#organization\",\"name\":\"Ame Psyrituelle\",\"url\":\"https:\\\/\\\/ame-psyrituelle.com\\\/\",\"logo\":{\"@type\":\"ImageObject\",\"inLanguage\":\"fr-FR\",\"@id\":\"https:\\\/\\\/ame-psyrituelle.com\\\/#\\\/schema\\\/logo\\\/image\\\/\",\"url\":\"https:\\\/\\\/ame-psyrituelle.com\\\/wp-content\\\/uploads\\\/2021\\\/04\\\/ame-psy-Logo-big.png\",\"contentUrl\":\"https:\\\/\\\/ame-psyrituelle.com\\\/wp-content\\\/uploads\\\/2021\\\/04\\\/ame-psy-Logo-big.png\",\"width\":1182,\"height\":1182,\"caption\":\"Ame Psyrituelle\"},\"image\":{\"@id\":\"https:\\\/\\\/ame-psyrituelle.com\\\/#\\\/schema\\\/logo\\\/image\\\/\"},\"sameAs\":[\"https:\\\/\\\/www.facebook.com\\\/Ame-Psyrituelle-102055595373154\\\/\",\"https:\\\/\\\/www.instagram.com\\\/mareme.dion\\\/\"]}]}<\/script>\n<!-- \/ Yoast SEO plugin. -->","yoast_head_json":{"title":"Conditions g\u00e9n\u00e9rales d'utilisation - Ame PsyRituElle","robots":{"index":"index","follow":"follow","max-snippet":"max-snippet:-1","max-image-preview":"max-image-preview:large","max-video-preview":"max-video-preview:-1"},"canonical":"https:\/\/ame-psyrituelle.com\/index.php\/conditions-generales-dutilisation\/","og_locale":"fr_FR","og_type":"article","og_title":"Conditions g\u00e9n\u00e9rales d'utilisation - Ame PsyRituElle","og_description":"Conditions g\u00e9n\u00e9rales d&rsquo;utilisation du site www.ame-psyrituelle.com ARTICLE 1\u00a0: Objet Les pr\u00e9sentes \u00ab conditions g\u00e9n\u00e9rales d&rsquo;utilisation \u00bb ont pour objet l&rsquo;encadrement juridique des modalit\u00e9s de mise \u00e0 disposition des services du site Mar\u00eame Diongue &#8211; \u00c2me PsyRituelle\u00a0et leur utilisation par \u00ab\u00a0l&rsquo;Utilisateur\u00a0\u00bb....","og_url":"https:\/\/ame-psyrituelle.com\/index.php\/conditions-generales-dutilisation\/","og_site_name":"Ame PsyRituElle","article_publisher":"https:\/\/www.facebook.com\/Ame-Psyrituelle-102055595373154\/","article_modified_time":"2021-06-09T07:54:38+00:00","twitter_card":"summary_large_image","twitter_misc":{"Dur\u00e9e de lecture estim\u00e9e":"7 minutes"},"schema":{"@context":"https:\/\/schema.org","@graph":[{"@type":"WebPage","@id":"https:\/\/ame-psyrituelle.com\/index.php\/conditions-generales-dutilisation\/","url":"https:\/\/ame-psyrituelle.com\/index.php\/conditions-generales-dutilisation\/","name":"Conditions g\u00e9n\u00e9rales d'utilisation - Ame PsyRituElle","isPartOf":{"@id":"https:\/\/ame-psyrituelle.com\/#website"},"datePublished":"2021-04-22T07:43:27+00:00","dateModified":"2021-06-09T07:54:38+00:00","breadcrumb":{"@id":"https:\/\/ame-psyrituelle.com\/index.php\/conditions-generales-dutilisation\/#breadcrumb"},"inLanguage":"fr-FR","potentialAction":[{"@type":"ReadAction","target":["https:\/\/ame-psyrituelle.com\/index.php\/conditions-generales-dutilisation\/"]}]},{"@type":"BreadcrumbList","@id":"https:\/\/ame-psyrituelle.com\/index.php\/conditions-generales-dutilisation\/#breadcrumb","itemListElement":[{"@type":"ListItem","position":1,"name":"Accueil","item":"https:\/\/ame-psyrituelle.com\/"},{"@type":"ListItem","position":2,"name":"Conditions g\u00e9n\u00e9rales d&rsquo;utilisation"}]},{"@type":"WebSite","@id":"https:\/\/ame-psyrituelle.com\/#website","url":"https:\/\/ame-psyrituelle.com\/","name":"ame-psyrituelle.com","description":"Psychoth\u00e9rapies, Hypnoth\u00e9rapies, Soins \u00e9nerg\u00e9tiques \u00e0 Caen en Normandie","publisher":{"@id":"https:\/\/ame-psyrituelle.com\/#organization"},"potentialAction":[{"@type":"SearchAction","target":{"@type":"EntryPoint","urlTemplate":"https:\/\/ame-psyrituelle.com\/?s={search_term_string}"},"query-input":{"@type":"PropertyValueSpecification","valueRequired":true,"valueName":"search_term_string"}}],"inLanguage":"fr-FR"},{"@type":"Organization","@id":"https:\/\/ame-psyrituelle.com\/#organization","name":"Ame Psyrituelle","url":"https:\/\/ame-psyrituelle.com\/","logo":{"@type":"ImageObject","inLanguage":"fr-FR","@id":"https:\/\/ame-psyrituelle.com\/#\/schema\/logo\/image\/","url":"https:\/\/ame-psyrituelle.com\/wp-content\/uploads\/2021\/04\/ame-psy-Logo-big.png","contentUrl":"https:\/\/ame-psyrituelle.com\/wp-content\/uploads\/2021\/04\/ame-psy-Logo-big.png","width":1182,"height":1182,"caption":"Ame Psyrituelle"},"image":{"@id":"https:\/\/ame-psyrituelle.com\/#\/schema\/logo\/image\/"},"sameAs":["https:\/\/www.facebook.com\/Ame-Psyrituelle-102055595373154\/","https:\/\/www.instagram.com\/mareme.dion\/"]}]}},"_links":{"self":[{"href":"https:\/\/ame-psyrituelle.com\/index.php\/wp-json\/wp\/v2\/pages\/89","targetHints":{"allow":["GET"]}}],"collection":[{"href":"https:\/\/ame-psyrituelle.com\/index.php\/wp-json\/wp\/v2\/pages"}],"about":[{"href":"https:\/\/ame-psyrituelle.com\/index.php\/wp-json\/wp\/v2\/types\/page"}],"author":[{"embeddable":true,"href":"https:\/\/ame-psyrituelle.com\/index.php\/wp-json\/wp\/v2\/users\/1"}],"replies":[{"embeddable":true,"href":"https:\/\/ame-psyrituelle.com\/index.php\/wp-json\/wp\/v2\/comments?post=89"}],"version-history":[{"count":0,"href":"https:\/\/ame-psyrituelle.com\/index.php\/wp-json\/wp\/v2\/pages\/89\/revisions"}],"wp:attachment":[{"href":"https:\/\/ame-psyrituelle.com\/index.php\/wp-json\/wp\/v2\/media?parent=89"}],"curies":[{"name":"wp","href":"https:\/\/api.w.org\/{rel}","templated":true}]}}