{"id":96,"date":"2021-04-22T09:51:33","date_gmt":"2021-04-22T07:51:33","guid":{"rendered":"https:\/\/ame-psyrituelle.com\/?page_id=96"},"modified":"2025-08-17T12:35:53","modified_gmt":"2025-08-17T10:35:53","slug":"soins-energetiques","status":"publish","type":"page","link":"https:\/\/ame-psyrituelle.com\/index.php\/mes-services\/soins-energetiques\/","title":{"rendered":"Soins \u00e9nerg\u00e9tiques"},"content":{"rendered":"<h4 class=\"p1\"><strong>Praticienne Reiki Usui\u00a0:\u00a0<\/strong><\/h4>\n<p class=\"p1\">c\u2019est une m\u00e9thode de soin \u00e9nerg\u00e9tique japonaise, effectu\u00e9e par imposition des mains qui permet la lib\u00e9ration des douleurs et blocages, la d\u00e9tente ainsi que le r\u00e9\u00e9quilibrage des aspects physiques, psychiques et \u00e9motionnels de la personne.<\/p>\n<h4 class=\"p1\"><strong>Praticienne Access Bars consciousness :\u00a0<\/strong><\/h4>\n<p class=\"p1\">Il s\u2019agit d\u2019une pratique \u00e9nerg\u00e9tique qui vise \u00e0 lever nos barri\u00e8res et limitations. Par apposition sur des points pr\u00e9cis du cr\u00e2ne, on lance le processus. L\u2019action, douce et puissante de cet outil\u00a0 se fait sur ce qui est pr\u00eat \u00e0 \u00ab\u00a0bouger\u00a0\u00bb chez chacun de nous.<\/p>\n<p class=\"p1\">Cela facilitera l\u2019\u00e9mergence de nouvelles fa\u00e7ons de voir les choses et all\u00e9gera l\u2019influence des sch\u00e9mas en place et va permettre de pond\u00e9rer le poids des pens\u00e9es, croyances, jugements, \u00e9motions accumul\u00e9s et d\u2019ouvrir le champ des possibles.<\/p>\n<p class=\"p1\"><strong>Access Bars \u00ae est utile pour :<\/strong><\/p>\n<ul>\n<li class=\"p1\">la rumination mentale<span class=\"Apple-converted-space\"><br \/>\n<\/span><\/li>\n<li class=\"p1\">accompagner les \u00ab\u00a0coups de mou\u00a0\u00bb<span class=\"Apple-converted-space\"><br \/>\n<\/span><\/li>\n<li class=\"p1\">aider \u00e0 la prise de d\u00e9cision<span class=\"Apple-converted-space\"><br \/>\n<\/span><\/li>\n<li class=\"p1\">accompagner le changement<\/li>\n<li class=\"p1\">l\u00e2cher prise<span class=\"Apple-converted-space\"><br \/>\n<\/span><\/li>\n<li class=\"p1\">am\u00e9liorer la confiance en soi<span class=\"Apple-converted-space\"><br \/>\n<\/span><\/li>\n<li class=\"p1\">diminuer les pens\u00e9es n\u00e9gatives<span class=\"Apple-converted-space\"><br \/>\n<\/span><\/li>\n<li class=\"p1\">accompagner la sortie d\u2019un burn out<span class=\"Apple-converted-space\"><br \/>\n<\/span><\/li>\n<li class=\"p1\">travailler sur l\u2019hyperactivit\u00e9<span class=\"Apple-converted-space\"><br \/>\n<\/span><\/li>\n<li class=\"p1\">et plus largement quand vous \u00eates dans une p\u00e9riode \u00ab\u00a0compliqu\u00e9e\u00a0\u00bb ou que vous souhaitiez simplement avancer.<\/li>\n<\/ul>\n<h4 class=\"p1\"><strong>G\u00e9obiologue :<\/strong><\/h4>\n<p class=\"p1\">Nos lieux de vie influencent notre bien-\u00eatre et parfois m\u00eame, la r\u00e9ussite de nos projets.\u00a0Par l\u2019action de champs \u00e9nerg\u00e9tiques (cosmotelluriques) li\u00e9e \u00e0 l\u2019environnement, il arrive que cela vienne jusqu\u2019\u00e0 perturber l\u2019organisme humain par des troubles tels que des perturbations du sommeil, de l\u2019\u00e9quilibre physiologique (baisse de tonus)\u00a0 des personnes et\/ou animaux sur les lieux.<\/p>\n<p class=\"p1\">Il s\u2019agira alors de rep\u00e9rer ces nuisances \u00e9nerg\u00e9tiques pouvant \u00eatre nocives pour l\u2019\u00eatre humain, voir m\u00eame capable de d\u00e9clencher des pathologies chroniques s\u00e9v\u00e8res.\u00a0L\u2019intervention du g\u00e9obiologue sert \u00e0 \u00e9liminer ou d\u00e9tourner ces ondes nocives afin d\u2019am\u00e9liorer la qualit\u00e9 vibratoire des lieux et des personnes en pr\u00e9sence.<\/p>\n<p class=\"p1\">Contribuer \u00e0 soigner son lieu de vie contribue tout autant \u00e0 soigner son \u00eatre.<\/p>\n<h4 class=\"p1\"><strong>Magn\u00e9tisme curatif :<\/strong><\/h4>\n<p class=\"p1\">Pratique th\u00e9rapeutique utilisant l\u2019\u00e9nergie magn\u00e9tique de l\u2019homme, pour soulager et gu\u00e9rir certains maux et maladies, physiques et spirituels. Tout \u00eatre vivant est emprunt\u00a0 d\u2019une m\u00eame \u00e9nergie, \u00e0 l\u2019origine m\u00eame de la vie.<\/p>\n<p class=\"p1\">Par apposition des mains et visualisation, je suis amen\u00e9e \u00e0 ressentir certains d\u00e9s\u00e9quilibres \u00e9nerg\u00e9tiques. Le soin magn\u00e9tique consiste \u00e0 aider la personne \u00e0 r\u00e9tablir cet \u00e9quilibre en favorisant\u00a0 la bonne circulation \u00e9nerg\u00e9tique, \u00e0 travers le corps physique (trajet des m\u00e9ridiens) pour un retour \u00e0 la sant\u00e9 et parfois \u00e0 l\u2019\u00e9quilibre psychique.<\/p>\n<p class=\"p1\">\u00ab\u00a0Lorsque l\u2019\u00c2me\u00a0souffre, le corps r\u00e9agit par la maladie (le mal a dit !).\u00a0\u00bb<\/p>\n<p class=\"p1\">Les sympt\u00f4mes sont le reflet de l\u2019\u00e9tat psychoaffectif d\u2019un individu. Le corps est la partie visible de ce qu\u2019il ou elle vit dans sa partie invisible sur les plans psychologiques, affectifs, sentimentaux \u00e9motionnels. Je vais pouvoir soulager la manifestation de ces diff\u00e9rents\u00a0 sympt\u00f4mes et aider la personnes \u00e0 la gestion des r\u00e9percussions sur son bien-\u00eatre physique et psychique.<\/p>\n<p class=\"p1\">\u00a0Voici une liste non exhaustive des sympt\u00f4mes qui peuvent \u00eatre soulag\u00e9s par l\u2019action curative du magn\u00e9tisme\u00a0:<\/p>\n<ul>\n<li class=\"p1\">Manque de confiance en soi<\/li>\n<li class=\"p1\">Gestion des \u00e9motions<\/li>\n<li class=\"p1\">Gestion du stress, anxi\u00e9t\u00e9, angoisse<\/li>\n<li class=\"p1\">Pr\u00e9paration aux examens et entretiens<\/li>\n<li class=\"p1\">Troubles du sommeil<\/li>\n<li class=\"p1\">Probl\u00e8mes de peau<\/li>\n<li class=\"p1\">Douleurs aigu\u00ebs ou chroniques<\/li>\n<li class=\"p1\">Troubles digestifs, respiratoires<\/li>\n<li class=\"p1\">et autres\u2026<\/li>\n<\/ul>\n<p>&nbsp;<\/p>\n<p>Magn\u00e9tisme curatif (\u00e0 distance ou en pr\u00e9sentiel) \u2013 entre 35\u20ac et 70\u20ac<\/p>\n<p>Praticienne Access Bars \u2013 1h \u2013 70\u20ac<\/p>\n<p>Nettoyage de personnes\/lieux \u2013 demande de devis (forfait et tarif\/m2)<\/p>\n<p>Guidance Oracles \u2013 1h 50\u20ac (1 th\u00e9matique) \u2013 1h15 70\u20ac (g\u00e9n\u00e9ral)<\/p>\n","protected":false},"excerpt":{"rendered":"<p>Praticienne Reiki Usui\u00a0:\u00a0 c\u2019est une m\u00e9thode de soin \u00e9nerg\u00e9tique japonaise, effectu\u00e9e par imposition des mains qui permet la lib\u00e9ration des douleurs et blocages, la d\u00e9tente ainsi que le r\u00e9\u00e9quilibrage des aspects physiques, psychiques et \u00e9motionnels de la personne. Praticienne Access&#8230;<\/p>\n","protected":false},"author":1,"featured_media":0,"parent":46,"menu_order":0,"comment_status":"closed","ping_status":"closed","template":"","meta":{"footnotes":""},"class_list":["post-96","page","type-page","status-publish","hentry"],"yoast_head":"<!-- This site is optimized with the Yoast SEO plugin v27.3 - https:\/\/yoast.com\/product\/yoast-seo-wordpress\/ -->\n<title>Soins \u00e9nerg\u00e9tiques - Ame PsyRituElle<\/title>\n<meta name=\"robots\" content=\"index, follow, max-snippet:-1, max-image-preview:large, max-video-preview:-1\" \/>\n<link rel=\"canonical\" href=\"https:\/\/ame-psyrituelle.com\/index.php\/mes-services\/soins-energetiques\/\" \/>\n<meta property=\"og:locale\" content=\"fr_FR\" \/>\n<meta property=\"og:type\" content=\"article\" \/>\n<meta property=\"og:title\" content=\"Soins \u00e9nerg\u00e9tiques - Ame PsyRituElle\" \/>\n<meta property=\"og:description\" content=\"Praticienne Reiki Usui\u00a0:\u00a0 c\u2019est une m\u00e9thode de soin \u00e9nerg\u00e9tique japonaise, effectu\u00e9e par imposition des mains qui permet la lib\u00e9ration des douleurs et blocages, la d\u00e9tente ainsi que le r\u00e9\u00e9quilibrage des aspects physiques, psychiques et \u00e9motionnels de la personne. Praticienne Access...\" \/>\n<meta property=\"og:url\" content=\"https:\/\/ame-psyrituelle.com\/index.php\/mes-services\/soins-energetiques\/\" \/>\n<meta property=\"og:site_name\" content=\"Ame PsyRituElle\" \/>\n<meta property=\"article:publisher\" content=\"https:\/\/www.facebook.com\/Ame-Psyrituelle-102055595373154\/\" \/>\n<meta property=\"article:modified_time\" content=\"2025-08-17T10:35:53+00:00\" \/>\n<meta name=\"twitter:card\" content=\"summary_large_image\" \/>\n<meta name=\"twitter:label1\" content=\"Dur\u00e9e de lecture estim\u00e9e\" \/>\n\t<meta name=\"twitter:data1\" content=\"3 minutes\" \/>\n<script type=\"application\/ld+json\" class=\"yoast-schema-graph\">{\"@context\":\"https:\\\/\\\/schema.org\",\"@graph\":[{\"@type\":\"WebPage\",\"@id\":\"https:\\\/\\\/ame-psyrituelle.com\\\/index.php\\\/mes-services\\\/soins-energetiques\\\/\",\"url\":\"https:\\\/\\\/ame-psyrituelle.com\\\/index.php\\\/mes-services\\\/soins-energetiques\\\/\",\"name\":\"Soins \u00e9nerg\u00e9tiques - Ame PsyRituElle\",\"isPartOf\":{\"@id\":\"https:\\\/\\\/ame-psyrituelle.com\\\/#website\"},\"datePublished\":\"2021-04-22T07:51:33+00:00\",\"dateModified\":\"2025-08-17T10:35:53+00:00\",\"breadcrumb\":{\"@id\":\"https:\\\/\\\/ame-psyrituelle.com\\\/index.php\\\/mes-services\\\/soins-energetiques\\\/#breadcrumb\"},\"inLanguage\":\"fr-FR\",\"potentialAction\":[{\"@type\":\"ReadAction\",\"target\":[\"https:\\\/\\\/ame-psyrituelle.com\\\/index.php\\\/mes-services\\\/soins-energetiques\\\/\"]}]},{\"@type\":\"BreadcrumbList\",\"@id\":\"https:\\\/\\\/ame-psyrituelle.com\\\/index.php\\\/mes-services\\\/soins-energetiques\\\/#breadcrumb\",\"itemListElement\":[{\"@type\":\"ListItem\",\"position\":1,\"name\":\"Accueil\",\"item\":\"https:\\\/\\\/ame-psyrituelle.com\\\/\"},{\"@type\":\"ListItem\",\"position\":2,\"name\":\"Mes services\",\"item\":\"https:\\\/\\\/ame-psyrituelle.com\\\/index.php\\\/mes-services\\\/\"},{\"@type\":\"ListItem\",\"position\":3,\"name\":\"Soins \u00e9nerg\u00e9tiques\"}]},{\"@type\":\"WebSite\",\"@id\":\"https:\\\/\\\/ame-psyrituelle.com\\\/#website\",\"url\":\"https:\\\/\\\/ame-psyrituelle.com\\\/\",\"name\":\"ame-psyrituelle.com\",\"description\":\"Psychoth\u00e9rapies, Hypnoth\u00e9rapies, Soins \u00e9nerg\u00e9tiques \u00e0 Caen en Normandie\",\"publisher\":{\"@id\":\"https:\\\/\\\/ame-psyrituelle.com\\\/#organization\"},\"potentialAction\":[{\"@type\":\"SearchAction\",\"target\":{\"@type\":\"EntryPoint\",\"urlTemplate\":\"https:\\\/\\\/ame-psyrituelle.com\\\/?s={search_term_string}\"},\"query-input\":{\"@type\":\"PropertyValueSpecification\",\"valueRequired\":true,\"valueName\":\"search_term_string\"}}],\"inLanguage\":\"fr-FR\"},{\"@type\":\"Organization\",\"@id\":\"https:\\\/\\\/ame-psyrituelle.com\\\/#organization\",\"name\":\"Ame Psyrituelle\",\"url\":\"https:\\\/\\\/ame-psyrituelle.com\\\/\",\"logo\":{\"@type\":\"ImageObject\",\"inLanguage\":\"fr-FR\",\"@id\":\"https:\\\/\\\/ame-psyrituelle.com\\\/#\\\/schema\\\/logo\\\/image\\\/\",\"url\":\"https:\\\/\\\/ame-psyrituelle.com\\\/wp-content\\\/uploads\\\/2021\\\/04\\\/ame-psy-Logo-big.png\",\"contentUrl\":\"https:\\\/\\\/ame-psyrituelle.com\\\/wp-content\\\/uploads\\\/2021\\\/04\\\/ame-psy-Logo-big.png\",\"width\":1182,\"height\":1182,\"caption\":\"Ame Psyrituelle\"},\"image\":{\"@id\":\"https:\\\/\\\/ame-psyrituelle.com\\\/#\\\/schema\\\/logo\\\/image\\\/\"},\"sameAs\":[\"https:\\\/\\\/www.facebook.com\\\/Ame-Psyrituelle-102055595373154\\\/\",\"https:\\\/\\\/www.instagram.com\\\/mareme.dion\\\/\"]}]}<\/script>\n<!-- \/ Yoast SEO plugin. -->","yoast_head_json":{"title":"Soins \u00e9nerg\u00e9tiques - Ame PsyRituElle","robots":{"index":"index","follow":"follow","max-snippet":"max-snippet:-1","max-image-preview":"max-image-preview:large","max-video-preview":"max-video-preview:-1"},"canonical":"https:\/\/ame-psyrituelle.com\/index.php\/mes-services\/soins-energetiques\/","og_locale":"fr_FR","og_type":"article","og_title":"Soins \u00e9nerg\u00e9tiques - Ame PsyRituElle","og_description":"Praticienne Reiki Usui\u00a0:\u00a0 c\u2019est une m\u00e9thode de soin \u00e9nerg\u00e9tique japonaise, effectu\u00e9e par imposition des mains qui permet la lib\u00e9ration des douleurs et blocages, la d\u00e9tente ainsi que le r\u00e9\u00e9quilibrage des aspects physiques, psychiques et \u00e9motionnels de la personne. Praticienne Access...","og_url":"https:\/\/ame-psyrituelle.com\/index.php\/mes-services\/soins-energetiques\/","og_site_name":"Ame PsyRituElle","article_publisher":"https:\/\/www.facebook.com\/Ame-Psyrituelle-102055595373154\/","article_modified_time":"2025-08-17T10:35:53+00:00","twitter_card":"summary_large_image","twitter_misc":{"Dur\u00e9e de lecture estim\u00e9e":"3 minutes"},"schema":{"@context":"https:\/\/schema.org","@graph":[{"@type":"WebPage","@id":"https:\/\/ame-psyrituelle.com\/index.php\/mes-services\/soins-energetiques\/","url":"https:\/\/ame-psyrituelle.com\/index.php\/mes-services\/soins-energetiques\/","name":"Soins \u00e9nerg\u00e9tiques - Ame PsyRituElle","isPartOf":{"@id":"https:\/\/ame-psyrituelle.com\/#website"},"datePublished":"2021-04-22T07:51:33+00:00","dateModified":"2025-08-17T10:35:53+00:00","breadcrumb":{"@id":"https:\/\/ame-psyrituelle.com\/index.php\/mes-services\/soins-energetiques\/#breadcrumb"},"inLanguage":"fr-FR","potentialAction":[{"@type":"ReadAction","target":["https:\/\/ame-psyrituelle.com\/index.php\/mes-services\/soins-energetiques\/"]}]},{"@type":"BreadcrumbList","@id":"https:\/\/ame-psyrituelle.com\/index.php\/mes-services\/soins-energetiques\/#breadcrumb","itemListElement":[{"@type":"ListItem","position":1,"name":"Accueil","item":"https:\/\/ame-psyrituelle.com\/"},{"@type":"ListItem","position":2,"name":"Mes services","item":"https:\/\/ame-psyrituelle.com\/index.php\/mes-services\/"},{"@type":"ListItem","position":3,"name":"Soins \u00e9nerg\u00e9tiques"}]},{"@type":"WebSite","@id":"https:\/\/ame-psyrituelle.com\/#website","url":"https:\/\/ame-psyrituelle.com\/","name":"ame-psyrituelle.com","description":"Psychoth\u00e9rapies, Hypnoth\u00e9rapies, Soins \u00e9nerg\u00e9tiques \u00e0 Caen en Normandie","publisher":{"@id":"https:\/\/ame-psyrituelle.com\/#organization"},"potentialAction":[{"@type":"SearchAction","target":{"@type":"EntryPoint","urlTemplate":"https:\/\/ame-psyrituelle.com\/?s={search_term_string}"},"query-input":{"@type":"PropertyValueSpecification","valueRequired":true,"valueName":"search_term_string"}}],"inLanguage":"fr-FR"},{"@type":"Organization","@id":"https:\/\/ame-psyrituelle.com\/#organization","name":"Ame Psyrituelle","url":"https:\/\/ame-psyrituelle.com\/","logo":{"@type":"ImageObject","inLanguage":"fr-FR","@id":"https:\/\/ame-psyrituelle.com\/#\/schema\/logo\/image\/","url":"https:\/\/ame-psyrituelle.com\/wp-content\/uploads\/2021\/04\/ame-psy-Logo-big.png","contentUrl":"https:\/\/ame-psyrituelle.com\/wp-content\/uploads\/2021\/04\/ame-psy-Logo-big.png","width":1182,"height":1182,"caption":"Ame Psyrituelle"},"image":{"@id":"https:\/\/ame-psyrituelle.com\/#\/schema\/logo\/image\/"},"sameAs":["https:\/\/www.facebook.com\/Ame-Psyrituelle-102055595373154\/","https:\/\/www.instagram.com\/mareme.dion\/"]}]}},"_links":{"self":[{"href":"https:\/\/ame-psyrituelle.com\/index.php\/wp-json\/wp\/v2\/pages\/96","targetHints":{"allow":["GET"]}}],"collection":[{"href":"https:\/\/ame-psyrituelle.com\/index.php\/wp-json\/wp\/v2\/pages"}],"about":[{"href":"https:\/\/ame-psyrituelle.com\/index.php\/wp-json\/wp\/v2\/types\/page"}],"author":[{"embeddable":true,"href":"https:\/\/ame-psyrituelle.com\/index.php\/wp-json\/wp\/v2\/users\/1"}],"replies":[{"embeddable":true,"href":"https:\/\/ame-psyrituelle.com\/index.php\/wp-json\/wp\/v2\/comments?post=96"}],"version-history":[{"count":3,"href":"https:\/\/ame-psyrituelle.com\/index.php\/wp-json\/wp\/v2\/pages\/96\/revisions"}],"predecessor-version":[{"id":312,"href":"https:\/\/ame-psyrituelle.com\/index.php\/wp-json\/wp\/v2\/pages\/96\/revisions\/312"}],"up":[{"embeddable":true,"href":"https:\/\/ame-psyrituelle.com\/index.php\/wp-json\/wp\/v2\/pages\/46"}],"wp:attachment":[{"href":"https:\/\/ame-psyrituelle.com\/index.php\/wp-json\/wp\/v2\/media?parent=96"}],"curies":[{"name":"wp","href":"https:\/\/api.w.org\/{rel}","templated":true}]}}